{"id":292,"date":"2015-10-28T11:32:37","date_gmt":"2015-10-28T11:32:37","guid":{"rendered":"http:\/\/grupogestorbcn.com\/pymes-2\/"},"modified":"2015-12-06T06:45:27","modified_gmt":"2015-12-06T06:45:27","slug":"pimes","status":"publish","type":"page","link":"https:\/\/grupogestorbcn.com\/ca\/pimes\/","title":{"rendered":"Pimes"},"content":{"rendered":"<p><img loading=\"lazy\" src=\"http:\/\/grupogestorbcn.com\/wp-content\/uploads\/pymes.png\" alt=\"pymes\" width=\"150\" height=\"160\" class=\"alignleft size-full wp-image-157\" \/><\/p>\n<h1>Gestoria i Assessoria per a PIMEs<\/h1>\n<h2>A Grupo Gestor BCN t\u2019ajudem a que la teva activitat empresarial com a <strong>PIME<\/strong> sigui el m\u00e9s f\u00e0cil possible per tal que puguis centrar-te en l\u2019activitat principal que vulguis realitzar.<\/h2>\n<p>&nbsp;<\/p>\n<p>T\u2019aportem la nostra experi\u00e8ncia a l\u2019hora d\u2019informar-te i assessorar-te tant en la definici\u00f3 de les teves iniciatives empresarials com durant els anys d\u2019activitat.<\/p>\n<p>&nbsp;<\/p>\n<h4>El nostre <strong>Pack integral de Gestoria i Assessoria per a PIMEs<\/strong> inclou:<\/h4>\n<p><img loading=\"lazy\" src=\"http:\/\/grupogestorbcn.com\/wp-content\/uploads\/precio-pymes-cat.png\" alt=\"precio-pymes-cat\" width=\"249\" height=\"368\" class=\"alignright size-full wp-image-359 precios-pymes\" srcset=\"https:\/\/grupogestorbcn.com\/wp-content\/uploads\/precio-pymes-cat.png 249w, https:\/\/grupogestorbcn.com\/wp-content\/uploads\/precio-pymes-cat-203x300.png 203w\" sizes=\"(max-width: 249px) 100vw, 249px\" \/><\/p>\n<p>&nbsp;<\/p>\n<table>\n<tr>\n<td>COMPTABLE<\/td>\n<td>Elaboraci\u00f3 de comptabilitat respecte al pla general comptable.<\/td>\n<\/tr>\n<tr>\n<td><\/td>\n<td>Confecci\u00f3 i legalitzaci\u00f3 de llibres comptables.<\/td>\n<\/tr>\n<tr>\n<td><\/td>\n<td>Realitzaci\u00f3 de les Comptes Anuals.<\/td>\n<\/tr>\n<\/table>\n<table>\n<tr>\n<td>FISCAL<\/td>\n<td>Assessorament de les obligacions fiscals de l\u2019empresa.<\/td>\n<\/tr>\n<tr>\n<td><\/td>\n<td>Confecci\u00f3, tramitaci\u00f3 i presentaci\u00f3 de tots els models fiscals necessaris i obligatoris davant l\u2019Ag\u00e8ncia Tribut\u00e0ria.<\/td>\n<\/tr>\n<\/table>\n<table>\n<tr>\n<td>LABORAL<\/td>\n<td>Assessorament sobre gesti\u00f3 laboral i Seguretat Social.<\/td>\n<\/tr>\n<tr>\n<td><\/td>\n<td>Contractaci\u00f3 d\u2019empleats (Altes, modificacions i baixes de contractes, assegurances socials, n\u00f2mines, quitances, tc1, tc2&#8230;)<\/td>\n<\/tr>\n<\/table>\n<p>&nbsp;<br \/>\n&nbsp;<\/p>\n<h4>T&#8217;ajudem amb tot el que necessitis:<\/h4>\n<p>&nbsp;<\/p>\n<div class=\"caja_pymes constitucio-de-societats-crear-empresa-societat-limitada-formar-una-sl\"><a href=\"\/constitucio-de-societats-crear-empresa-societat-limitada-formar-una-sl\"><span>Encara no has iniciat la teva activitat?<\/span><strong>CONSTITUIM LA TEVA SOCIETAT EN 72h<\/strong><\/a><\/div>\n<div class=\"caja_pymes elaboracio-de-nomines\"><a href=\"\/elaboracio-de-nomines\"><span>Problemes amb l&#8217;elaboraci\u00f3 de n\u00f2mines?<\/span><strong>NOSALTRES TE LES GESTIONEM<\/strong><\/a><\/div>\n<div class=\"caja_pymes declaracio-de-la-renda\"><a href=\"\/declaracio-de-la-renda\"><span>Et preocupa la Declaraci\u00f3 de la Renta?<\/span><strong>DEIXA QUE NOSALTRES LA FEM PER TU<\/strong><\/a><\/div>\n<div class=\"caja_pymes problemas-juridicos\"><span>Problemes jur\u00eddics?<\/span><strong>NOSTRES EXPERTS ET DONEN LA SOLUCI\u00d3<\/strong><\/div>\n<p>&nbsp;<\/p>\n<p><img loading=\"lazy\" src=\"http:\/\/grupogestorbcn.com\/wp-content\/uploads\/RED_PAE.png\" alt=\"Punto Oficial RED PAE\" width=\"210\" height=\"133\" class=\"alignright size-full wp-image-72\" \/><\/p>\n<p>&nbsp;<\/p>\n<p><strong>Grupo Gestor BCN \u00e9s punt oficial de la xarxa PAE (Punts d&#8217;Atenci\u00f3 a l&#8217;Emprenedor)<\/strong><br \/>\n&nbsp;<br \/>\nAix\u00f2 ens permet realitzar tramitacions telem\u00e0tiques per la constituci\u00f3 d\u2019empreses, accelerant els processos per tal que els nostres clients puguin comen\u00e7ar la seva activitat empresarial l\u2019abans possible.<\/p>\n","protected":false},"excerpt":{"rendered":"<p>Gestoria i Assessoria per a PIMEs A Grupo Gestor BCN t\u2019ajudem a que la teva activitat empresarial com a PIME sigui el m\u00e9s f\u00e0cil possible per tal que puguis centrar-te en l\u2019activitat principal que vulguis&#8230;<\/p>\n","protected":false},"author":1,"featured_media":0,"parent":0,"menu_order":2,"comment_status":"closed","ping_status":"closed","template":"page-pymes.php","meta":[],"yoast_head":"<!-- This site is optimized with the Yoast SEO plugin v17.4 - https:\/\/yoast.com\/wordpress\/plugins\/seo\/ -->\n<title>Asesor\u00eda y Gestor\u00eda para PYMES en Barcelona | Grupo Gestor BCN<\/title>\n<meta name=\"robots\" content=\"index, follow, max-snippet:-1, max-image-preview:large, max-video-preview:-1\" \/>\n<link rel=\"canonical\" href=\"https:\/\/grupogestorbcn.com\/ca\/pimes\/\" \/>\n<meta property=\"og:locale\" content=\"ca_ES\" \/>\n<meta property=\"og:type\" content=\"article\" \/>\n<meta property=\"og:title\" content=\"Asesor\u00eda y Gestor\u00eda para PYMES en Barcelona | Grupo Gestor BCN\" \/>\n<meta property=\"og:description\" content=\"Gestoria i Assessoria per a PIMEs A Grupo Gestor BCN t\u2019ajudem a que la teva activitat empresarial com a PIME sigui el m\u00e9s f\u00e0cil possible per tal que puguis centrar-te en l\u2019activitat principal que vulguis...\" \/>\n<meta property=\"og:url\" content=\"https:\/\/grupogestorbcn.com\/ca\/pimes\/\" \/>\n<meta property=\"og:site_name\" content=\"Grupo Gestor BCN\" \/>\n<meta property=\"article:publisher\" content=\"https:\/\/www.facebook.com\/grupogestorbcn\/\" \/>\n<meta property=\"article:modified_time\" content=\"2015-12-06T06:45:27+00:00\" \/>\n<meta property=\"og:image\" content=\"http:\/\/grupogestorbcn.com\/wp-content\/uploads\/pymes.png\" \/>\n<meta name=\"twitter:card\" content=\"summary\" \/>\n<meta name=\"twitter:label1\" content=\"Temps estimat de lectura\" \/>\n\t<meta name=\"twitter:data1\" content=\"1 minut\" \/>\n<script type=\"application\/ld+json\" class=\"yoast-schema-graph\">{\"@context\":\"https:\/\/schema.org\",\"@graph\":[{\"@type\":\"WebSite\",\"@id\":\"https:\/\/grupogestorbcn.com\/#website\",\"url\":\"https:\/\/grupogestorbcn.com\/\",\"name\":\"Grupo Gestor BCN\",\"description\":\"Assessoria especialitzada en mat\\u00e8ria comptable, fiscal, laboral i mercantil a Barcelona\",\"potentialAction\":[{\"@type\":\"SearchAction\",\"target\":{\"@type\":\"EntryPoint\",\"urlTemplate\":\"https:\/\/grupogestorbcn.com\/?s={search_term_string}\"},\"query-input\":\"required name=search_term_string\"}],\"inLanguage\":\"ca\"},{\"@type\":\"ImageObject\",\"@id\":\"https:\/\/grupogestorbcn.com\/ca\/pimes\/#primaryimage\",\"inLanguage\":\"ca\",\"url\":\"http:\/\/grupogestorbcn.com\/wp-content\/uploads\/pymes.png\",\"contentUrl\":\"http:\/\/grupogestorbcn.com\/wp-content\/uploads\/pymes.png\"},{\"@type\":\"WebPage\",\"@id\":\"https:\/\/grupogestorbcn.com\/ca\/pimes\/#webpage\",\"url\":\"https:\/\/grupogestorbcn.com\/ca\/pimes\/\",\"name\":\"Asesor\\u00eda y Gestor\\u00eda para PYMES en Barcelona | Grupo Gestor BCN\",\"isPartOf\":{\"@id\":\"https:\/\/grupogestorbcn.com\/#website\"},\"primaryImageOfPage\":{\"@id\":\"https:\/\/grupogestorbcn.com\/ca\/pimes\/#primaryimage\"},\"datePublished\":\"2015-10-28T11:32:37+00:00\",\"dateModified\":\"2015-12-06T06:45:27+00:00\",\"breadcrumb\":{\"@id\":\"https:\/\/grupogestorbcn.com\/ca\/pimes\/#breadcrumb\"},\"inLanguage\":\"ca\",\"potentialAction\":[{\"@type\":\"ReadAction\",\"target\":[\"https:\/\/grupogestorbcn.com\/ca\/pimes\/\"]}]},{\"@type\":\"BreadcrumbList\",\"@id\":\"https:\/\/grupogestorbcn.com\/ca\/pimes\/#breadcrumb\",\"itemListElement\":[{\"@type\":\"ListItem\",\"position\":1,\"name\":\"Portada\",\"item\":\"https:\/\/grupogestorbcn.com\/ca\/\"},{\"@type\":\"ListItem\",\"position\":2,\"name\":\"Pimes\"}]}]}<\/script>\n<!-- \/ Yoast SEO plugin. -->","yoast_head_json":{"title":"Asesor\u00eda y Gestor\u00eda para PYMES en Barcelona | Grupo Gestor BCN","robots":{"index":"index","follow":"follow","max-snippet":"max-snippet:-1","max-image-preview":"max-image-preview:large","max-video-preview":"max-video-preview:-1"},"canonical":"https:\/\/grupogestorbcn.com\/ca\/pimes\/","og_locale":"ca_ES","og_type":"article","og_title":"Asesor\u00eda y Gestor\u00eda para PYMES en Barcelona | Grupo Gestor BCN","og_description":"Gestoria i Assessoria per a PIMEs A Grupo Gestor BCN t\u2019ajudem a que la teva activitat empresarial com a PIME sigui el m\u00e9s f\u00e0cil possible per tal que puguis centrar-te en l\u2019activitat principal que vulguis...","og_url":"https:\/\/grupogestorbcn.com\/ca\/pimes\/","og_site_name":"Grupo Gestor BCN","article_publisher":"https:\/\/www.facebook.com\/grupogestorbcn\/","article_modified_time":"2015-12-06T06:45:27+00:00","og_image":[{"url":"http:\/\/grupogestorbcn.com\/wp-content\/uploads\/pymes.png"}],"twitter_card":"summary","twitter_misc":{"Temps estimat de lectura":"1 minut"},"schema":{"@context":"https:\/\/schema.org","@graph":[{"@type":"WebSite","@id":"https:\/\/grupogestorbcn.com\/#website","url":"https:\/\/grupogestorbcn.com\/","name":"Grupo Gestor BCN","description":"Assessoria especialitzada en mat\u00e8ria comptable, fiscal, laboral i mercantil a Barcelona","potentialAction":[{"@type":"SearchAction","target":{"@type":"EntryPoint","urlTemplate":"https:\/\/grupogestorbcn.com\/?s={search_term_string}"},"query-input":"required name=search_term_string"}],"inLanguage":"ca"},{"@type":"ImageObject","@id":"https:\/\/grupogestorbcn.com\/ca\/pimes\/#primaryimage","inLanguage":"ca","url":"http:\/\/grupogestorbcn.com\/wp-content\/uploads\/pymes.png","contentUrl":"http:\/\/grupogestorbcn.com\/wp-content\/uploads\/pymes.png"},{"@type":"WebPage","@id":"https:\/\/grupogestorbcn.com\/ca\/pimes\/#webpage","url":"https:\/\/grupogestorbcn.com\/ca\/pimes\/","name":"Asesor\u00eda y Gestor\u00eda para PYMES en Barcelona | Grupo Gestor BCN","isPartOf":{"@id":"https:\/\/grupogestorbcn.com\/#website"},"primaryImageOfPage":{"@id":"https:\/\/grupogestorbcn.com\/ca\/pimes\/#primaryimage"},"datePublished":"2015-10-28T11:32:37+00:00","dateModified":"2015-12-06T06:45:27+00:00","breadcrumb":{"@id":"https:\/\/grupogestorbcn.com\/ca\/pimes\/#breadcrumb"},"inLanguage":"ca","potentialAction":[{"@type":"ReadAction","target":["https:\/\/grupogestorbcn.com\/ca\/pimes\/"]}]},{"@type":"BreadcrumbList","@id":"https:\/\/grupogestorbcn.com\/ca\/pimes\/#breadcrumb","itemListElement":[{"@type":"ListItem","position":1,"name":"Portada","item":"https:\/\/grupogestorbcn.com\/ca\/"},{"@type":"ListItem","position":2,"name":"Pimes"}]}]}},"_links":{"self":[{"href":"https:\/\/grupogestorbcn.com\/ca\/wp-json\/wp\/v2\/pages\/292"}],"collection":[{"href":"https:\/\/grupogestorbcn.com\/ca\/wp-json\/wp\/v2\/pages"}],"about":[{"href":"https:\/\/grupogestorbcn.com\/ca\/wp-json\/wp\/v2\/types\/page"}],"author":[{"embeddable":true,"href":"https:\/\/grupogestorbcn.com\/ca\/wp-json\/wp\/v2\/users\/1"}],"replies":[{"embeddable":true,"href":"https:\/\/grupogestorbcn.com\/ca\/wp-json\/wp\/v2\/comments?post=292"}],"version-history":[{"count":17,"href":"https:\/\/grupogestorbcn.com\/ca\/wp-json\/wp\/v2\/pages\/292\/revisions"}],"predecessor-version":[{"id":416,"href":"https:\/\/grupogestorbcn.com\/ca\/wp-json\/wp\/v2\/pages\/292\/revisions\/416"}],"wp:attachment":[{"href":"https:\/\/grupogestorbcn.com\/ca\/wp-json\/wp\/v2\/media?parent=292"}],"curies":[{"name":"wp","href":"https:\/\/api.w.org\/{rel}","templated":true}]}}