{"id":296,"date":"2015-11-05T19:09:55","date_gmt":"2015-11-05T19:09:55","guid":{"rendered":"http:\/\/grupogestorbcn.com\/?page_id=296"},"modified":"2016-03-10T10:12:03","modified_gmt":"2016-03-10T10:12:03","slug":"inici","status":"publish","type":"page","link":"https:\/\/grupogestorbcn.com\/ca\/","title":{"rendered":"Inici"},"content":{"rendered":"<h1><span>Especialistes en mat\u00e8ria<\/span><\/br>comptable, fiscal, laboral i mercantil<\/h1>\n<div id=\"home-boxes\">\n            <a href=\"pimes\" class=\"button pymes\">Pimes<\/a><br \/>\n            <a href=\"autonoms\" class=\"button autonomos\">Aut\u00f2noms<\/a><br \/>\n            <a href=\"emprenedors\" class=\"button emprendedores\">Emprenedors<\/a>\n        <\/div>\n<div id=\"featured-services\">\n<h2>Els nostres serveis m\u00e9s demandats<\/h2>\n<p>                <a href=\"declaracio-de-la-renda\" style=\"width:50%\">Impost sobre la Renda de les Persones F\u00edsiques i sobre el Patrimoni<\/a><a href=\"elaboracio-de-nomines\" style=\"width:40%\">Elaboraci\u00f3 de n\u00f2mines<\/a><a href=\"donarse-dalta-com-autonom-irpf-iva\" style=\"width:40%\">Alta d&#8217;aut\u00f2noms<\/a><a href=\"constitucio-de-societats-crear-empresa-societat-limitada-formar-una-sl\" style=\"width:50%\">Constituci\u00f3 de Societats<\/a><a href=\"packs-dassessoria-integral\" style=\"width:40%\">Packs d&#8217;assessoria integral<\/a>\n       <\/div>\n<p>        <button class=\"open-contact-form\"><i class=\"fa fa-envelope-o\"><\/i>Contacta amb nosaltres<\/button><\/p>\n<div role=\"form\" class=\"wpcf7\" id=\"wpcf7-f342-o1\" lang=\"es-ES\" dir=\"ltr\">\n<div class=\"screen-reader-response\"><p role=\"status\" aria-live=\"polite\" aria-atomic=\"true\"><\/p> <ul><\/ul><\/div>\n<form action=\"\/ca\/wp-json\/wp\/v2\/pages\/296#wpcf7-f342-o1\" method=\"post\" class=\"wpcf7-form init\" novalidate=\"novalidate\" data-status=\"init\">\n<div style=\"display: none;\">\n<input type=\"hidden\" name=\"_wpcf7\" value=\"342\" \/>\n<input type=\"hidden\" name=\"_wpcf7_version\" value=\"5.5.2\" \/>\n<input type=\"hidden\" name=\"_wpcf7_locale\" value=\"es_ES\" \/>\n<input type=\"hidden\" name=\"_wpcf7_unit_tag\" value=\"wpcf7-f342-o1\" \/>\n<input type=\"hidden\" name=\"_wpcf7_container_post\" value=\"0\" \/>\n<input type=\"hidden\" name=\"_wpcf7_posted_data_hash\" value=\"\" \/>\n<input type=\"hidden\" name=\"_wpcf7_recaptcha_response\" value=\"\" \/>\n<\/div>\n<p><span class=\"wpcf7-form-control-wrap nombre\"><input type=\"text\" name=\"nombre\" value=\"\" size=\"40\" class=\"wpcf7-form-control wpcf7-text wpcf7-validates-as-required name\" aria-required=\"true\" aria-invalid=\"false\" placeholder=\"*Nom\" \/><\/span><\/p>\n<p><span class=\"wpcf7-form-control-wrap email\"><input type=\"email\" name=\"email\" value=\"\" size=\"40\" class=\"wpcf7-form-control wpcf7-text wpcf7-email wpcf7-validates-as-required wpcf7-validates-as-email email\" aria-required=\"true\" aria-invalid=\"false\" placeholder=\"*Correu electr\u00f2nic\" \/><\/span><\/p>\n<p><span class=\"wpcf7-form-control-wrap telefono\"><input type=\"tel\" name=\"telefono\" value=\"\" size=\"40\" maxlength=\"9\" minlength=\"8\" class=\"wpcf7-form-control wpcf7-text wpcf7-tel wpcf7-validates-as-required wpcf7-validates-as-tel phone\" aria-required=\"true\" aria-invalid=\"false\" placeholder=\"*Tel\u00e8fon\" \/><\/span><\/p>\n<p><span class=\"wpcf7-form-control-wrap mensaje\"><textarea name=\"mensaje\" cols=\"40\" rows=\"10\" class=\"wpcf7-form-control wpcf7-textarea wpcf7-validates-as-required message\" aria-required=\"true\" aria-invalid=\"false\" placeholder=\"*Missatge\"><\/textarea><\/span><\/p>\n\n<p><br><\/p>\n<p><input type=\"submit\" value=\"Enviar\" class=\"wpcf7-form-control has-spinner wpcf7-submit\" \/><\/p>\n<div class=\"wpcf7-response-output\" aria-hidden=\"true\"><\/div><\/form><\/div>\n","protected":false},"excerpt":{"rendered":"<p>Especialistes en mat\u00e8riacomptable, fiscal, laboral i mercantil Pimes Aut\u00f2noms Emprenedors Els nostres serveis m\u00e9s demandats Impost sobre la Renda de les Persones F\u00edsiques i sobre el PatrimoniElaboraci\u00f3 de n\u00f2minesAlta d&#8217;aut\u00f2nomsConstituci\u00f3 de SocietatsPacks d&#8217;assessoria integral Contacta&#8230;<\/p>\n","protected":false},"author":1,"featured_media":0,"parent":0,"menu_order":1,"comment_status":"closed","ping_status":"closed","template":"","meta":[],"yoast_head":"<!-- This site is optimized with the Yoast SEO plugin v17.4 - https:\/\/yoast.com\/wordpress\/plugins\/seo\/ -->\n<title>Gestoria i Assessoria Fiscal - Grupo Gestor BCN\u00a0<\/title>\n<meta name=\"description\" content=\"Especialistes en mat\u00e8ria comptable, fiscal, laboral i mercantil per a Pimes i Aut\u00f2noms. Constituci\u00f3 de societats, IRPF, Alta Aut\u00f2noms, N\u00f2mines, etc.\" \/>\n<meta name=\"robots\" content=\"index, follow, max-snippet:-1, max-image-preview:large, max-video-preview:-1\" \/>\n<link rel=\"canonical\" href=\"https:\/\/grupogestorbcn.com\/ca\/\" \/>\n<meta property=\"og:locale\" content=\"ca_ES\" \/>\n<meta property=\"og:type\" content=\"article\" \/>\n<meta property=\"og:title\" content=\"Gestoria i Assessoria Fiscal - Grupo Gestor BCN\u00a0\" \/>\n<meta property=\"og:description\" content=\"Especialistes en mat\u00e8ria comptable, fiscal, laboral i mercantil per a Pimes i Aut\u00f2noms. Constituci\u00f3 de societats, IRPF, Alta Aut\u00f2noms, N\u00f2mines, etc.\" \/>\n<meta property=\"og:url\" content=\"https:\/\/grupogestorbcn.com\/ca\/\" \/>\n<meta property=\"og:site_name\" content=\"Grupo Gestor BCN\" \/>\n<meta property=\"article:publisher\" content=\"https:\/\/www.facebook.com\/grupogestorbcn\/\" \/>\n<meta property=\"article:modified_time\" content=\"2016-03-10T10:12:03+00:00\" \/>\n<meta name=\"twitter:card\" content=\"summary\" \/>\n<script type=\"application\/ld+json\" class=\"yoast-schema-graph\">{\"@context\":\"https:\/\/schema.org\",\"@graph\":[{\"@type\":\"WebSite\",\"@id\":\"https:\/\/grupogestorbcn.com\/#website\",\"url\":\"https:\/\/grupogestorbcn.com\/\",\"name\":\"Grupo Gestor BCN\",\"description\":\"Assessoria especialitzada en mat\\u00e8ria comptable, fiscal, laboral i mercantil a Barcelona\",\"potentialAction\":[{\"@type\":\"SearchAction\",\"target\":{\"@type\":\"EntryPoint\",\"urlTemplate\":\"https:\/\/grupogestorbcn.com\/?s={search_term_string}\"},\"query-input\":\"required name=search_term_string\"}],\"inLanguage\":\"ca\"},{\"@type\":\"WebPage\",\"@id\":\"https:\/\/grupogestorbcn.com\/ca\/#webpage\",\"url\":\"https:\/\/grupogestorbcn.com\/ca\/\",\"name\":\"Gestoria i Assessoria Fiscal - Grupo Gestor BCN\\u00a0\",\"isPartOf\":{\"@id\":\"https:\/\/grupogestorbcn.com\/#website\"},\"datePublished\":\"2015-11-05T19:09:55+00:00\",\"dateModified\":\"2016-03-10T10:12:03+00:00\",\"description\":\"Especialistes en mat\\u00e8ria comptable, fiscal, laboral i mercantil per a Pimes i Aut\\u00f2noms. Constituci\\u00f3 de societats, IRPF, Alta Aut\\u00f2noms, N\\u00f2mines, etc.\",\"breadcrumb\":{\"@id\":\"https:\/\/grupogestorbcn.com\/ca\/#breadcrumb\"},\"inLanguage\":\"ca\",\"potentialAction\":[{\"@type\":\"ReadAction\",\"target\":[\"https:\/\/grupogestorbcn.com\/ca\/\"]}]},{\"@type\":\"BreadcrumbList\",\"@id\":\"https:\/\/grupogestorbcn.com\/ca\/#breadcrumb\",\"itemListElement\":[{\"@type\":\"ListItem\",\"position\":1,\"name\":\"Portada\",\"item\":\"https:\/\/grupogestorbcn.com\/ca\/\"},{\"@type\":\"ListItem\",\"position\":2,\"name\":\"Inici\"}]}]}<\/script>\n<!-- \/ Yoast SEO plugin. -->","yoast_head_json":{"title":"Gestoria i Assessoria Fiscal - Grupo Gestor BCN\u00a0","description":"Especialistes en mat\u00e8ria comptable, fiscal, laboral i mercantil per a Pimes i Aut\u00f2noms. Constituci\u00f3 de societats, IRPF, Alta Aut\u00f2noms, N\u00f2mines, etc.","robots":{"index":"index","follow":"follow","max-snippet":"max-snippet:-1","max-image-preview":"max-image-preview:large","max-video-preview":"max-video-preview:-1"},"canonical":"https:\/\/grupogestorbcn.com\/ca\/","og_locale":"ca_ES","og_type":"article","og_title":"Gestoria i Assessoria Fiscal - Grupo Gestor BCN\u00a0","og_description":"Especialistes en mat\u00e8ria comptable, fiscal, laboral i mercantil per a Pimes i Aut\u00f2noms. Constituci\u00f3 de societats, IRPF, Alta Aut\u00f2noms, N\u00f2mines, etc.","og_url":"https:\/\/grupogestorbcn.com\/ca\/","og_site_name":"Grupo Gestor BCN","article_publisher":"https:\/\/www.facebook.com\/grupogestorbcn\/","article_modified_time":"2016-03-10T10:12:03+00:00","twitter_card":"summary","schema":{"@context":"https:\/\/schema.org","@graph":[{"@type":"WebSite","@id":"https:\/\/grupogestorbcn.com\/#website","url":"https:\/\/grupogestorbcn.com\/","name":"Grupo Gestor BCN","description":"Assessoria especialitzada en mat\u00e8ria comptable, fiscal, laboral i mercantil a Barcelona","potentialAction":[{"@type":"SearchAction","target":{"@type":"EntryPoint","urlTemplate":"https:\/\/grupogestorbcn.com\/?s={search_term_string}"},"query-input":"required name=search_term_string"}],"inLanguage":"ca"},{"@type":"WebPage","@id":"https:\/\/grupogestorbcn.com\/ca\/#webpage","url":"https:\/\/grupogestorbcn.com\/ca\/","name":"Gestoria i Assessoria Fiscal - Grupo Gestor BCN\u00a0","isPartOf":{"@id":"https:\/\/grupogestorbcn.com\/#website"},"datePublished":"2015-11-05T19:09:55+00:00","dateModified":"2016-03-10T10:12:03+00:00","description":"Especialistes en mat\u00e8ria comptable, fiscal, laboral i mercantil per a Pimes i Aut\u00f2noms. Constituci\u00f3 de societats, IRPF, Alta Aut\u00f2noms, N\u00f2mines, etc.","breadcrumb":{"@id":"https:\/\/grupogestorbcn.com\/ca\/#breadcrumb"},"inLanguage":"ca","potentialAction":[{"@type":"ReadAction","target":["https:\/\/grupogestorbcn.com\/ca\/"]}]},{"@type":"BreadcrumbList","@id":"https:\/\/grupogestorbcn.com\/ca\/#breadcrumb","itemListElement":[{"@type":"ListItem","position":1,"name":"Portada","item":"https:\/\/grupogestorbcn.com\/ca\/"},{"@type":"ListItem","position":2,"name":"Inici"}]}]}},"_links":{"self":[{"href":"https:\/\/grupogestorbcn.com\/ca\/wp-json\/wp\/v2\/pages\/296"}],"collection":[{"href":"https:\/\/grupogestorbcn.com\/ca\/wp-json\/wp\/v2\/pages"}],"about":[{"href":"https:\/\/grupogestorbcn.com\/ca\/wp-json\/wp\/v2\/types\/page"}],"author":[{"embeddable":true,"href":"https:\/\/grupogestorbcn.com\/ca\/wp-json\/wp\/v2\/users\/1"}],"replies":[{"embeddable":true,"href":"https:\/\/grupogestorbcn.com\/ca\/wp-json\/wp\/v2\/comments?post=296"}],"version-history":[{"count":5,"href":"https:\/\/grupogestorbcn.com\/ca\/wp-json\/wp\/v2\/pages\/296\/revisions"}],"predecessor-version":[{"id":420,"href":"https:\/\/grupogestorbcn.com\/ca\/wp-json\/wp\/v2\/pages\/296\/revisions\/420"}],"wp:attachment":[{"href":"https:\/\/grupogestorbcn.com\/ca\/wp-json\/wp\/v2\/media?parent=296"}],"curies":[{"name":"wp","href":"https:\/\/api.w.org\/{rel}","templated":true}]}}