{"id":300,"date":"2015-11-06T08:01:51","date_gmt":"2015-11-06T08:01:51","guid":{"rendered":"http:\/\/grupogestorbcn.com\/?page_id=300"},"modified":"2015-12-06T06:49:23","modified_gmt":"2015-12-06T06:49:23","slug":"autonoms","status":"publish","type":"page","link":"https:\/\/grupogestorbcn.com\/ca\/autonoms\/","title":{"rendered":"Aut\u00f2noms"},"content":{"rendered":"<p><img loading=\"lazy\" src=\"http:\/\/grupogestorbcn.com\/wp-content\/uploads\/autonomos.png\" alt=\"autonomos\" width=\"150\" height=\"160\" class=\"alignleft size-full wp-image-42\" \/><\/p>\n<h1>Gestoria i assessoria per a Aut\u00f2noms<\/h1>\n<h2>A Grupo Gestor BCN t\u2019ajudem a que la teva activitat empresarial com <strong>aut\u00f2nom<\/strong> sigui el m\u00e9s f\u00e0cil possible per tal que puguis centrar-te en l\u2019activitat principal que vulguis realitzar.<\/h2>\n<p>&nbsp;<\/p>\n<p>T\u2019aportem la nostra experi\u00e8ncia a l\u2019hora d\u2019informar-te i assessorar-te tant en la definici\u00f3 de les teves iniciatives empresarials com durant els anys d\u2019activitat.<\/p>\n<p>&nbsp;<\/p>\n<h4>El nostre <strong>Pack integral de Gestoria y Assessoria per a Aut\u00f2noms<\/strong> inclou:<\/h4>\n<p><img loading=\"lazy\" src=\"http:\/\/grupogestorbcn.com\/wp-content\/uploads\/precio-autonomos-cat.png\" alt=\"precio-autonomos-cat\" width=\"249\" height=\"368\" class=\"alignright size-full wp-image-361 precios-autonomos\" srcset=\"https:\/\/grupogestorbcn.com\/wp-content\/uploads\/precio-autonomos-cat.png 249w, https:\/\/grupogestorbcn.com\/wp-content\/uploads\/precio-autonomos-cat-203x300.png 203w\" sizes=\"(max-width: 249px) 100vw, 249px\" \/><\/p>\n<p>&nbsp;<\/p>\n<table>\n<tr>\n<td>COMPTABLE<\/td>\n<td>Elaboraci\u00f3 de comptabilitat respecte al pla general comptable.<\/td>\n<\/tr>\n<\/table>\n<table>\n<tr>\n<td>FISCAL<\/td>\n<td>Assessorament de les obligacions fiscals.<\/td>\n<\/tr>\n<tr>\n<td><\/td>\n<td>Confecci\u00f3, tramitaci\u00f3 i presentaci\u00f3 de tots els models fiscals necessaris i obligatoris davant l\u2019Ag\u00e8ncia Tribut\u00e0ria.<\/td>\n<\/tr>\n<\/table>\n<table>\n<tr>\n<td>LABORAL<\/td>\n<td>Assessorament sobre gesti\u00f3 laboral i Seguretat Social.<\/td>\n<\/tr>\n<tr>\n<td><\/td>\n<td>Contractaci\u00f3 d\u2019empleats (Altes, modificacions i baixes de contractes, assegurances socials, n\u00f2mines, quitances, tc1, tc2&#8230;).<\/td>\n<\/tr>\n<\/table>\n<p>&nbsp;<br \/>\n&nbsp;<br \/>\n&nbsp;<br \/>\n&nbsp;<\/p>\n<h4>T\u2019ajudarem en tot el que necessitis:<\/h4>\n<div class=\"caja_autonomos donarse-dalta-com-autonom-irpf-iva\"><a href=\"\/donarse-dalta-com-autonom-irpf-iva\"><span>Encara no has iniciat la teva activitat?<\/span><strong>ET DONEM D\u2019ALTA D\u2019AUT\u00d2NOM<\/strong><\/a><\/div>\n<div class=\"caja_autonomos elaboracio-de-nomines\"><a href=\"\/elaboracio-de-nomines\"><span>Problemes amb l&#8217;elaboraci\u00f3 de n\u00f2mines?<\/span><strong>NOSALTRES TE LES GESTIONEM<\/strong><\/a><\/div>\n<div class=\"caja_autonomos declaracio-de-la-renda\"><a href=\"\/declaracio-de-la-renda\"><span>Et preocupa la Declaraci\u00f3 de la Renta?<\/span><strong>DEIXA QUE NOSALTRES LA FEM PER TU<\/strong><\/a><\/div>\n<div class=\"caja_autonomos problemas-juridicos\"><span>Problemes jur\u00eddics?<\/span><strong>NOSTRES EXPERTS ET DONEN LA SOLUCI\u00d3<\/strong><\/div>\n<p>&nbsp;<\/p>\n<p><img loading=\"lazy\" src=\"http:\/\/grupogestorbcn.com\/wp-content\/uploads\/RED_PAE.png\" alt=\"Punto Oficial RED PAE\" width=\"210\" height=\"133\" class=\"alignright size-full wp-image-72\" \/><\/p>\n<p>&nbsp;<\/p>\n<p><strong>Grupo Gestor BCN \u00e9s punt oficial de la xarxa PAE (Punts d&#8217;Atenci\u00f3 a l&#8217;Emprenedor)<\/strong><br \/>\n&nbsp;<br \/>\nAix\u00f2 ens permet realitzar tramitacions telem\u00e0tiques per a la constituci\u00f3 d&#8217;empreses i accelerar els processos perqu\u00e8 els nostres clients puguin comen\u00e7ar la seva activitat empresarial el m\u00e9s aviat possible.<\/p>\n","protected":false},"excerpt":{"rendered":"<p>Gestoria i assessoria per a Aut\u00f2noms A Grupo Gestor BCN t\u2019ajudem a que la teva activitat empresarial com aut\u00f2nom sigui el m\u00e9s f\u00e0cil possible per tal que puguis centrar-te en l\u2019activitat principal que vulguis realitzar&#8230;.<\/p>\n","protected":false},"author":1,"featured_media":0,"parent":0,"menu_order":3,"comment_status":"closed","ping_status":"closed","template":"page-autonomos.php","meta":[],"yoast_head":"<!-- This site is optimized with the Yoast SEO plugin v17.4 - https:\/\/yoast.com\/wordpress\/plugins\/seo\/ -->\n<title>Aut\u00f2noms - Grupo Gestor BCN - Assessoria especialitzada en mat\u00e8ria comptable, fiscal, laboral i mercantil a Barcelona<\/title>\n<meta name=\"robots\" content=\"index, follow, max-snippet:-1, max-image-preview:large, max-video-preview:-1\" \/>\n<link rel=\"canonical\" href=\"https:\/\/grupogestorbcn.com\/ca\/autonoms\/\" \/>\n<meta property=\"og:locale\" content=\"ca_ES\" \/>\n<meta property=\"og:type\" content=\"article\" \/>\n<meta property=\"og:title\" content=\"Aut\u00f2noms - Grupo Gestor BCN - Assessoria especialitzada en mat\u00e8ria comptable, fiscal, laboral i mercantil a Barcelona\" \/>\n<meta property=\"og:description\" content=\"Gestoria i assessoria per a Aut\u00f2noms A Grupo Gestor BCN t\u2019ajudem a que la teva activitat empresarial com aut\u00f2nom sigui el m\u00e9s f\u00e0cil possible per tal que puguis centrar-te en l\u2019activitat principal que vulguis realitzar....\" \/>\n<meta property=\"og:url\" content=\"https:\/\/grupogestorbcn.com\/ca\/autonoms\/\" \/>\n<meta property=\"og:site_name\" content=\"Grupo Gestor BCN\" \/>\n<meta property=\"article:publisher\" content=\"https:\/\/www.facebook.com\/grupogestorbcn\/\" \/>\n<meta property=\"article:modified_time\" content=\"2015-12-06T06:49:23+00:00\" \/>\n<meta property=\"og:image\" content=\"http:\/\/grupogestorbcn.com\/wp-content\/uploads\/autonomos.png\" \/>\n<meta name=\"twitter:card\" content=\"summary\" \/>\n<meta name=\"twitter:label1\" content=\"Temps estimat de lectura\" \/>\n\t<meta name=\"twitter:data1\" content=\"1 minut\" \/>\n<script type=\"application\/ld+json\" class=\"yoast-schema-graph\">{\"@context\":\"https:\/\/schema.org\",\"@graph\":[{\"@type\":\"WebSite\",\"@id\":\"https:\/\/grupogestorbcn.com\/#website\",\"url\":\"https:\/\/grupogestorbcn.com\/\",\"name\":\"Grupo Gestor BCN\",\"description\":\"Assessoria especialitzada en mat\\u00e8ria comptable, fiscal, laboral i mercantil a Barcelona\",\"potentialAction\":[{\"@type\":\"SearchAction\",\"target\":{\"@type\":\"EntryPoint\",\"urlTemplate\":\"https:\/\/grupogestorbcn.com\/?s={search_term_string}\"},\"query-input\":\"required name=search_term_string\"}],\"inLanguage\":\"ca\"},{\"@type\":\"ImageObject\",\"@id\":\"https:\/\/grupogestorbcn.com\/ca\/autonoms\/#primaryimage\",\"inLanguage\":\"ca\",\"url\":\"http:\/\/grupogestorbcn.com\/wp-content\/uploads\/autonomos.png\",\"contentUrl\":\"http:\/\/grupogestorbcn.com\/wp-content\/uploads\/autonomos.png\"},{\"@type\":\"WebPage\",\"@id\":\"https:\/\/grupogestorbcn.com\/ca\/autonoms\/#webpage\",\"url\":\"https:\/\/grupogestorbcn.com\/ca\/autonoms\/\",\"name\":\"Aut\\u00f2noms - Grupo Gestor BCN - Assessoria especialitzada en mat\\u00e8ria comptable, fiscal, laboral i mercantil a Barcelona\",\"isPartOf\":{\"@id\":\"https:\/\/grupogestorbcn.com\/#website\"},\"primaryImageOfPage\":{\"@id\":\"https:\/\/grupogestorbcn.com\/ca\/autonoms\/#primaryimage\"},\"datePublished\":\"2015-11-06T08:01:51+00:00\",\"dateModified\":\"2015-12-06T06:49:23+00:00\",\"breadcrumb\":{\"@id\":\"https:\/\/grupogestorbcn.com\/ca\/autonoms\/#breadcrumb\"},\"inLanguage\":\"ca\",\"potentialAction\":[{\"@type\":\"ReadAction\",\"target\":[\"https:\/\/grupogestorbcn.com\/ca\/autonoms\/\"]}]},{\"@type\":\"BreadcrumbList\",\"@id\":\"https:\/\/grupogestorbcn.com\/ca\/autonoms\/#breadcrumb\",\"itemListElement\":[{\"@type\":\"ListItem\",\"position\":1,\"name\":\"Portada\",\"item\":\"https:\/\/grupogestorbcn.com\/ca\/\"},{\"@type\":\"ListItem\",\"position\":2,\"name\":\"Aut\\u00f2noms\"}]}]}<\/script>\n<!-- \/ Yoast SEO plugin. -->","yoast_head_json":{"title":"Aut\u00f2noms - Grupo Gestor BCN - Assessoria especialitzada en mat\u00e8ria comptable, fiscal, laboral i mercantil a Barcelona","robots":{"index":"index","follow":"follow","max-snippet":"max-snippet:-1","max-image-preview":"max-image-preview:large","max-video-preview":"max-video-preview:-1"},"canonical":"https:\/\/grupogestorbcn.com\/ca\/autonoms\/","og_locale":"ca_ES","og_type":"article","og_title":"Aut\u00f2noms - Grupo Gestor BCN - Assessoria especialitzada en mat\u00e8ria comptable, fiscal, laboral i mercantil a Barcelona","og_description":"Gestoria i assessoria per a Aut\u00f2noms A Grupo Gestor BCN t\u2019ajudem a que la teva activitat empresarial com aut\u00f2nom sigui el m\u00e9s f\u00e0cil possible per tal que puguis centrar-te en l\u2019activitat principal que vulguis realitzar....","og_url":"https:\/\/grupogestorbcn.com\/ca\/autonoms\/","og_site_name":"Grupo Gestor BCN","article_publisher":"https:\/\/www.facebook.com\/grupogestorbcn\/","article_modified_time":"2015-12-06T06:49:23+00:00","og_image":[{"url":"http:\/\/grupogestorbcn.com\/wp-content\/uploads\/autonomos.png"}],"twitter_card":"summary","twitter_misc":{"Temps estimat de lectura":"1 minut"},"schema":{"@context":"https:\/\/schema.org","@graph":[{"@type":"WebSite","@id":"https:\/\/grupogestorbcn.com\/#website","url":"https:\/\/grupogestorbcn.com\/","name":"Grupo Gestor BCN","description":"Assessoria especialitzada en mat\u00e8ria comptable, fiscal, laboral i mercantil a Barcelona","potentialAction":[{"@type":"SearchAction","target":{"@type":"EntryPoint","urlTemplate":"https:\/\/grupogestorbcn.com\/?s={search_term_string}"},"query-input":"required name=search_term_string"}],"inLanguage":"ca"},{"@type":"ImageObject","@id":"https:\/\/grupogestorbcn.com\/ca\/autonoms\/#primaryimage","inLanguage":"ca","url":"http:\/\/grupogestorbcn.com\/wp-content\/uploads\/autonomos.png","contentUrl":"http:\/\/grupogestorbcn.com\/wp-content\/uploads\/autonomos.png"},{"@type":"WebPage","@id":"https:\/\/grupogestorbcn.com\/ca\/autonoms\/#webpage","url":"https:\/\/grupogestorbcn.com\/ca\/autonoms\/","name":"Aut\u00f2noms - Grupo Gestor BCN - Assessoria especialitzada en mat\u00e8ria comptable, fiscal, laboral i mercantil a Barcelona","isPartOf":{"@id":"https:\/\/grupogestorbcn.com\/#website"},"primaryImageOfPage":{"@id":"https:\/\/grupogestorbcn.com\/ca\/autonoms\/#primaryimage"},"datePublished":"2015-11-06T08:01:51+00:00","dateModified":"2015-12-06T06:49:23+00:00","breadcrumb":{"@id":"https:\/\/grupogestorbcn.com\/ca\/autonoms\/#breadcrumb"},"inLanguage":"ca","potentialAction":[{"@type":"ReadAction","target":["https:\/\/grupogestorbcn.com\/ca\/autonoms\/"]}]},{"@type":"BreadcrumbList","@id":"https:\/\/grupogestorbcn.com\/ca\/autonoms\/#breadcrumb","itemListElement":[{"@type":"ListItem","position":1,"name":"Portada","item":"https:\/\/grupogestorbcn.com\/ca\/"},{"@type":"ListItem","position":2,"name":"Aut\u00f2noms"}]}]}},"_links":{"self":[{"href":"https:\/\/grupogestorbcn.com\/ca\/wp-json\/wp\/v2\/pages\/300"}],"collection":[{"href":"https:\/\/grupogestorbcn.com\/ca\/wp-json\/wp\/v2\/pages"}],"about":[{"href":"https:\/\/grupogestorbcn.com\/ca\/wp-json\/wp\/v2\/types\/page"}],"author":[{"embeddable":true,"href":"https:\/\/grupogestorbcn.com\/ca\/wp-json\/wp\/v2\/users\/1"}],"replies":[{"embeddable":true,"href":"https:\/\/grupogestorbcn.com\/ca\/wp-json\/wp\/v2\/comments?post=300"}],"version-history":[{"count":6,"href":"https:\/\/grupogestorbcn.com\/ca\/wp-json\/wp\/v2\/pages\/300\/revisions"}],"predecessor-version":[{"id":418,"href":"https:\/\/grupogestorbcn.com\/ca\/wp-json\/wp\/v2\/pages\/300\/revisions\/418"}],"wp:attachment":[{"href":"https:\/\/grupogestorbcn.com\/ca\/wp-json\/wp\/v2\/media?parent=300"}],"curies":[{"name":"wp","href":"https:\/\/api.w.org\/{rel}","templated":true}]}}