{"id":302,"date":"2015-11-06T08:06:45","date_gmt":"2015-11-06T08:06:45","guid":{"rendered":"http:\/\/grupogestorbcn.com\/?page_id=302"},"modified":"2015-12-06T06:49:31","modified_gmt":"2015-12-06T06:49:31","slug":"emprenedors","status":"publish","type":"page","link":"https:\/\/grupogestorbcn.com\/ca\/emprenedors\/","title":{"rendered":"Emprenedors"},"content":{"rendered":"<p><img loading=\"lazy\" src=\"http:\/\/grupogestorbcn.com\/wp-content\/uploads\/emprendedores.png\" alt=\"emprendedores\" width=\"150\" height=\"160\" class=\"alignleft size-full wp-image-43\" \/><\/p>\n<h1>Soluci\u00f3 per a emprenedors<\/h1>\n<h2>A Grupo Gestor BCN t\u2019ajudem a crear la teva EMPRESA o a donar-te d\u2019alta com aut\u00f2nom i a iniciar el teu projecte com <strong>emprenedor<\/strong> per tal que puguis centrar-te en l\u2019activitat principal que vulguis realitzar.<\/h2>\n<p>&nbsp;<\/p>\n<p>T\u2019aportem la nostra experi\u00e8ncia a l\u2019hora d\u2019informar-te i assessorar-te tant en la definici\u00f3 de les teves iniciatives empresarials com durant els anys d\u2019activitat.<\/p>\n<p>&nbsp;<\/p>\n<p><a href=\"http:\/\/grupogestorbcn.com\/ca\/constitucio-de-societats-crear-empresa-societat-limitada-formar-una-sl\/\"><img loading=\"lazy\" src=\"http:\/\/grupogestorbcn.com\/wp-content\/uploads\/precio-constitucion-sociedades-verde-cat.png\" alt=\"precio-constitucion-sociedades-verde-cat\" width=\"368\" height=\"143\" class=\"alignleft size-full wp-image-365 precios-emprendedores\" srcset=\"https:\/\/grupogestorbcn.com\/wp-content\/uploads\/precio-constitucion-sociedades-verde-cat.png 368w, https:\/\/grupogestorbcn.com\/wp-content\/uploads\/precio-constitucion-sociedades-verde-cat-300x117.png 300w\" sizes=\"(max-width: 368px) 100vw, 368px\" \/><\/a><a href=\"http:\/\/grupogestorbcn.com\/ca\/donarse-dalta-com-autonom-irpf-iva\/\"><img loading=\"lazy\" src=\"http:\/\/grupogestorbcn.com\/wp-content\/uploads\/precio-alta-autonomos-verde-cat.png\" alt=\"precio-alta-autonomos-verde-cat\" width=\"368\" height=\"143\" class=\"alignleft size-full wp-image-364 precios-emprendedores\" style=\"float:none\" srcset=\"https:\/\/grupogestorbcn.com\/wp-content\/uploads\/precio-alta-autonomos-verde-cat.png 368w, https:\/\/grupogestorbcn.com\/wp-content\/uploads\/precio-alta-autonomos-verde-cat-300x117.png 300w\" sizes=\"(max-width: 368px) 100vw, 368px\" \/><\/a><\/p>\n<p>&nbsp;<\/p>\n<h3>Assessorament addicional<\/h3>\n<p>A Grupo Gestor BCN tamb\u00e9 podem assessorar-te de forma integral en <b>MATERIA COMPTABLE, FISCAL I LABORAL<\/b>. <\/p>\n<a href=\"\/ca\/packs-dassessoria-integral\" class=\"boton_packs\"><i class=\"fa fa-codepen\"><\/i> Veure tots els packs d'assessoria integral<\/a>\n<p>&nbsp;<\/p>\n<p><img loading=\"lazy\" src=\"http:\/\/grupogestorbcn.com\/wp-content\/uploads\/RED_PAE.png\" alt=\"Punto Oficial RED PAE\" width=\"210\" height=\"133\" class=\"alignright size-full wp-image-72\" \/><\/p>\n<p>&nbsp;<\/p>\n<p><strong>Grupo Gestor BCN \u00e9s punt oficial de la xarxa PAE (Punts d&#8217;Atenci\u00f3 a l&#8217;Emprenedor)<\/strong><br \/>\n&nbsp;<br \/>\nAix\u00f2 ens permet realitzar tramitacions telem\u00e0tiques per a la constituci\u00f3 d&#8217;empreses i accelerar els processos perqu\u00e8 els nostres clients puguin comen\u00e7ar la seva activitat empresarial el m\u00e9s aviat possible.<\/p>\n","protected":false},"excerpt":{"rendered":"<p>Soluci\u00f3 per a emprenedors A Grupo Gestor BCN t\u2019ajudem a crear la teva EMPRESA o a donar-te d\u2019alta com aut\u00f2nom i a iniciar el teu projecte com emprenedor per tal que puguis centrar-te en l\u2019activitat&#8230;<\/p>\n","protected":false},"author":1,"featured_media":0,"parent":0,"menu_order":4,"comment_status":"closed","ping_status":"closed","template":"page-emprendedores.php","meta":[],"yoast_head":"<!-- This site is optimized with the Yoast SEO plugin v17.4 - https:\/\/yoast.com\/wordpress\/plugins\/seo\/ -->\n<title>Emprenedors - Grupo Gestor BCN - Assessoria especialitzada en mat\u00e8ria comptable, fiscal, laboral i mercantil a Barcelona<\/title>\n<meta name=\"robots\" content=\"index, follow, max-snippet:-1, max-image-preview:large, max-video-preview:-1\" \/>\n<link rel=\"canonical\" href=\"https:\/\/grupogestorbcn.com\/ca\/emprenedors\/\" \/>\n<meta property=\"og:locale\" content=\"ca_ES\" \/>\n<meta property=\"og:type\" content=\"article\" \/>\n<meta property=\"og:title\" content=\"Emprenedors - Grupo Gestor BCN - Assessoria especialitzada en mat\u00e8ria comptable, fiscal, laboral i mercantil a Barcelona\" \/>\n<meta property=\"og:description\" content=\"Soluci\u00f3 per a emprenedors A Grupo Gestor BCN t\u2019ajudem a crear la teva EMPRESA o a donar-te d\u2019alta com aut\u00f2nom i a iniciar el teu projecte com emprenedor per tal que puguis centrar-te en l\u2019activitat...\" \/>\n<meta property=\"og:url\" content=\"https:\/\/grupogestorbcn.com\/ca\/emprenedors\/\" \/>\n<meta property=\"og:site_name\" content=\"Grupo Gestor BCN\" \/>\n<meta property=\"article:publisher\" content=\"https:\/\/www.facebook.com\/grupogestorbcn\/\" \/>\n<meta property=\"article:modified_time\" content=\"2015-12-06T06:49:31+00:00\" \/>\n<meta property=\"og:image\" content=\"http:\/\/grupogestorbcn.com\/wp-content\/uploads\/emprendedores.png\" \/>\n<meta name=\"twitter:card\" content=\"summary\" \/>\n<meta name=\"twitter:label1\" content=\"Temps estimat de lectura\" \/>\n\t<meta name=\"twitter:data1\" content=\"1 minut\" \/>\n<script type=\"application\/ld+json\" class=\"yoast-schema-graph\">{\"@context\":\"https:\/\/schema.org\",\"@graph\":[{\"@type\":\"WebSite\",\"@id\":\"https:\/\/grupogestorbcn.com\/#website\",\"url\":\"https:\/\/grupogestorbcn.com\/\",\"name\":\"Grupo Gestor BCN\",\"description\":\"Assessoria especialitzada en mat\\u00e8ria comptable, fiscal, laboral i mercantil a Barcelona\",\"potentialAction\":[{\"@type\":\"SearchAction\",\"target\":{\"@type\":\"EntryPoint\",\"urlTemplate\":\"https:\/\/grupogestorbcn.com\/?s={search_term_string}\"},\"query-input\":\"required name=search_term_string\"}],\"inLanguage\":\"ca\"},{\"@type\":\"ImageObject\",\"@id\":\"https:\/\/grupogestorbcn.com\/ca\/emprenedors\/#primaryimage\",\"inLanguage\":\"ca\",\"url\":\"http:\/\/grupogestorbcn.com\/wp-content\/uploads\/emprendedores.png\",\"contentUrl\":\"http:\/\/grupogestorbcn.com\/wp-content\/uploads\/emprendedores.png\"},{\"@type\":\"WebPage\",\"@id\":\"https:\/\/grupogestorbcn.com\/ca\/emprenedors\/#webpage\",\"url\":\"https:\/\/grupogestorbcn.com\/ca\/emprenedors\/\",\"name\":\"Emprenedors - Grupo Gestor BCN - Assessoria especialitzada en mat\\u00e8ria comptable, fiscal, laboral i mercantil a Barcelona\",\"isPartOf\":{\"@id\":\"https:\/\/grupogestorbcn.com\/#website\"},\"primaryImageOfPage\":{\"@id\":\"https:\/\/grupogestorbcn.com\/ca\/emprenedors\/#primaryimage\"},\"datePublished\":\"2015-11-06T08:06:45+00:00\",\"dateModified\":\"2015-12-06T06:49:31+00:00\",\"breadcrumb\":{\"@id\":\"https:\/\/grupogestorbcn.com\/ca\/emprenedors\/#breadcrumb\"},\"inLanguage\":\"ca\",\"potentialAction\":[{\"@type\":\"ReadAction\",\"target\":[\"https:\/\/grupogestorbcn.com\/ca\/emprenedors\/\"]}]},{\"@type\":\"BreadcrumbList\",\"@id\":\"https:\/\/grupogestorbcn.com\/ca\/emprenedors\/#breadcrumb\",\"itemListElement\":[{\"@type\":\"ListItem\",\"position\":1,\"name\":\"Portada\",\"item\":\"https:\/\/grupogestorbcn.com\/ca\/\"},{\"@type\":\"ListItem\",\"position\":2,\"name\":\"Emprenedors\"}]}]}<\/script>\n<!-- \/ Yoast SEO plugin. -->","yoast_head_json":{"title":"Emprenedors - Grupo Gestor BCN - Assessoria especialitzada en mat\u00e8ria comptable, fiscal, laboral i mercantil a Barcelona","robots":{"index":"index","follow":"follow","max-snippet":"max-snippet:-1","max-image-preview":"max-image-preview:large","max-video-preview":"max-video-preview:-1"},"canonical":"https:\/\/grupogestorbcn.com\/ca\/emprenedors\/","og_locale":"ca_ES","og_type":"article","og_title":"Emprenedors - Grupo Gestor BCN - Assessoria especialitzada en mat\u00e8ria comptable, fiscal, laboral i mercantil a Barcelona","og_description":"Soluci\u00f3 per a emprenedors A Grupo Gestor BCN t\u2019ajudem a crear la teva EMPRESA o a donar-te d\u2019alta com aut\u00f2nom i a iniciar el teu projecte com emprenedor per tal que puguis centrar-te en l\u2019activitat...","og_url":"https:\/\/grupogestorbcn.com\/ca\/emprenedors\/","og_site_name":"Grupo Gestor BCN","article_publisher":"https:\/\/www.facebook.com\/grupogestorbcn\/","article_modified_time":"2015-12-06T06:49:31+00:00","og_image":[{"url":"http:\/\/grupogestorbcn.com\/wp-content\/uploads\/emprendedores.png"}],"twitter_card":"summary","twitter_misc":{"Temps estimat de lectura":"1 minut"},"schema":{"@context":"https:\/\/schema.org","@graph":[{"@type":"WebSite","@id":"https:\/\/grupogestorbcn.com\/#website","url":"https:\/\/grupogestorbcn.com\/","name":"Grupo Gestor BCN","description":"Assessoria especialitzada en mat\u00e8ria comptable, fiscal, laboral i mercantil a Barcelona","potentialAction":[{"@type":"SearchAction","target":{"@type":"EntryPoint","urlTemplate":"https:\/\/grupogestorbcn.com\/?s={search_term_string}"},"query-input":"required name=search_term_string"}],"inLanguage":"ca"},{"@type":"ImageObject","@id":"https:\/\/grupogestorbcn.com\/ca\/emprenedors\/#primaryimage","inLanguage":"ca","url":"http:\/\/grupogestorbcn.com\/wp-content\/uploads\/emprendedores.png","contentUrl":"http:\/\/grupogestorbcn.com\/wp-content\/uploads\/emprendedores.png"},{"@type":"WebPage","@id":"https:\/\/grupogestorbcn.com\/ca\/emprenedors\/#webpage","url":"https:\/\/grupogestorbcn.com\/ca\/emprenedors\/","name":"Emprenedors - Grupo Gestor BCN - Assessoria especialitzada en mat\u00e8ria comptable, fiscal, laboral i mercantil a Barcelona","isPartOf":{"@id":"https:\/\/grupogestorbcn.com\/#website"},"primaryImageOfPage":{"@id":"https:\/\/grupogestorbcn.com\/ca\/emprenedors\/#primaryimage"},"datePublished":"2015-11-06T08:06:45+00:00","dateModified":"2015-12-06T06:49:31+00:00","breadcrumb":{"@id":"https:\/\/grupogestorbcn.com\/ca\/emprenedors\/#breadcrumb"},"inLanguage":"ca","potentialAction":[{"@type":"ReadAction","target":["https:\/\/grupogestorbcn.com\/ca\/emprenedors\/"]}]},{"@type":"BreadcrumbList","@id":"https:\/\/grupogestorbcn.com\/ca\/emprenedors\/#breadcrumb","itemListElement":[{"@type":"ListItem","position":1,"name":"Portada","item":"https:\/\/grupogestorbcn.com\/ca\/"},{"@type":"ListItem","position":2,"name":"Emprenedors"}]}]}},"_links":{"self":[{"href":"https:\/\/grupogestorbcn.com\/ca\/wp-json\/wp\/v2\/pages\/302"}],"collection":[{"href":"https:\/\/grupogestorbcn.com\/ca\/wp-json\/wp\/v2\/pages"}],"about":[{"href":"https:\/\/grupogestorbcn.com\/ca\/wp-json\/wp\/v2\/types\/page"}],"author":[{"embeddable":true,"href":"https:\/\/grupogestorbcn.com\/ca\/wp-json\/wp\/v2\/users\/1"}],"replies":[{"embeddable":true,"href":"https:\/\/grupogestorbcn.com\/ca\/wp-json\/wp\/v2\/comments?post=302"}],"version-history":[{"count":7,"href":"https:\/\/grupogestorbcn.com\/ca\/wp-json\/wp\/v2\/pages\/302\/revisions"}],"predecessor-version":[{"id":419,"href":"https:\/\/grupogestorbcn.com\/ca\/wp-json\/wp\/v2\/pages\/302\/revisions\/419"}],"wp:attachment":[{"href":"https:\/\/grupogestorbcn.com\/ca\/wp-json\/wp\/v2\/media?parent=302"}],"curies":[{"name":"wp","href":"https:\/\/api.w.org\/{rel}","templated":true}]}}