{"id":304,"date":"2015-11-06T08:17:53","date_gmt":"2015-11-06T08:17:53","guid":{"rendered":"http:\/\/grupogestorbcn.com\/?page_id=304"},"modified":"2015-11-06T08:17:53","modified_gmt":"2015-11-06T08:17:53","slug":"comptable","status":"publish","type":"page","link":"https:\/\/grupogestorbcn.com\/ca\/comptable\/","title":{"rendered":"Comptable"},"content":{"rendered":"<h1>Assessorament comptable<\/h1>\n<h2>A Grupo Gestor BCN t\u2019ajudem a que la teva activitat empresarial sigui el m\u00e9s f\u00e0cil possible<\/br> no havent-te de preocupar per cap de les obligacions <strong>comptables<\/strong> del dia a dia.<\/h2>\n<p>&nbsp;<\/p>\n<p>A Grupo Gestor BCN tenim \u00e0mplia experi\u00e8ncia en assessorament comptable a empreses i empresaris.<\/p>\n<p>&nbsp;<\/p>\n<h4>Els nostres serveis inclouen:<\/h4>\n<p>&nbsp;<\/p>\n<h3>Assessorament general:<\/h3>\n<ul>\n<li><span>Assessorament en mat\u00e8ria comptable.<\/span><\/li>\n<li><span>Trasllat d\u2019informaci\u00f3 amb car\u00e0cter puntual o peri\u00f2dic.<\/span><\/li>\n<li><span>Presentaci\u00f3 provisional al client de resultats, abans d\u2019efectuar el tancament fiscal de l\u2019exercici.<\/span><\/li>\n<\/ul>\n<h3>Elaboraci\u00f3 dels llibres oficials i legalitzaci\u00f3 davant del registre mercantil:<\/h3>\n<ul>\n<li><span>Llibre d\u2019Ingressos i Despeses <span>(nom\u00e9s persones f\u00edsiques)<\/span>.<\/span><\/li>\n<li><span>Llibre Diari i Llibre d\u2019Inventaris i Balan\u00e7os <span>(nom\u00e9s entitats mercantils)<\/span>.<\/span><\/li>\n<li><span>Registre de factures emeses i rebudes.<\/span><\/li>\n<li><span>Libre de bens d\u2019inversi\u00f3.<\/span><\/li>\n<\/ul>\n<h3>Confecci\u00f3 i presentaci\u00f3 tant de l\u2019Impost de Societats com de la declaraci\u00f3 de pagaments a compte.<\/h3>\n<h3>Confecci\u00f3 i presentaci\u00f3 de Comptes Anuals (Balan\u00e7 de situaci\u00f3, p\u00e8rdues i guanys, mem\u00f2ria, etc.)<\/h3>\n<h3>Altres tr\u00e0mits que necessiti.<\/h3>\n<p>&nbsp;<\/p>\n<h3>Assessorament addicional<\/h3>\n<p>A Grupo Gestor BCN tamb\u00e9 podem assessorar-te de forma integral en <b>MATERIA COMPTABLE, FISCAL I LABORAL<\/b>. <\/p>\n<a href=\"\/ca\/packs-dassessoria-integral\" class=\"boton_packs\"><i class=\"fa fa-codepen\"><\/i> Veure tots els packs d'assessoria integral<\/a>\n","protected":false},"excerpt":{"rendered":"<p>Assessorament comptable A Grupo Gestor BCN t\u2019ajudem a que la teva activitat empresarial sigui el m\u00e9s f\u00e0cil possible no havent-te de preocupar per cap de les obligacions comptables del dia a dia. &nbsp; A Grupo&#8230;<\/p>\n","protected":false},"author":1,"featured_media":0,"parent":0,"menu_order":5,"comment_status":"closed","ping_status":"closed","template":"page-simple.php","meta":[],"yoast_head":"<!-- This site is optimized with the Yoast SEO plugin v17.4 - https:\/\/yoast.com\/wordpress\/plugins\/seo\/ -->\n<title>Comptable - Grupo Gestor BCN - Assessoria especialitzada en mat\u00e8ria comptable, fiscal, laboral i mercantil a Barcelona<\/title>\n<meta name=\"robots\" content=\"index, follow, max-snippet:-1, max-image-preview:large, max-video-preview:-1\" \/>\n<link rel=\"canonical\" href=\"https:\/\/grupogestorbcn.com\/ca\/comptable\/\" \/>\n<meta property=\"og:locale\" content=\"ca_ES\" \/>\n<meta property=\"og:type\" content=\"article\" \/>\n<meta property=\"og:title\" content=\"Comptable - Grupo Gestor BCN - Assessoria especialitzada en mat\u00e8ria comptable, fiscal, laboral i mercantil a Barcelona\" \/>\n<meta property=\"og:description\" content=\"Assessorament comptable A Grupo Gestor BCN t\u2019ajudem a que la teva activitat empresarial sigui el m\u00e9s f\u00e0cil possible no havent-te de preocupar per cap de les obligacions comptables del dia a dia. &nbsp; A Grupo...\" \/>\n<meta property=\"og:url\" content=\"https:\/\/grupogestorbcn.com\/ca\/comptable\/\" \/>\n<meta property=\"og:site_name\" content=\"Grupo Gestor BCN\" \/>\n<meta property=\"article:publisher\" content=\"https:\/\/www.facebook.com\/grupogestorbcn\/\" \/>\n<meta name=\"twitter:card\" content=\"summary\" \/>\n<meta name=\"twitter:label1\" content=\"Temps estimat de lectura\" \/>\n\t<meta name=\"twitter:data1\" content=\"1 minut\" \/>\n<script type=\"application\/ld+json\" class=\"yoast-schema-graph\">{\"@context\":\"https:\/\/schema.org\",\"@graph\":[{\"@type\":\"WebSite\",\"@id\":\"https:\/\/grupogestorbcn.com\/#website\",\"url\":\"https:\/\/grupogestorbcn.com\/\",\"name\":\"Grupo Gestor BCN\",\"description\":\"Assessoria especialitzada en mat\\u00e8ria comptable, fiscal, laboral i mercantil a Barcelona\",\"potentialAction\":[{\"@type\":\"SearchAction\",\"target\":{\"@type\":\"EntryPoint\",\"urlTemplate\":\"https:\/\/grupogestorbcn.com\/?s={search_term_string}\"},\"query-input\":\"required name=search_term_string\"}],\"inLanguage\":\"ca\"},{\"@type\":\"WebPage\",\"@id\":\"https:\/\/grupogestorbcn.com\/ca\/comptable\/#webpage\",\"url\":\"https:\/\/grupogestorbcn.com\/ca\/comptable\/\",\"name\":\"Comptable - Grupo Gestor BCN - Assessoria especialitzada en mat\\u00e8ria comptable, fiscal, laboral i mercantil a Barcelona\",\"isPartOf\":{\"@id\":\"https:\/\/grupogestorbcn.com\/#website\"},\"datePublished\":\"2015-11-06T08:17:53+00:00\",\"dateModified\":\"2015-11-06T08:17:53+00:00\",\"breadcrumb\":{\"@id\":\"https:\/\/grupogestorbcn.com\/ca\/comptable\/#breadcrumb\"},\"inLanguage\":\"ca\",\"potentialAction\":[{\"@type\":\"ReadAction\",\"target\":[\"https:\/\/grupogestorbcn.com\/ca\/comptable\/\"]}]},{\"@type\":\"BreadcrumbList\",\"@id\":\"https:\/\/grupogestorbcn.com\/ca\/comptable\/#breadcrumb\",\"itemListElement\":[{\"@type\":\"ListItem\",\"position\":1,\"name\":\"Portada\",\"item\":\"https:\/\/grupogestorbcn.com\/ca\/\"},{\"@type\":\"ListItem\",\"position\":2,\"name\":\"Comptable\"}]}]}<\/script>\n<!-- \/ Yoast SEO plugin. -->","yoast_head_json":{"title":"Comptable - Grupo Gestor BCN - Assessoria especialitzada en mat\u00e8ria comptable, fiscal, laboral i mercantil a Barcelona","robots":{"index":"index","follow":"follow","max-snippet":"max-snippet:-1","max-image-preview":"max-image-preview:large","max-video-preview":"max-video-preview:-1"},"canonical":"https:\/\/grupogestorbcn.com\/ca\/comptable\/","og_locale":"ca_ES","og_type":"article","og_title":"Comptable - Grupo Gestor BCN - Assessoria especialitzada en mat\u00e8ria comptable, fiscal, laboral i mercantil a Barcelona","og_description":"Assessorament comptable A Grupo Gestor BCN t\u2019ajudem a que la teva activitat empresarial sigui el m\u00e9s f\u00e0cil possible no havent-te de preocupar per cap de les obligacions comptables del dia a dia. &nbsp; A Grupo...","og_url":"https:\/\/grupogestorbcn.com\/ca\/comptable\/","og_site_name":"Grupo Gestor BCN","article_publisher":"https:\/\/www.facebook.com\/grupogestorbcn\/","twitter_card":"summary","twitter_misc":{"Temps estimat de lectura":"1 minut"},"schema":{"@context":"https:\/\/schema.org","@graph":[{"@type":"WebSite","@id":"https:\/\/grupogestorbcn.com\/#website","url":"https:\/\/grupogestorbcn.com\/","name":"Grupo Gestor BCN","description":"Assessoria especialitzada en mat\u00e8ria comptable, fiscal, laboral i mercantil a Barcelona","potentialAction":[{"@type":"SearchAction","target":{"@type":"EntryPoint","urlTemplate":"https:\/\/grupogestorbcn.com\/?s={search_term_string}"},"query-input":"required name=search_term_string"}],"inLanguage":"ca"},{"@type":"WebPage","@id":"https:\/\/grupogestorbcn.com\/ca\/comptable\/#webpage","url":"https:\/\/grupogestorbcn.com\/ca\/comptable\/","name":"Comptable - Grupo Gestor BCN - Assessoria especialitzada en mat\u00e8ria comptable, fiscal, laboral i mercantil a Barcelona","isPartOf":{"@id":"https:\/\/grupogestorbcn.com\/#website"},"datePublished":"2015-11-06T08:17:53+00:00","dateModified":"2015-11-06T08:17:53+00:00","breadcrumb":{"@id":"https:\/\/grupogestorbcn.com\/ca\/comptable\/#breadcrumb"},"inLanguage":"ca","potentialAction":[{"@type":"ReadAction","target":["https:\/\/grupogestorbcn.com\/ca\/comptable\/"]}]},{"@type":"BreadcrumbList","@id":"https:\/\/grupogestorbcn.com\/ca\/comptable\/#breadcrumb","itemListElement":[{"@type":"ListItem","position":1,"name":"Portada","item":"https:\/\/grupogestorbcn.com\/ca\/"},{"@type":"ListItem","position":2,"name":"Comptable"}]}]}},"_links":{"self":[{"href":"https:\/\/grupogestorbcn.com\/ca\/wp-json\/wp\/v2\/pages\/304"}],"collection":[{"href":"https:\/\/grupogestorbcn.com\/ca\/wp-json\/wp\/v2\/pages"}],"about":[{"href":"https:\/\/grupogestorbcn.com\/ca\/wp-json\/wp\/v2\/types\/page"}],"author":[{"embeddable":true,"href":"https:\/\/grupogestorbcn.com\/ca\/wp-json\/wp\/v2\/users\/1"}],"replies":[{"embeddable":true,"href":"https:\/\/grupogestorbcn.com\/ca\/wp-json\/wp\/v2\/comments?post=304"}],"version-history":[{"count":1,"href":"https:\/\/grupogestorbcn.com\/ca\/wp-json\/wp\/v2\/pages\/304\/revisions"}],"predecessor-version":[{"id":305,"href":"https:\/\/grupogestorbcn.com\/ca\/wp-json\/wp\/v2\/pages\/304\/revisions\/305"}],"wp:attachment":[{"href":"https:\/\/grupogestorbcn.com\/ca\/wp-json\/wp\/v2\/media?parent=304"}],"curies":[{"name":"wp","href":"https:\/\/api.w.org\/{rel}","templated":true}]}}