{"id":306,"date":"2015-11-06T08:22:10","date_gmt":"2015-11-06T08:22:10","guid":{"rendered":"http:\/\/grupogestorbcn.com\/?page_id=306"},"modified":"2015-11-06T08:22:10","modified_gmt":"2015-11-06T08:22:10","slug":"fiscal-2","status":"publish","type":"page","link":"https:\/\/grupogestorbcn.com\/ca\/fiscal-2\/","title":{"rendered":"Fiscal"},"content":{"rendered":"<h1>Assessorament Fiscal<\/h1>\n<h2>A Grupo Gestor BCN t\u2019ajudem a que la teva activitat empresarial sigui el m\u00e9s f\u00e0cil possible<\/br> no havent-te de preocupar per cap de les obligacions <strong>fiscals<\/strong> del dia a dia.<\/h2>\n<p>&nbsp;<\/p>\n<p>A Grupo Gestor BCN tenim \u00e0mplia experi\u00e8ncia en assessorament fiscal a empreses i empresaris.<\/p>\n<p>&nbsp;<\/p>\n<h4>Els nostres serveis inclouen:<\/h4>\n<p>&nbsp;<\/p>\n<h3>Assessorament i gesti\u00f3 integral de les obligacions fiscals de l\u2019empresa.<\/h3>\n<h3>Assessorament jur\u00eddic.<\/h3>\n<h3>An\u00e0lisis de l\u2019evoluci\u00f3 de l\u2019activitat empresarial i planificaci\u00f3 fiscal amb l\u2019objectiu d\u2019optimitzar els beneficis i reduir la c\u00e0rrega tribut\u00e0ria.<\/h3>\n<h3>Confecci\u00f3 i presentaci\u00f3 de Declaracions i Impostos peri\u00f2dics (trimestrals i anuals).<\/h3>\n<h3>Confecci\u00f3 i presentaci\u00f3 d\u2019expedients de sol\u00b7licitud d\u2019apla\u00e7aments o fraccionaments d\u2019impostos.<\/h3>\n<h3>Impost de Societates \/ Renda<\/h3>\n<p>&nbsp;<\/p>\n<h3>Assessorament addicional<\/h3>\n<p>A Grupo Gestor BCN tamb\u00e9 podem assessorar-te de forma integral en <b>MATERIA COMPTABLE, FISCAL I LABORAL<\/b>. <\/p>\n<a href=\"\/ca\/packs-dassessoria-integral\" class=\"boton_packs\"><i class=\"fa fa-codepen\"><\/i> Veure tots els packs d'assessoria integral<\/a>\n","protected":false},"excerpt":{"rendered":"<p>Assessorament Fiscal A Grupo Gestor BCN t\u2019ajudem a que la teva activitat empresarial sigui el m\u00e9s f\u00e0cil possible no havent-te de preocupar per cap de les obligacions fiscals del dia a dia. &nbsp; A Grupo&#8230;<\/p>\n","protected":false},"author":1,"featured_media":0,"parent":0,"menu_order":6,"comment_status":"closed","ping_status":"closed","template":"page-simple.php","meta":[],"yoast_head":"<!-- This site is optimized with the Yoast SEO plugin v17.4 - https:\/\/yoast.com\/wordpress\/plugins\/seo\/ -->\n<title>Fiscal - Grupo Gestor BCN - Assessoria especialitzada en mat\u00e8ria comptable, fiscal, laboral i mercantil a Barcelona<\/title>\n<meta name=\"robots\" content=\"index, follow, max-snippet:-1, max-image-preview:large, max-video-preview:-1\" \/>\n<link rel=\"canonical\" href=\"https:\/\/grupogestorbcn.com\/ca\/fiscal-2\/\" \/>\n<meta property=\"og:locale\" content=\"ca_ES\" \/>\n<meta property=\"og:type\" content=\"article\" \/>\n<meta property=\"og:title\" content=\"Fiscal - Grupo Gestor BCN - Assessoria especialitzada en mat\u00e8ria comptable, fiscal, laboral i mercantil a Barcelona\" \/>\n<meta property=\"og:description\" content=\"Assessorament Fiscal A Grupo Gestor BCN t\u2019ajudem a que la teva activitat empresarial sigui el m\u00e9s f\u00e0cil possible no havent-te de preocupar per cap de les obligacions fiscals del dia a dia. &nbsp; A Grupo...\" \/>\n<meta property=\"og:url\" content=\"https:\/\/grupogestorbcn.com\/ca\/fiscal-2\/\" \/>\n<meta property=\"og:site_name\" content=\"Grupo Gestor BCN\" \/>\n<meta property=\"article:publisher\" content=\"https:\/\/www.facebook.com\/grupogestorbcn\/\" \/>\n<meta name=\"twitter:card\" content=\"summary\" \/>\n<meta name=\"twitter:label1\" content=\"Temps estimat de lectura\" \/>\n\t<meta name=\"twitter:data1\" content=\"1 minut\" \/>\n<script type=\"application\/ld+json\" class=\"yoast-schema-graph\">{\"@context\":\"https:\/\/schema.org\",\"@graph\":[{\"@type\":\"WebSite\",\"@id\":\"https:\/\/grupogestorbcn.com\/#website\",\"url\":\"https:\/\/grupogestorbcn.com\/\",\"name\":\"Grupo Gestor BCN\",\"description\":\"Assessoria especialitzada en mat\\u00e8ria comptable, fiscal, laboral i mercantil a Barcelona\",\"potentialAction\":[{\"@type\":\"SearchAction\",\"target\":{\"@type\":\"EntryPoint\",\"urlTemplate\":\"https:\/\/grupogestorbcn.com\/?s={search_term_string}\"},\"query-input\":\"required name=search_term_string\"}],\"inLanguage\":\"ca\"},{\"@type\":\"WebPage\",\"@id\":\"https:\/\/grupogestorbcn.com\/ca\/fiscal-2\/#webpage\",\"url\":\"https:\/\/grupogestorbcn.com\/ca\/fiscal-2\/\",\"name\":\"Fiscal - Grupo Gestor BCN - Assessoria especialitzada en mat\\u00e8ria comptable, fiscal, laboral i mercantil a Barcelona\",\"isPartOf\":{\"@id\":\"https:\/\/grupogestorbcn.com\/#website\"},\"datePublished\":\"2015-11-06T08:22:10+00:00\",\"dateModified\":\"2015-11-06T08:22:10+00:00\",\"breadcrumb\":{\"@id\":\"https:\/\/grupogestorbcn.com\/ca\/fiscal-2\/#breadcrumb\"},\"inLanguage\":\"ca\",\"potentialAction\":[{\"@type\":\"ReadAction\",\"target\":[\"https:\/\/grupogestorbcn.com\/ca\/fiscal-2\/\"]}]},{\"@type\":\"BreadcrumbList\",\"@id\":\"https:\/\/grupogestorbcn.com\/ca\/fiscal-2\/#breadcrumb\",\"itemListElement\":[{\"@type\":\"ListItem\",\"position\":1,\"name\":\"Portada\",\"item\":\"https:\/\/grupogestorbcn.com\/ca\/\"},{\"@type\":\"ListItem\",\"position\":2,\"name\":\"Fiscal\"}]}]}<\/script>\n<!-- \/ Yoast SEO plugin. -->","yoast_head_json":{"title":"Fiscal - Grupo Gestor BCN - Assessoria especialitzada en mat\u00e8ria comptable, fiscal, laboral i mercantil a Barcelona","robots":{"index":"index","follow":"follow","max-snippet":"max-snippet:-1","max-image-preview":"max-image-preview:large","max-video-preview":"max-video-preview:-1"},"canonical":"https:\/\/grupogestorbcn.com\/ca\/fiscal-2\/","og_locale":"ca_ES","og_type":"article","og_title":"Fiscal - Grupo Gestor BCN - Assessoria especialitzada en mat\u00e8ria comptable, fiscal, laboral i mercantil a Barcelona","og_description":"Assessorament Fiscal A Grupo Gestor BCN t\u2019ajudem a que la teva activitat empresarial sigui el m\u00e9s f\u00e0cil possible no havent-te de preocupar per cap de les obligacions fiscals del dia a dia. &nbsp; A Grupo...","og_url":"https:\/\/grupogestorbcn.com\/ca\/fiscal-2\/","og_site_name":"Grupo Gestor BCN","article_publisher":"https:\/\/www.facebook.com\/grupogestorbcn\/","twitter_card":"summary","twitter_misc":{"Temps estimat de lectura":"1 minut"},"schema":{"@context":"https:\/\/schema.org","@graph":[{"@type":"WebSite","@id":"https:\/\/grupogestorbcn.com\/#website","url":"https:\/\/grupogestorbcn.com\/","name":"Grupo Gestor BCN","description":"Assessoria especialitzada en mat\u00e8ria comptable, fiscal, laboral i mercantil a Barcelona","potentialAction":[{"@type":"SearchAction","target":{"@type":"EntryPoint","urlTemplate":"https:\/\/grupogestorbcn.com\/?s={search_term_string}"},"query-input":"required name=search_term_string"}],"inLanguage":"ca"},{"@type":"WebPage","@id":"https:\/\/grupogestorbcn.com\/ca\/fiscal-2\/#webpage","url":"https:\/\/grupogestorbcn.com\/ca\/fiscal-2\/","name":"Fiscal - Grupo Gestor BCN - Assessoria especialitzada en mat\u00e8ria comptable, fiscal, laboral i mercantil a Barcelona","isPartOf":{"@id":"https:\/\/grupogestorbcn.com\/#website"},"datePublished":"2015-11-06T08:22:10+00:00","dateModified":"2015-11-06T08:22:10+00:00","breadcrumb":{"@id":"https:\/\/grupogestorbcn.com\/ca\/fiscal-2\/#breadcrumb"},"inLanguage":"ca","potentialAction":[{"@type":"ReadAction","target":["https:\/\/grupogestorbcn.com\/ca\/fiscal-2\/"]}]},{"@type":"BreadcrumbList","@id":"https:\/\/grupogestorbcn.com\/ca\/fiscal-2\/#breadcrumb","itemListElement":[{"@type":"ListItem","position":1,"name":"Portada","item":"https:\/\/grupogestorbcn.com\/ca\/"},{"@type":"ListItem","position":2,"name":"Fiscal"}]}]}},"_links":{"self":[{"href":"https:\/\/grupogestorbcn.com\/ca\/wp-json\/wp\/v2\/pages\/306"}],"collection":[{"href":"https:\/\/grupogestorbcn.com\/ca\/wp-json\/wp\/v2\/pages"}],"about":[{"href":"https:\/\/grupogestorbcn.com\/ca\/wp-json\/wp\/v2\/types\/page"}],"author":[{"embeddable":true,"href":"https:\/\/grupogestorbcn.com\/ca\/wp-json\/wp\/v2\/users\/1"}],"replies":[{"embeddable":true,"href":"https:\/\/grupogestorbcn.com\/ca\/wp-json\/wp\/v2\/comments?post=306"}],"version-history":[{"count":1,"href":"https:\/\/grupogestorbcn.com\/ca\/wp-json\/wp\/v2\/pages\/306\/revisions"}],"predecessor-version":[{"id":307,"href":"https:\/\/grupogestorbcn.com\/ca\/wp-json\/wp\/v2\/pages\/306\/revisions\/307"}],"wp:attachment":[{"href":"https:\/\/grupogestorbcn.com\/ca\/wp-json\/wp\/v2\/media?parent=306"}],"curies":[{"name":"wp","href":"https:\/\/api.w.org\/{rel}","templated":true}]}}