{"id":308,"date":"2015-11-06T08:28:11","date_gmt":"2015-11-06T08:28:11","guid":{"rendered":"http:\/\/grupogestorbcn.com\/?page_id=308"},"modified":"2016-06-15T08:35:53","modified_gmt":"2016-06-15T08:35:53","slug":"laboral-2","status":"publish","type":"page","link":"https:\/\/grupogestorbcn.com\/ca\/laboral-2\/","title":{"rendered":"Laboral"},"content":{"rendered":"<h1>Assessorament laboral<\/h1>\n<h2>A Grupo Gestor BCN t\u2019ajudem no havent-te de preocupar per cap dels<\/br> aspectes <strong>laborals<\/strong> del dia a dia.<\/h2>\n<p>&nbsp;<\/p>\n<p>A Grupo Gestor BCN tenim \u00e0mplia experi\u00e8ncia en assessorament laboral a empreses i empresaris.<\/p>\n<p>&nbsp;<\/p>\n<h4>Els nostres serveis inclouen:<\/h4>\n<p>&nbsp;<\/p>\n<h3>Assessorament i defensa jur\u00eddica<\/h3>\n<ul>\n<li><span>Assessorament a empreses, aut\u00f2noms i treballadors.<\/span><\/li>\n<li><span>Assessorament legal en conting\u00e8ncies laborals: sancions, acomiadaments, vagues, accidents laborals.<\/span><\/li>\n<li><span>Defensa legal davant la inspecci\u00f3 de treball, CMAC i Jutjat de lo social.<\/span><\/li>\n<li><span>Defensa legal i pericial m\u00e8dica davant el Jutjat de lo social per motiu d\u2019accident laboral.<\/span><\/li>\n<\/ul>\n<h3>Administraci\u00f3 de personal<\/h3>\n<ul>\n<li><span>Confecci\u00f3 i presentaci\u00f3 dels contractes de treball del personal de la teva empresa mitjan\u00e7ant el <strong>sistema Contrat@<\/strong>.<\/span><\/li>\n<li><span>Tramitaci\u00f3 i presentaci\u00f3 de les cotitzacions dels treballadors i de la seva carta de pagament (<strong>TC2<\/strong> i <strong>TC1<\/strong>), aix\u00ed com de les altes, baixes, i variacions mitjan\u00e7ant el Sistema Red.<\/span><\/li>\n<li><span>Confecci\u00f3 i presentaci\u00f3 telem\u00e0tica del <strong>model 111<\/strong> trimestral o mensual, de liquidacions de retencions d\u2019IRPF.<\/span><\/li>\n<li><span>Confecci\u00f3 i presentaci\u00f3 telem\u00e0tica del <strong>model 190<\/strong> de resumen anual d\u2019IRPF.<\/span><\/li>\n<li><span>Confecci\u00f3 de certificats individuals de retencions d\u2019IRPF.<\/span><\/li>\n<li><span>Tramitaci\u00f3 de prestacions: atur, jubilaci\u00f3, invalidesa, etc.<\/span><\/li>\n<\/ul>\n<h3>Gesti\u00f3 de n\u00f2mines<\/h3>\n<p>&nbsp;<\/p>\n<h3>Assessorament addicional<\/h3>\n<p>A Grupo Gestor BCN tamb\u00e9 podem assessorar-te de forma integral en <b>MATERIA COMPTABLE, FISCAL I LABORAL<\/b>. <\/p>\n<a href=\"\/ca\/packs-dassessoria-integral\" class=\"boton_packs\"><i class=\"fa fa-codepen\"><\/i> Veure tots els packs d'assessoria integral<\/a>\n","protected":false},"excerpt":{"rendered":"<p>Assessorament laboral A Grupo Gestor BCN t\u2019ajudem no havent-te de preocupar per cap dels aspectes laborals del dia a dia. &nbsp; A Grupo Gestor BCN tenim \u00e0mplia experi\u00e8ncia en assessorament laboral a empreses i empresaris&#8230;.<\/p>\n","protected":false},"author":1,"featured_media":0,"parent":0,"menu_order":7,"comment_status":"closed","ping_status":"closed","template":"page-simple.php","meta":[],"yoast_head":"<!-- This site is optimized with the Yoast SEO plugin v17.4 - https:\/\/yoast.com\/wordpress\/plugins\/seo\/ -->\n<title>Laboral - Grupo Gestor BCN - Assessoria especialitzada en mat\u00e8ria comptable, fiscal, laboral i mercantil a Barcelona<\/title>\n<meta name=\"robots\" content=\"index, follow, max-snippet:-1, max-image-preview:large, max-video-preview:-1\" \/>\n<link rel=\"canonical\" href=\"https:\/\/grupogestorbcn.com\/ca\/laboral-2\/\" \/>\n<meta property=\"og:locale\" content=\"ca_ES\" \/>\n<meta property=\"og:type\" content=\"article\" \/>\n<meta property=\"og:title\" content=\"Laboral - Grupo Gestor BCN - Assessoria especialitzada en mat\u00e8ria comptable, fiscal, laboral i mercantil a Barcelona\" \/>\n<meta property=\"og:description\" content=\"Assessorament laboral A Grupo Gestor BCN t\u2019ajudem no havent-te de preocupar per cap dels aspectes laborals del dia a dia. &nbsp; A Grupo Gestor BCN tenim \u00e0mplia experi\u00e8ncia en assessorament laboral a empreses i empresaris....\" \/>\n<meta property=\"og:url\" content=\"https:\/\/grupogestorbcn.com\/ca\/laboral-2\/\" \/>\n<meta property=\"og:site_name\" content=\"Grupo Gestor BCN\" \/>\n<meta property=\"article:publisher\" content=\"https:\/\/www.facebook.com\/grupogestorbcn\/\" \/>\n<meta property=\"article:modified_time\" content=\"2016-06-15T08:35:53+00:00\" \/>\n<meta name=\"twitter:card\" content=\"summary\" \/>\n<meta name=\"twitter:label1\" content=\"Temps estimat de lectura\" \/>\n\t<meta name=\"twitter:data1\" content=\"1 minut\" \/>\n<script type=\"application\/ld+json\" class=\"yoast-schema-graph\">{\"@context\":\"https:\/\/schema.org\",\"@graph\":[{\"@type\":\"WebSite\",\"@id\":\"https:\/\/grupogestorbcn.com\/#website\",\"url\":\"https:\/\/grupogestorbcn.com\/\",\"name\":\"Grupo Gestor BCN\",\"description\":\"Assessoria especialitzada en mat\\u00e8ria comptable, fiscal, laboral i mercantil a Barcelona\",\"potentialAction\":[{\"@type\":\"SearchAction\",\"target\":{\"@type\":\"EntryPoint\",\"urlTemplate\":\"https:\/\/grupogestorbcn.com\/?s={search_term_string}\"},\"query-input\":\"required name=search_term_string\"}],\"inLanguage\":\"ca\"},{\"@type\":\"WebPage\",\"@id\":\"https:\/\/grupogestorbcn.com\/ca\/laboral-2\/#webpage\",\"url\":\"https:\/\/grupogestorbcn.com\/ca\/laboral-2\/\",\"name\":\"Laboral - Grupo Gestor BCN - Assessoria especialitzada en mat\\u00e8ria comptable, fiscal, laboral i mercantil a Barcelona\",\"isPartOf\":{\"@id\":\"https:\/\/grupogestorbcn.com\/#website\"},\"datePublished\":\"2015-11-06T08:28:11+00:00\",\"dateModified\":\"2016-06-15T08:35:53+00:00\",\"breadcrumb\":{\"@id\":\"https:\/\/grupogestorbcn.com\/ca\/laboral-2\/#breadcrumb\"},\"inLanguage\":\"ca\",\"potentialAction\":[{\"@type\":\"ReadAction\",\"target\":[\"https:\/\/grupogestorbcn.com\/ca\/laboral-2\/\"]}]},{\"@type\":\"BreadcrumbList\",\"@id\":\"https:\/\/grupogestorbcn.com\/ca\/laboral-2\/#breadcrumb\",\"itemListElement\":[{\"@type\":\"ListItem\",\"position\":1,\"name\":\"Portada\",\"item\":\"https:\/\/grupogestorbcn.com\/ca\/\"},{\"@type\":\"ListItem\",\"position\":2,\"name\":\"Laboral\"}]}]}<\/script>\n<!-- \/ Yoast SEO plugin. -->","yoast_head_json":{"title":"Laboral - Grupo Gestor BCN - Assessoria especialitzada en mat\u00e8ria comptable, fiscal, laboral i mercantil a Barcelona","robots":{"index":"index","follow":"follow","max-snippet":"max-snippet:-1","max-image-preview":"max-image-preview:large","max-video-preview":"max-video-preview:-1"},"canonical":"https:\/\/grupogestorbcn.com\/ca\/laboral-2\/","og_locale":"ca_ES","og_type":"article","og_title":"Laboral - Grupo Gestor BCN - Assessoria especialitzada en mat\u00e8ria comptable, fiscal, laboral i mercantil a Barcelona","og_description":"Assessorament laboral A Grupo Gestor BCN t\u2019ajudem no havent-te de preocupar per cap dels aspectes laborals del dia a dia. &nbsp; A Grupo Gestor BCN tenim \u00e0mplia experi\u00e8ncia en assessorament laboral a empreses i empresaris....","og_url":"https:\/\/grupogestorbcn.com\/ca\/laboral-2\/","og_site_name":"Grupo Gestor BCN","article_publisher":"https:\/\/www.facebook.com\/grupogestorbcn\/","article_modified_time":"2016-06-15T08:35:53+00:00","twitter_card":"summary","twitter_misc":{"Temps estimat de lectura":"1 minut"},"schema":{"@context":"https:\/\/schema.org","@graph":[{"@type":"WebSite","@id":"https:\/\/grupogestorbcn.com\/#website","url":"https:\/\/grupogestorbcn.com\/","name":"Grupo Gestor BCN","description":"Assessoria especialitzada en mat\u00e8ria comptable, fiscal, laboral i mercantil a Barcelona","potentialAction":[{"@type":"SearchAction","target":{"@type":"EntryPoint","urlTemplate":"https:\/\/grupogestorbcn.com\/?s={search_term_string}"},"query-input":"required name=search_term_string"}],"inLanguage":"ca"},{"@type":"WebPage","@id":"https:\/\/grupogestorbcn.com\/ca\/laboral-2\/#webpage","url":"https:\/\/grupogestorbcn.com\/ca\/laboral-2\/","name":"Laboral - Grupo Gestor BCN - Assessoria especialitzada en mat\u00e8ria comptable, fiscal, laboral i mercantil a Barcelona","isPartOf":{"@id":"https:\/\/grupogestorbcn.com\/#website"},"datePublished":"2015-11-06T08:28:11+00:00","dateModified":"2016-06-15T08:35:53+00:00","breadcrumb":{"@id":"https:\/\/grupogestorbcn.com\/ca\/laboral-2\/#breadcrumb"},"inLanguage":"ca","potentialAction":[{"@type":"ReadAction","target":["https:\/\/grupogestorbcn.com\/ca\/laboral-2\/"]}]},{"@type":"BreadcrumbList","@id":"https:\/\/grupogestorbcn.com\/ca\/laboral-2\/#breadcrumb","itemListElement":[{"@type":"ListItem","position":1,"name":"Portada","item":"https:\/\/grupogestorbcn.com\/ca\/"},{"@type":"ListItem","position":2,"name":"Laboral"}]}]}},"_links":{"self":[{"href":"https:\/\/grupogestorbcn.com\/ca\/wp-json\/wp\/v2\/pages\/308"}],"collection":[{"href":"https:\/\/grupogestorbcn.com\/ca\/wp-json\/wp\/v2\/pages"}],"about":[{"href":"https:\/\/grupogestorbcn.com\/ca\/wp-json\/wp\/v2\/types\/page"}],"author":[{"embeddable":true,"href":"https:\/\/grupogestorbcn.com\/ca\/wp-json\/wp\/v2\/users\/1"}],"replies":[{"embeddable":true,"href":"https:\/\/grupogestorbcn.com\/ca\/wp-json\/wp\/v2\/comments?post=308"}],"version-history":[{"count":3,"href":"https:\/\/grupogestorbcn.com\/ca\/wp-json\/wp\/v2\/pages\/308\/revisions"}],"predecessor-version":[{"id":581,"href":"https:\/\/grupogestorbcn.com\/ca\/wp-json\/wp\/v2\/pages\/308\/revisions\/581"}],"wp:attachment":[{"href":"https:\/\/grupogestorbcn.com\/ca\/wp-json\/wp\/v2\/media?parent=308"}],"curies":[{"name":"wp","href":"https:\/\/api.w.org\/{rel}","templated":true}]}}