{"id":310,"date":"2015-11-06T08:38:26","date_gmt":"2015-11-06T08:38:26","guid":{"rendered":"http:\/\/grupogestorbcn.com\/?page_id=310"},"modified":"2015-12-02T17:32:36","modified_gmt":"2015-12-02T17:32:36","slug":"constitucio-de-societats-crear-empresa-societat-limitada-formar-una-sl","status":"publish","type":"page","link":"https:\/\/grupogestorbcn.com\/ca\/constitucio-de-societats-crear-empresa-societat-limitada-formar-una-sl\/","title":{"rendered":"Constituci\u00f3 de societats"},"content":{"rendered":"<p><img loading=\"lazy\" src=\"http:\/\/grupogestorbcn.com\/wp-content\/uploads\/constitucion-de-sociedades.png\" alt=\"constitucion-de-sociedades\" width=\"150\" height=\"160\" class=\"alignleft size-full wp-image-164\" \/><\/p>\n<h1>Constituci\u00f3 de societats<\/h1>\n<h2>A Grupo Gestor BCN t\u2019ajudem a crear la teva empresa i a iniciar el teu projecte per tal que tu nom\u00e9s t\u2019hagis de centrar en la teva feina.<\/h2>\n<p>&nbsp;<\/p>\n<p><img loading=\"lazy\" src=\"http:\/\/grupogestorbcn.com\/wp-content\/uploads\/precio-constitucion-sociedades-cat.png\" alt=\"precio-constitucion-sociedades-cat\" width=\"368\" height=\"143\" class=\"alignright size-full wp-image-368 precios-sociedades\" srcset=\"https:\/\/grupogestorbcn.com\/wp-content\/uploads\/precio-constitucion-sociedades-cat.png 368w, https:\/\/grupogestorbcn.com\/wp-content\/uploads\/precio-constitucion-sociedades-cat-300x117.png 300w\" sizes=\"(max-width: 368px) 100vw, 368px\" \/><\/p>\n<p>&nbsp;<\/p>\n<p>T\u2019aportem la nostra experi\u00e8ncia a l\u2019hora d\u2019informar-te i d\u2019assessorar-te tant en la definici\u00f3 de les teves iniciatives empresarials com durant els anys d\u2019activitat.<\/p>\n<p>&nbsp;<br \/>\n&nbsp;<br \/>\n&nbsp;<\/p>\n<h4>Podem assessorar-te per tal que escullis la forma jur\u00eddica que m\u00e9s s\u2019adapti a les<br \/>\nteves necessitats.<\/h4>\n<p>&nbsp;<\/p>\n<ol>\n<li><span>Si la forma escollida \u00e9s la de <em>Societat Limitada Nova Empresa (SLNE)<\/em> o <em>Societat de Responsabilitat Limitada (SRL)<\/em>, la constituirem de forma telem\u00e0tica <strong>en 72h<\/strong> a trav\u00e9s del <strong>sistema de tramitaci\u00f3 telem\u00e0tica<\/strong> desenvolupat per la Direcci\u00f3 General d\u2019Ind\u00fastria i de la Pime, utilitzant el Document \u00danic Electr\u00f2nic (DUE).<\/span><\/li>\n<li><span>Tamb\u00e9 realitzem totes les gestions per a constituir altres formes jur\u00eddiques (como la <em>Societat Professional<\/em>, <em>Societat An\u00f2nima<\/em> i altres).<\/span><\/li>\n<\/ol>\n<p>&nbsp;<\/p>\n<h3>Assessorament addicional<\/h3>\n<p>A Grupo Gestor BCN tamb\u00e9 podem assessorar-te de forma integral en <b>MATERIA COMPTABLE, FISCAL I LABORAL<\/b>. <\/p>\n<a href=\"\/ca\/packs-dassessoria-integral\" class=\"boton_packs\"><i class=\"fa fa-codepen\"><\/i> Veure tots els packs d'assessoria integral<\/a>\n<p>&nbsp;<\/p>\n<p><img loading=\"lazy\" src=\"http:\/\/grupogestorbcn.com\/wp-content\/uploads\/RED_PAE.png\" alt=\"Punto Oficial RED PAE\" width=\"210\" height=\"133\" class=\"alignright size-full wp-image-72\" \/><\/p>\n<p>&nbsp;<\/p>\n<p><strong>Grupo Gestor BCN \u00e9s punt oficial de la xarxa PAE (Punt d\u2019Atenci\u00f3 a l\u2019Emprenedor)<\/strong><br \/>\n&nbsp;<br \/>\nAix\u00f2 ens permet realitzar tramitacions telem\u00e0tiques per la constituci\u00f3 d\u2019empreses, accelerant els processos per tal que els nostres clients puguin comen\u00e7ar la seva activitat empresarial l\u2019abans possible.<\/p>\n","protected":false},"excerpt":{"rendered":"<p>Constituci\u00f3 de societats A Grupo Gestor BCN t\u2019ajudem a crear la teva empresa i a iniciar el teu projecte per tal que tu nom\u00e9s t\u2019hagis de centrar en la teva feina. &nbsp; &nbsp; T\u2019aportem la&#8230;<\/p>\n","protected":false},"author":1,"featured_media":0,"parent":0,"menu_order":8,"comment_status":"closed","ping_status":"closed","template":"","meta":[],"yoast_head":"<!-- This site is optimized with the Yoast SEO plugin v17.4 - https:\/\/yoast.com\/wordpress\/plugins\/seo\/ -->\n<title>Constituci\u00f3 Societat Limitada - Crea la teva SL amb Grupo Gestor BCN\u00a0<\/title>\n<meta name=\"description\" content=\"Constituci\u00f3 de Societat Limitada - Crea la teva SL en 72h - A Grupo Gestor BCN formem la teva SL expr\u00e9s amb totes les despeses incloses.\" \/>\n<meta name=\"robots\" content=\"index, follow, max-snippet:-1, max-image-preview:large, max-video-preview:-1\" \/>\n<link rel=\"canonical\" href=\"https:\/\/grupogestorbcn.com\/ca\/constitucio-de-societats-crear-empresa-societat-limitada-formar-una-sl\/\" \/>\n<meta property=\"og:locale\" content=\"ca_ES\" \/>\n<meta property=\"og:type\" content=\"article\" \/>\n<meta property=\"og:title\" content=\"Constituci\u00f3 Societat Limitada - Crea la teva SL amb Grupo Gestor BCN\u00a0\" \/>\n<meta property=\"og:description\" content=\"Constituci\u00f3 de Societat Limitada - Crea la teva SL en 72h - A Grupo Gestor BCN formem la teva SL expr\u00e9s amb totes les despeses incloses.\" \/>\n<meta property=\"og:url\" content=\"https:\/\/grupogestorbcn.com\/ca\/constitucio-de-societats-crear-empresa-societat-limitada-formar-una-sl\/\" \/>\n<meta property=\"og:site_name\" content=\"Grupo Gestor BCN\" \/>\n<meta property=\"article:publisher\" content=\"https:\/\/www.facebook.com\/grupogestorbcn\/\" \/>\n<meta property=\"article:modified_time\" content=\"2015-12-02T17:32:36+00:00\" \/>\n<meta property=\"og:image\" content=\"http:\/\/grupogestorbcn.com\/wp-content\/uploads\/constitucion-de-sociedades.png\" \/>\n<meta name=\"twitter:card\" content=\"summary\" \/>\n<meta name=\"twitter:label1\" content=\"Temps estimat de lectura\" \/>\n\t<meta name=\"twitter:data1\" content=\"1 minut\" \/>\n<script type=\"application\/ld+json\" class=\"yoast-schema-graph\">{\"@context\":\"https:\/\/schema.org\",\"@graph\":[{\"@type\":\"WebSite\",\"@id\":\"https:\/\/grupogestorbcn.com\/#website\",\"url\":\"https:\/\/grupogestorbcn.com\/\",\"name\":\"Grupo Gestor BCN\",\"description\":\"Assessoria especialitzada en mat\\u00e8ria comptable, fiscal, laboral i mercantil a Barcelona\",\"potentialAction\":[{\"@type\":\"SearchAction\",\"target\":{\"@type\":\"EntryPoint\",\"urlTemplate\":\"https:\/\/grupogestorbcn.com\/?s={search_term_string}\"},\"query-input\":\"required name=search_term_string\"}],\"inLanguage\":\"ca\"},{\"@type\":\"ImageObject\",\"@id\":\"https:\/\/grupogestorbcn.com\/ca\/constitucio-de-societats-crear-empresa-societat-limitada-formar-una-sl\/#primaryimage\",\"inLanguage\":\"ca\",\"url\":\"http:\/\/grupogestorbcn.com\/wp-content\/uploads\/constitucion-de-sociedades.png\",\"contentUrl\":\"http:\/\/grupogestorbcn.com\/wp-content\/uploads\/constitucion-de-sociedades.png\"},{\"@type\":\"WebPage\",\"@id\":\"https:\/\/grupogestorbcn.com\/ca\/constitucio-de-societats-crear-empresa-societat-limitada-formar-una-sl\/#webpage\",\"url\":\"https:\/\/grupogestorbcn.com\/ca\/constitucio-de-societats-crear-empresa-societat-limitada-formar-una-sl\/\",\"name\":\"Constituci\\u00f3 Societat Limitada - Crea la teva SL amb Grupo Gestor BCN\\u00a0\",\"isPartOf\":{\"@id\":\"https:\/\/grupogestorbcn.com\/#website\"},\"primaryImageOfPage\":{\"@id\":\"https:\/\/grupogestorbcn.com\/ca\/constitucio-de-societats-crear-empresa-societat-limitada-formar-una-sl\/#primaryimage\"},\"datePublished\":\"2015-11-06T08:38:26+00:00\",\"dateModified\":\"2015-12-02T17:32:36+00:00\",\"description\":\"Constituci\\u00f3 de Societat Limitada - Crea la teva SL en 72h - A Grupo Gestor BCN formem la teva SL expr\\u00e9s amb totes les despeses incloses.\",\"breadcrumb\":{\"@id\":\"https:\/\/grupogestorbcn.com\/ca\/constitucio-de-societats-crear-empresa-societat-limitada-formar-una-sl\/#breadcrumb\"},\"inLanguage\":\"ca\",\"potentialAction\":[{\"@type\":\"ReadAction\",\"target\":[\"https:\/\/grupogestorbcn.com\/ca\/constitucio-de-societats-crear-empresa-societat-limitada-formar-una-sl\/\"]}]},{\"@type\":\"BreadcrumbList\",\"@id\":\"https:\/\/grupogestorbcn.com\/ca\/constitucio-de-societats-crear-empresa-societat-limitada-formar-una-sl\/#breadcrumb\",\"itemListElement\":[{\"@type\":\"ListItem\",\"position\":1,\"name\":\"Portada\",\"item\":\"https:\/\/grupogestorbcn.com\/ca\/\"},{\"@type\":\"ListItem\",\"position\":2,\"name\":\"Constituci\\u00f3 de societats\"}]}]}<\/script>\n<!-- \/ Yoast SEO plugin. -->","yoast_head_json":{"title":"Constituci\u00f3 Societat Limitada - Crea la teva SL amb Grupo Gestor BCN\u00a0","description":"Constituci\u00f3 de Societat Limitada - Crea la teva SL en 72h - A Grupo Gestor BCN formem la teva SL expr\u00e9s amb totes les despeses incloses.","robots":{"index":"index","follow":"follow","max-snippet":"max-snippet:-1","max-image-preview":"max-image-preview:large","max-video-preview":"max-video-preview:-1"},"canonical":"https:\/\/grupogestorbcn.com\/ca\/constitucio-de-societats-crear-empresa-societat-limitada-formar-una-sl\/","og_locale":"ca_ES","og_type":"article","og_title":"Constituci\u00f3 Societat Limitada - Crea la teva SL amb Grupo Gestor BCN\u00a0","og_description":"Constituci\u00f3 de Societat Limitada - Crea la teva SL en 72h - A Grupo Gestor BCN formem la teva SL expr\u00e9s amb totes les despeses incloses.","og_url":"https:\/\/grupogestorbcn.com\/ca\/constitucio-de-societats-crear-empresa-societat-limitada-formar-una-sl\/","og_site_name":"Grupo Gestor BCN","article_publisher":"https:\/\/www.facebook.com\/grupogestorbcn\/","article_modified_time":"2015-12-02T17:32:36+00:00","og_image":[{"url":"http:\/\/grupogestorbcn.com\/wp-content\/uploads\/constitucion-de-sociedades.png"}],"twitter_card":"summary","twitter_misc":{"Temps estimat de lectura":"1 minut"},"schema":{"@context":"https:\/\/schema.org","@graph":[{"@type":"WebSite","@id":"https:\/\/grupogestorbcn.com\/#website","url":"https:\/\/grupogestorbcn.com\/","name":"Grupo Gestor BCN","description":"Assessoria especialitzada en mat\u00e8ria comptable, fiscal, laboral i mercantil a Barcelona","potentialAction":[{"@type":"SearchAction","target":{"@type":"EntryPoint","urlTemplate":"https:\/\/grupogestorbcn.com\/?s={search_term_string}"},"query-input":"required name=search_term_string"}],"inLanguage":"ca"},{"@type":"ImageObject","@id":"https:\/\/grupogestorbcn.com\/ca\/constitucio-de-societats-crear-empresa-societat-limitada-formar-una-sl\/#primaryimage","inLanguage":"ca","url":"http:\/\/grupogestorbcn.com\/wp-content\/uploads\/constitucion-de-sociedades.png","contentUrl":"http:\/\/grupogestorbcn.com\/wp-content\/uploads\/constitucion-de-sociedades.png"},{"@type":"WebPage","@id":"https:\/\/grupogestorbcn.com\/ca\/constitucio-de-societats-crear-empresa-societat-limitada-formar-una-sl\/#webpage","url":"https:\/\/grupogestorbcn.com\/ca\/constitucio-de-societats-crear-empresa-societat-limitada-formar-una-sl\/","name":"Constituci\u00f3 Societat Limitada - Crea la teva SL amb Grupo Gestor BCN\u00a0","isPartOf":{"@id":"https:\/\/grupogestorbcn.com\/#website"},"primaryImageOfPage":{"@id":"https:\/\/grupogestorbcn.com\/ca\/constitucio-de-societats-crear-empresa-societat-limitada-formar-una-sl\/#primaryimage"},"datePublished":"2015-11-06T08:38:26+00:00","dateModified":"2015-12-02T17:32:36+00:00","description":"Constituci\u00f3 de Societat Limitada - Crea la teva SL en 72h - A Grupo Gestor BCN formem la teva SL expr\u00e9s amb totes les despeses incloses.","breadcrumb":{"@id":"https:\/\/grupogestorbcn.com\/ca\/constitucio-de-societats-crear-empresa-societat-limitada-formar-una-sl\/#breadcrumb"},"inLanguage":"ca","potentialAction":[{"@type":"ReadAction","target":["https:\/\/grupogestorbcn.com\/ca\/constitucio-de-societats-crear-empresa-societat-limitada-formar-una-sl\/"]}]},{"@type":"BreadcrumbList","@id":"https:\/\/grupogestorbcn.com\/ca\/constitucio-de-societats-crear-empresa-societat-limitada-formar-una-sl\/#breadcrumb","itemListElement":[{"@type":"ListItem","position":1,"name":"Portada","item":"https:\/\/grupogestorbcn.com\/ca\/"},{"@type":"ListItem","position":2,"name":"Constituci\u00f3 de societats"}]}]}},"_links":{"self":[{"href":"https:\/\/grupogestorbcn.com\/ca\/wp-json\/wp\/v2\/pages\/310"}],"collection":[{"href":"https:\/\/grupogestorbcn.com\/ca\/wp-json\/wp\/v2\/pages"}],"about":[{"href":"https:\/\/grupogestorbcn.com\/ca\/wp-json\/wp\/v2\/types\/page"}],"author":[{"embeddable":true,"href":"https:\/\/grupogestorbcn.com\/ca\/wp-json\/wp\/v2\/users\/1"}],"replies":[{"embeddable":true,"href":"https:\/\/grupogestorbcn.com\/ca\/wp-json\/wp\/v2\/comments?post=310"}],"version-history":[{"count":3,"href":"https:\/\/grupogestorbcn.com\/ca\/wp-json\/wp\/v2\/pages\/310\/revisions"}],"predecessor-version":[{"id":369,"href":"https:\/\/grupogestorbcn.com\/ca\/wp-json\/wp\/v2\/pages\/310\/revisions\/369"}],"wp:attachment":[{"href":"https:\/\/grupogestorbcn.com\/ca\/wp-json\/wp\/v2\/media?parent=310"}],"curies":[{"name":"wp","href":"https:\/\/api.w.org\/{rel}","templated":true}]}}