{"id":313,"date":"2015-11-06T08:44:52","date_gmt":"2015-11-06T08:44:52","guid":{"rendered":"http:\/\/grupogestorbcn.com\/?page_id=313"},"modified":"2015-12-06T06:42:49","modified_gmt":"2015-12-06T06:42:49","slug":"donarse-dalta-com-autonom-irpf-iva","status":"publish","type":"page","link":"https:\/\/grupogestorbcn.com\/ca\/donarse-dalta-com-autonom-irpf-iva\/","title":{"rendered":"Alta d\u2019Aut\u00f2noms"},"content":{"rendered":"<p><img loading=\"lazy\" src=\"http:\/\/grupogestorbcn.com\/wp-content\/uploads\/alta-autonomos.png\" alt=\"alta-autonomos\" width=\"150\" height=\"160\" class=\"alignleft size-full wp-image-166\" \/><\/p>\n<h1>Alta d\u2019Aut\u00f2noms<\/h1>\n<h2>A Grupo Gestor BCN t\u2019ajudem a donar-te d\u2019alta com aut\u00f2nom per tal que tu nom\u00e9s t\u2019hagis de centrar en la teva feina.<\/h2>\n<p>&nbsp;<\/p>\n<p><img loading=\"lazy\" src=\"http:\/\/grupogestorbcn.com\/wp-content\/uploads\/precio-alta-autonomos-cat.png\" alt=\"precio-alta-autonomos-cat\" width=\"368\" height=\"143\" class=\"alignright size-full wp-image-370 precios-alta\" srcset=\"https:\/\/grupogestorbcn.com\/wp-content\/uploads\/precio-alta-autonomos-cat.png 368w, https:\/\/grupogestorbcn.com\/wp-content\/uploads\/precio-alta-autonomos-cat-300x117.png 300w\" sizes=\"(max-width: 368px) 100vw, 368px\" \/><\/p>\n<p>&nbsp;<\/p>\n<p>T\u2019aportem la nostra experi\u00e8ncia a l\u2019hora d\u2019informar-te i assessorar-te tant en la definici\u00f3 de les teves iniciatives empresarials com durant els anys d\u2019activitat.<\/p>\n<p>&nbsp;<br \/>\n&nbsp;<br \/>\n&nbsp;<\/p>\n<h4>A Grupo Gestor BCN t\u2019 ajudarem a escollir les opcions m\u00e9s avantatjoses per a tu:<\/h4>\n<p>&nbsp;<\/p>\n<ul>\n<li><span>R\u00e8gim d\u2019IRPF <span>(estimaci\u00f3 directa o sistema de m\u00f2duls)<\/span>.<\/span><\/li>\n<li><span>R\u00e8gim d\u2019IVA <span>(general, rec\u00e0rrec d\u2019equival\u00e8ncia\u2026)<\/span>.<\/span><\/li>\n<li><span>Selecci\u00f3 de l\u2019ep\u00edgraf o ep\u00edgrafs necessaris per l\u2019activitat o activitats que vagis a desenvolupar.<\/span><\/li>\n<li><span>Possibilitat d\u2019aplicar la\u00a0tarifa plana de 50\u20ac\u00a0en el pagament de la seguretat social.<\/span><\/li>\n<li><span>Altres dubtes que puguin sorgir-te.<\/span><\/li>\n<\/ul>\n<p>&nbsp;<\/p>\n<h3>\u00bfQu\u00e8 inclouen els nostres serveis?<\/h3>\n<ul>\n<li><span>Declaraci\u00f3 d\u2019alta a l\u2019impost d\u2019activitats econ\u00f2miques (IAE).<\/span><\/li>\n<li><span>Alta censal: Declaraci\u00f3 d\u2019alta al cens d\u2019empresaris i retenidors.<\/span><\/li>\n<li><span>Alta al R\u00e8gim Especial de Treballadors Aut\u00f2noms de la Seguretat Social (Tresoreria General).<\/span><\/li>\n<li><span>Comunicaci\u00f3 d\u2019apertura del centre de treball (en cas d\u2019haver-n\u2019hi).<\/span><\/li>\n<\/ul>\n<p>&nbsp;<\/p>\n<h3>Assessorament addicional<\/h3>\n<p>A Grupo Gestor BCN tamb\u00e9 podem assessorar-te de forma integral en <b>MATERIA COMPTABLE, FISCAL I LABORAL<\/b>. <\/p>\n<a href=\"\/ca\/packs-dassessoria-integral\" class=\"boton_packs\"><i class=\"fa fa-codepen\"><\/i> Veure tots els packs d'assessoria integral<\/a>\n<p>&nbsp;<\/p>\n<p><img loading=\"lazy\" src=\"http:\/\/grupogestorbcn.com\/wp-content\/uploads\/RED_PAE.png\" alt=\"Punto Oficial RED PAE\" width=\"210\" height=\"133\" class=\"alignright size-full wp-image-72\" \/><\/p>\n<p>&nbsp;<\/p>\n<p><strong>Grupo Gestor BCN \u00e9s punt oficial de la xarxa PAE (Punts d&#8217;Atenci\u00f3 a l&#8217;Emprenedor)<\/strong><br \/>\n&nbsp;<br \/>\nAix\u00f2 ens permet realitzar tramitacions telem\u00e0tiques per la constituci\u00f3 d\u2019empreses, accelerant els processos per tal que els nostres clients puguin comen\u00e7ar la seva activitat empresarial l\u2019abans possible.<\/p>\n","protected":false},"excerpt":{"rendered":"<p>Alta d\u2019Aut\u00f2noms A Grupo Gestor BCN t\u2019ajudem a donar-te d\u2019alta com aut\u00f2nom per tal que tu nom\u00e9s t\u2019hagis de centrar en la teva feina. &nbsp; &nbsp; T\u2019aportem la nostra experi\u00e8ncia a l\u2019hora d\u2019informar-te i assessorar-te&#8230;<\/p>\n","protected":false},"author":1,"featured_media":0,"parent":0,"menu_order":9,"comment_status":"closed","ping_status":"closed","template":"","meta":[],"yoast_head":"<!-- This site is optimized with the Yoast SEO plugin v17.4 - https:\/\/yoast.com\/wordpress\/plugins\/seo\/ -->\n<title>Alta Aut\u00f2nom \u2013 D\u00f3na\u2019t d\u2019alta d\u2019aut\u00f2nom en 24 h amb Grupo Gestor BCN<\/title>\n<meta name=\"description\" content=\"Alta Aut\u00f2nom \u2013 D\u00f3na\u2019t d\u2019alta d\u2019aut\u00f2nom en 24h - A Grupo Gestor BCN realitzem tots els tr\u00e0mits online - Comen\u00e7a ja la teva activitat com aut\u00f2nom!\" \/>\n<meta name=\"robots\" content=\"index, follow, max-snippet:-1, max-image-preview:large, max-video-preview:-1\" \/>\n<link rel=\"canonical\" href=\"https:\/\/grupogestorbcn.com\/ca\/donarse-dalta-com-autonom-irpf-iva\/\" \/>\n<meta property=\"og:locale\" content=\"ca_ES\" \/>\n<meta property=\"og:type\" content=\"article\" \/>\n<meta property=\"og:title\" content=\"Alta Aut\u00f2nom \u2013 D\u00f3na\u2019t d\u2019alta d\u2019aut\u00f2nom en 24 h amb Grupo Gestor BCN\" \/>\n<meta property=\"og:description\" content=\"Alta Aut\u00f2nom \u2013 D\u00f3na\u2019t d\u2019alta d\u2019aut\u00f2nom en 24h - A Grupo Gestor BCN realitzem tots els tr\u00e0mits online - Comen\u00e7a ja la teva activitat com aut\u00f2nom!\" \/>\n<meta property=\"og:url\" content=\"https:\/\/grupogestorbcn.com\/ca\/donarse-dalta-com-autonom-irpf-iva\/\" \/>\n<meta property=\"og:site_name\" content=\"Grupo Gestor BCN\" \/>\n<meta property=\"article:publisher\" content=\"https:\/\/www.facebook.com\/grupogestorbcn\/\" \/>\n<meta property=\"article:modified_time\" content=\"2015-12-06T06:42:49+00:00\" \/>\n<meta property=\"og:image\" content=\"http:\/\/grupogestorbcn.com\/wp-content\/uploads\/alta-autonomos.png\" \/>\n<meta name=\"twitter:card\" content=\"summary\" \/>\n<meta name=\"twitter:label1\" content=\"Temps estimat de lectura\" \/>\n\t<meta name=\"twitter:data1\" content=\"1 minut\" \/>\n<script type=\"application\/ld+json\" class=\"yoast-schema-graph\">{\"@context\":\"https:\/\/schema.org\",\"@graph\":[{\"@type\":\"WebSite\",\"@id\":\"https:\/\/grupogestorbcn.com\/#website\",\"url\":\"https:\/\/grupogestorbcn.com\/\",\"name\":\"Grupo Gestor BCN\",\"description\":\"Assessoria especialitzada en mat\\u00e8ria comptable, fiscal, laboral i mercantil a Barcelona\",\"potentialAction\":[{\"@type\":\"SearchAction\",\"target\":{\"@type\":\"EntryPoint\",\"urlTemplate\":\"https:\/\/grupogestorbcn.com\/?s={search_term_string}\"},\"query-input\":\"required name=search_term_string\"}],\"inLanguage\":\"ca\"},{\"@type\":\"ImageObject\",\"@id\":\"https:\/\/grupogestorbcn.com\/ca\/donarse-dalta-com-autonom-irpf-iva\/#primaryimage\",\"inLanguage\":\"ca\",\"url\":\"http:\/\/grupogestorbcn.com\/wp-content\/uploads\/alta-autonomos.png\",\"contentUrl\":\"http:\/\/grupogestorbcn.com\/wp-content\/uploads\/alta-autonomos.png\"},{\"@type\":\"WebPage\",\"@id\":\"https:\/\/grupogestorbcn.com\/ca\/donarse-dalta-com-autonom-irpf-iva\/#webpage\",\"url\":\"https:\/\/grupogestorbcn.com\/ca\/donarse-dalta-com-autonom-irpf-iva\/\",\"name\":\"Alta Aut\\u00f2nom \\u2013 D\\u00f3na\\u2019t d\\u2019alta d\\u2019aut\\u00f2nom en 24 h amb Grupo Gestor BCN\",\"isPartOf\":{\"@id\":\"https:\/\/grupogestorbcn.com\/#website\"},\"primaryImageOfPage\":{\"@id\":\"https:\/\/grupogestorbcn.com\/ca\/donarse-dalta-com-autonom-irpf-iva\/#primaryimage\"},\"datePublished\":\"2015-11-06T08:44:52+00:00\",\"dateModified\":\"2015-12-06T06:42:49+00:00\",\"description\":\"Alta Aut\\u00f2nom \\u2013 D\\u00f3na\\u2019t d\\u2019alta d\\u2019aut\\u00f2nom en 24h - A Grupo Gestor BCN realitzem tots els tr\\u00e0mits online - Comen\\u00e7a ja la teva activitat com aut\\u00f2nom!\",\"breadcrumb\":{\"@id\":\"https:\/\/grupogestorbcn.com\/ca\/donarse-dalta-com-autonom-irpf-iva\/#breadcrumb\"},\"inLanguage\":\"ca\",\"potentialAction\":[{\"@type\":\"ReadAction\",\"target\":[\"https:\/\/grupogestorbcn.com\/ca\/donarse-dalta-com-autonom-irpf-iva\/\"]}]},{\"@type\":\"BreadcrumbList\",\"@id\":\"https:\/\/grupogestorbcn.com\/ca\/donarse-dalta-com-autonom-irpf-iva\/#breadcrumb\",\"itemListElement\":[{\"@type\":\"ListItem\",\"position\":1,\"name\":\"Portada\",\"item\":\"https:\/\/grupogestorbcn.com\/ca\/\"},{\"@type\":\"ListItem\",\"position\":2,\"name\":\"Alta d\\u2019Aut\\u00f2noms\"}]}]}<\/script>\n<!-- \/ Yoast SEO plugin. -->","yoast_head_json":{"title":"Alta Aut\u00f2nom \u2013 D\u00f3na\u2019t d\u2019alta d\u2019aut\u00f2nom en 24 h amb Grupo Gestor BCN","description":"Alta Aut\u00f2nom \u2013 D\u00f3na\u2019t d\u2019alta d\u2019aut\u00f2nom en 24h - A Grupo Gestor BCN realitzem tots els tr\u00e0mits online - Comen\u00e7a ja la teva activitat com aut\u00f2nom!","robots":{"index":"index","follow":"follow","max-snippet":"max-snippet:-1","max-image-preview":"max-image-preview:large","max-video-preview":"max-video-preview:-1"},"canonical":"https:\/\/grupogestorbcn.com\/ca\/donarse-dalta-com-autonom-irpf-iva\/","og_locale":"ca_ES","og_type":"article","og_title":"Alta Aut\u00f2nom \u2013 D\u00f3na\u2019t d\u2019alta d\u2019aut\u00f2nom en 24 h amb Grupo Gestor BCN","og_description":"Alta Aut\u00f2nom \u2013 D\u00f3na\u2019t d\u2019alta d\u2019aut\u00f2nom en 24h - A Grupo Gestor BCN realitzem tots els tr\u00e0mits online - Comen\u00e7a ja la teva activitat com aut\u00f2nom!","og_url":"https:\/\/grupogestorbcn.com\/ca\/donarse-dalta-com-autonom-irpf-iva\/","og_site_name":"Grupo Gestor BCN","article_publisher":"https:\/\/www.facebook.com\/grupogestorbcn\/","article_modified_time":"2015-12-06T06:42:49+00:00","og_image":[{"url":"http:\/\/grupogestorbcn.com\/wp-content\/uploads\/alta-autonomos.png"}],"twitter_card":"summary","twitter_misc":{"Temps estimat de lectura":"1 minut"},"schema":{"@context":"https:\/\/schema.org","@graph":[{"@type":"WebSite","@id":"https:\/\/grupogestorbcn.com\/#website","url":"https:\/\/grupogestorbcn.com\/","name":"Grupo Gestor BCN","description":"Assessoria especialitzada en mat\u00e8ria comptable, fiscal, laboral i mercantil a Barcelona","potentialAction":[{"@type":"SearchAction","target":{"@type":"EntryPoint","urlTemplate":"https:\/\/grupogestorbcn.com\/?s={search_term_string}"},"query-input":"required name=search_term_string"}],"inLanguage":"ca"},{"@type":"ImageObject","@id":"https:\/\/grupogestorbcn.com\/ca\/donarse-dalta-com-autonom-irpf-iva\/#primaryimage","inLanguage":"ca","url":"http:\/\/grupogestorbcn.com\/wp-content\/uploads\/alta-autonomos.png","contentUrl":"http:\/\/grupogestorbcn.com\/wp-content\/uploads\/alta-autonomos.png"},{"@type":"WebPage","@id":"https:\/\/grupogestorbcn.com\/ca\/donarse-dalta-com-autonom-irpf-iva\/#webpage","url":"https:\/\/grupogestorbcn.com\/ca\/donarse-dalta-com-autonom-irpf-iva\/","name":"Alta Aut\u00f2nom \u2013 D\u00f3na\u2019t d\u2019alta d\u2019aut\u00f2nom en 24 h amb Grupo Gestor BCN","isPartOf":{"@id":"https:\/\/grupogestorbcn.com\/#website"},"primaryImageOfPage":{"@id":"https:\/\/grupogestorbcn.com\/ca\/donarse-dalta-com-autonom-irpf-iva\/#primaryimage"},"datePublished":"2015-11-06T08:44:52+00:00","dateModified":"2015-12-06T06:42:49+00:00","description":"Alta Aut\u00f2nom \u2013 D\u00f3na\u2019t d\u2019alta d\u2019aut\u00f2nom en 24h - A Grupo Gestor BCN realitzem tots els tr\u00e0mits online - Comen\u00e7a ja la teva activitat com aut\u00f2nom!","breadcrumb":{"@id":"https:\/\/grupogestorbcn.com\/ca\/donarse-dalta-com-autonom-irpf-iva\/#breadcrumb"},"inLanguage":"ca","potentialAction":[{"@type":"ReadAction","target":["https:\/\/grupogestorbcn.com\/ca\/donarse-dalta-com-autonom-irpf-iva\/"]}]},{"@type":"BreadcrumbList","@id":"https:\/\/grupogestorbcn.com\/ca\/donarse-dalta-com-autonom-irpf-iva\/#breadcrumb","itemListElement":[{"@type":"ListItem","position":1,"name":"Portada","item":"https:\/\/grupogestorbcn.com\/ca\/"},{"@type":"ListItem","position":2,"name":"Alta d\u2019Aut\u00f2noms"}]}]}},"_links":{"self":[{"href":"https:\/\/grupogestorbcn.com\/ca\/wp-json\/wp\/v2\/pages\/313"}],"collection":[{"href":"https:\/\/grupogestorbcn.com\/ca\/wp-json\/wp\/v2\/pages"}],"about":[{"href":"https:\/\/grupogestorbcn.com\/ca\/wp-json\/wp\/v2\/types\/page"}],"author":[{"embeddable":true,"href":"https:\/\/grupogestorbcn.com\/ca\/wp-json\/wp\/v2\/users\/1"}],"replies":[{"embeddable":true,"href":"https:\/\/grupogestorbcn.com\/ca\/wp-json\/wp\/v2\/comments?post=313"}],"version-history":[{"count":4,"href":"https:\/\/grupogestorbcn.com\/ca\/wp-json\/wp\/v2\/pages\/313\/revisions"}],"predecessor-version":[{"id":413,"href":"https:\/\/grupogestorbcn.com\/ca\/wp-json\/wp\/v2\/pages\/313\/revisions\/413"}],"wp:attachment":[{"href":"https:\/\/grupogestorbcn.com\/ca\/wp-json\/wp\/v2\/media?parent=313"}],"curies":[{"name":"wp","href":"https:\/\/api.w.org\/{rel}","templated":true}]}}