{"id":317,"date":"2015-11-06T09:02:07","date_gmt":"2015-11-06T09:02:07","guid":{"rendered":"http:\/\/grupogestorbcn.com\/?page_id=317"},"modified":"2015-12-09T17:35:19","modified_gmt":"2015-12-09T17:35:19","slug":"declaracio-de-la-renda","status":"publish","type":"page","link":"https:\/\/grupogestorbcn.com\/ca\/declaracio-de-la-renda\/","title":{"rendered":"Declaraci\u00f3 de la renda"},"content":{"rendered":"<p><img loading=\"lazy\" src=\"http:\/\/grupogestorbcn.com\/wp-content\/uploads\/declaracion-de-la-renta.png\" alt=\"declaracion-de-la-renta\" width=\"150\" height=\"160\" class=\"alignleft size-full wp-image-169\" \/><\/p>\n<h1>Declaraci\u00f3 de la renda<\/h1>\n<h2>A Grupo Gestor BCN estem especialitzats en la gesti\u00f3 de Declaracions de la Renda.<\/h2>\n<p>&nbsp;<br \/>\n&nbsp;<\/p>\n<p>Comptar amb l\u2019ajuda de de Grupo Gestor BCN et permetr\u00e0 oblidar-te de tota la paperassa i no haver de preocupar-te per les novetats fiscals que es vagin introduint. Confeccionarem i gestionarem la teva Declaraci\u00f3 de la Renda, estudiant personalment la teva situaci\u00f3 per tal d\u2019obtenir l\u2019opci\u00f3 m\u00e9s avantatjosa per a tu. Per a aix\u00f2, aplicarem el major n\u00famero possible de deduccions per tal que el teu IRPF sigui el m\u00e9s favorable.<\/p>\n<p>&nbsp;<\/p>\n<h4>\u00bfPer qu\u00e8 comptar amb l\u2019assessorament d\u2019un expert?<\/h4>\n<p>&nbsp;<\/p>\n<p>La majoria d\u2019esborranys de Renda que confecciona l\u2019Ag\u00e8ncia Tribut\u00e0ria (AEAT) no aplica les deduccions que corresponen o contenen dades err\u00f2nies. Amb el nostre assessorament<br \/>\npersonalitzat podrem identificar aquests errors a temps i assegurar-nos que no paguis m\u00e9s del que et toca.<\/p>\n<p>&nbsp;<\/p>\n<h3>\u00bfCom funciona?<\/h3>\n<table class=\"renta\">\n<tr>\n<td>1<\/td>\n<td>Obtindrem la teva informaci\u00f3 fiscal.<\/td>\n<\/tr>\n<tr>\n<td>2<\/td>\n<td>Revisarem totes les dades amb tu, incloent les dades que falten i comprovant que s\u2019estiguin aplicant totes les deduccions que et corresponguin.<\/td>\n<\/tr>\n<tr>\n<td>3<\/td>\n<td>T\u2019enviarem un esborrany de declaraci\u00f3 previ per a la teva revisi\u00f3 i confirmaci\u00f3 de les dades.<\/td>\n<\/tr>\n<tr>\n<td>4<\/td>\n<td>Un cop hagis revisat aquest esborrany, presentarem de manera telem\u00e0tica la declaraci\u00f3 a Hisenda, enviant-te una c\u00f2pia amb el justificant de la seva presentaci\u00f3.<\/td>\n<\/tr>\n<\/table>\n<p>&nbsp;<\/p>\n<h3>Els nostres Packs de Declaraci\u00f3 de la Renda:<\/h3>\n<p><img loading=\"lazy\" src=\"http:\/\/grupogestorbcn.com\/wp-content\/uploads\/declaracionde-la-renta-borrador-cat.png\" alt=\"declaracionde-la-renta-borrador-cat\" width=\"419\" height=\"519\" class=\"alignleft size-full wp-image-377 caja-declaracion\" srcset=\"https:\/\/grupogestorbcn.com\/wp-content\/uploads\/declaracionde-la-renta-borrador-cat.png 419w, https:\/\/grupogestorbcn.com\/wp-content\/uploads\/declaracionde-la-renta-borrador-cat-242x300.png 242w\" sizes=\"(max-width: 419px) 100vw, 419px\" \/><\/p>\n<p><img loading=\"lazy\" src=\"http:\/\/grupogestorbcn.com\/wp-content\/uploads\/declaracionde-la-renta-basica-cat.png\" alt=\"declaracionde-la-renta-basica-cat\" width=\"419\" height=\"519\" class=\"alignleft size-full wp-image-376 caja-declaracion right\" srcset=\"https:\/\/grupogestorbcn.com\/wp-content\/uploads\/declaracionde-la-renta-basica-cat.png 419w, https:\/\/grupogestorbcn.com\/wp-content\/uploads\/declaracionde-la-renta-basica-cat-242x300.png 242w\" sizes=\"(max-width: 419px) 100vw, 419px\" \/><\/p>\n<p><img loading=\"lazy\" src=\"http:\/\/grupogestorbcn.com\/wp-content\/uploads\/declaracionde-la-renta-estandar-cat.png\" alt=\"declaracionde-la-renta-estandar-cat\" width=\"419\" height=\"519\" class=\"alignleft size-full wp-image-375 caja-declaracion\" srcset=\"https:\/\/grupogestorbcn.com\/wp-content\/uploads\/declaracionde-la-renta-estandar-cat.png 419w, https:\/\/grupogestorbcn.com\/wp-content\/uploads\/declaracionde-la-renta-estandar-cat-242x300.png 242w\" sizes=\"(max-width: 419px) 100vw, 419px\" \/><\/p>\n<p><img loading=\"lazy\" src=\"http:\/\/grupogestorbcn.com\/wp-content\/uploads\/declaracionde-la-renta-completa-cat.png\" alt=\"declaracionde-la-renta-completa-cat\" width=\"419\" height=\"519\" class=\"alignleft size-full wp-image-378 caja-declaracion right\" srcset=\"https:\/\/grupogestorbcn.com\/wp-content\/uploads\/declaracionde-la-renta-completa-cat.png 419w, https:\/\/grupogestorbcn.com\/wp-content\/uploads\/declaracionde-la-renta-completa-cat-242x300.png 242w\" sizes=\"(max-width: 419px) 100vw, 419px\" \/><\/p>\n<p>&nbsp;<\/p>\n<h3>Assessorament addicional<\/h3>\n<p>A Grupo Gestor BCN tamb\u00e9 podem assessorar-te de forma integral en\u00a0<b>MATERIA COMPTABLE, FISCAL I LABORAL<\/b>. <\/p>\n<a href=\"\/ca\/packs-dassessoria-integral\" class=\"boton_packs\"><i class=\"fa fa-codepen\"><\/i> Veure tots els packs d'assessoria integral<\/a>\n","protected":false},"excerpt":{"rendered":"<p>Declaraci\u00f3 de la renda A Grupo Gestor BCN estem especialitzats en la gesti\u00f3 de Declaracions de la Renda. &nbsp; &nbsp; Comptar amb l\u2019ajuda de de Grupo Gestor BCN et permetr\u00e0 oblidar-te de tota la paperassa&#8230;<\/p>\n","protected":false},"author":1,"featured_media":0,"parent":0,"menu_order":11,"comment_status":"closed","ping_status":"closed","template":"","meta":[],"yoast_head":"<!-- This site is optimized with the Yoast SEO plugin v17.4 - https:\/\/yoast.com\/wordpress\/plugins\/seo\/ -->\n<title>Declaraci\u00f3 de la Renda - Assessoria fiscal - Grupo Gestor BCN<\/title>\n<meta name=\"description\" content=\"Declaraci\u00f3 de la Renda - Assessoria fiscal especialitzats en realitzar la teva Declaraci\u00f3 de la Renda - A Grupo Gestor BCN resolem tots els teus dubtes.\u00a0\" \/>\n<meta name=\"robots\" content=\"index, follow, max-snippet:-1, max-image-preview:large, max-video-preview:-1\" \/>\n<link rel=\"canonical\" href=\"https:\/\/grupogestorbcn.com\/ca\/declaracio-de-la-renda\/\" \/>\n<meta property=\"og:locale\" content=\"ca_ES\" \/>\n<meta property=\"og:type\" content=\"article\" \/>\n<meta property=\"og:title\" content=\"Declaraci\u00f3 de la Renda - Assessoria fiscal - Grupo Gestor BCN\" \/>\n<meta property=\"og:description\" content=\"Declaraci\u00f3 de la Renda - Assessoria fiscal especialitzats en realitzar la teva Declaraci\u00f3 de la Renda - A Grupo Gestor BCN resolem tots els teus dubtes.\u00a0\" \/>\n<meta property=\"og:url\" content=\"https:\/\/grupogestorbcn.com\/ca\/declaracio-de-la-renda\/\" \/>\n<meta property=\"og:site_name\" content=\"Grupo Gestor BCN\" \/>\n<meta property=\"article:publisher\" content=\"https:\/\/www.facebook.com\/grupogestorbcn\/\" \/>\n<meta property=\"article:modified_time\" content=\"2015-12-09T17:35:19+00:00\" \/>\n<meta property=\"og:image\" content=\"http:\/\/grupogestorbcn.com\/wp-content\/uploads\/declaracion-de-la-renta.png\" \/>\n<meta name=\"twitter:card\" content=\"summary\" \/>\n<meta name=\"twitter:label1\" content=\"Temps estimat de lectura\" \/>\n\t<meta name=\"twitter:data1\" content=\"1 minut\" \/>\n<script type=\"application\/ld+json\" class=\"yoast-schema-graph\">{\"@context\":\"https:\/\/schema.org\",\"@graph\":[{\"@type\":\"WebSite\",\"@id\":\"https:\/\/grupogestorbcn.com\/#website\",\"url\":\"https:\/\/grupogestorbcn.com\/\",\"name\":\"Grupo Gestor BCN\",\"description\":\"Assessoria especialitzada en mat\\u00e8ria comptable, fiscal, laboral i mercantil a Barcelona\",\"potentialAction\":[{\"@type\":\"SearchAction\",\"target\":{\"@type\":\"EntryPoint\",\"urlTemplate\":\"https:\/\/grupogestorbcn.com\/?s={search_term_string}\"},\"query-input\":\"required name=search_term_string\"}],\"inLanguage\":\"ca\"},{\"@type\":\"ImageObject\",\"@id\":\"https:\/\/grupogestorbcn.com\/ca\/declaracio-de-la-renda\/#primaryimage\",\"inLanguage\":\"ca\",\"url\":\"http:\/\/grupogestorbcn.com\/wp-content\/uploads\/declaracion-de-la-renta.png\",\"contentUrl\":\"http:\/\/grupogestorbcn.com\/wp-content\/uploads\/declaracion-de-la-renta.png\"},{\"@type\":\"WebPage\",\"@id\":\"https:\/\/grupogestorbcn.com\/ca\/declaracio-de-la-renda\/#webpage\",\"url\":\"https:\/\/grupogestorbcn.com\/ca\/declaracio-de-la-renda\/\",\"name\":\"Declaraci\\u00f3 de la Renda - Assessoria fiscal - Grupo Gestor BCN\",\"isPartOf\":{\"@id\":\"https:\/\/grupogestorbcn.com\/#website\"},\"primaryImageOfPage\":{\"@id\":\"https:\/\/grupogestorbcn.com\/ca\/declaracio-de-la-renda\/#primaryimage\"},\"datePublished\":\"2015-11-06T09:02:07+00:00\",\"dateModified\":\"2015-12-09T17:35:19+00:00\",\"description\":\"Declaraci\\u00f3 de la Renda - Assessoria fiscal especialitzats en realitzar la teva Declaraci\\u00f3 de la Renda - A Grupo Gestor BCN resolem tots els teus dubtes.\\u00a0\",\"breadcrumb\":{\"@id\":\"https:\/\/grupogestorbcn.com\/ca\/declaracio-de-la-renda\/#breadcrumb\"},\"inLanguage\":\"ca\",\"potentialAction\":[{\"@type\":\"ReadAction\",\"target\":[\"https:\/\/grupogestorbcn.com\/ca\/declaracio-de-la-renda\/\"]}]},{\"@type\":\"BreadcrumbList\",\"@id\":\"https:\/\/grupogestorbcn.com\/ca\/declaracio-de-la-renda\/#breadcrumb\",\"itemListElement\":[{\"@type\":\"ListItem\",\"position\":1,\"name\":\"Portada\",\"item\":\"https:\/\/grupogestorbcn.com\/ca\/\"},{\"@type\":\"ListItem\",\"position\":2,\"name\":\"Declaraci\\u00f3 de la renda\"}]}]}<\/script>\n<!-- \/ Yoast SEO plugin. -->","yoast_head_json":{"title":"Declaraci\u00f3 de la Renda - Assessoria fiscal - Grupo Gestor BCN","description":"Declaraci\u00f3 de la Renda - Assessoria fiscal especialitzats en realitzar la teva Declaraci\u00f3 de la Renda - A Grupo Gestor BCN resolem tots els teus dubtes.\u00a0","robots":{"index":"index","follow":"follow","max-snippet":"max-snippet:-1","max-image-preview":"max-image-preview:large","max-video-preview":"max-video-preview:-1"},"canonical":"https:\/\/grupogestorbcn.com\/ca\/declaracio-de-la-renda\/","og_locale":"ca_ES","og_type":"article","og_title":"Declaraci\u00f3 de la Renda - Assessoria fiscal - Grupo Gestor BCN","og_description":"Declaraci\u00f3 de la Renda - Assessoria fiscal especialitzats en realitzar la teva Declaraci\u00f3 de la Renda - A Grupo Gestor BCN resolem tots els teus dubtes.\u00a0","og_url":"https:\/\/grupogestorbcn.com\/ca\/declaracio-de-la-renda\/","og_site_name":"Grupo Gestor BCN","article_publisher":"https:\/\/www.facebook.com\/grupogestorbcn\/","article_modified_time":"2015-12-09T17:35:19+00:00","og_image":[{"url":"http:\/\/grupogestorbcn.com\/wp-content\/uploads\/declaracion-de-la-renta.png"}],"twitter_card":"summary","twitter_misc":{"Temps estimat de lectura":"1 minut"},"schema":{"@context":"https:\/\/schema.org","@graph":[{"@type":"WebSite","@id":"https:\/\/grupogestorbcn.com\/#website","url":"https:\/\/grupogestorbcn.com\/","name":"Grupo Gestor BCN","description":"Assessoria especialitzada en mat\u00e8ria comptable, fiscal, laboral i mercantil a Barcelona","potentialAction":[{"@type":"SearchAction","target":{"@type":"EntryPoint","urlTemplate":"https:\/\/grupogestorbcn.com\/?s={search_term_string}"},"query-input":"required name=search_term_string"}],"inLanguage":"ca"},{"@type":"ImageObject","@id":"https:\/\/grupogestorbcn.com\/ca\/declaracio-de-la-renda\/#primaryimage","inLanguage":"ca","url":"http:\/\/grupogestorbcn.com\/wp-content\/uploads\/declaracion-de-la-renta.png","contentUrl":"http:\/\/grupogestorbcn.com\/wp-content\/uploads\/declaracion-de-la-renta.png"},{"@type":"WebPage","@id":"https:\/\/grupogestorbcn.com\/ca\/declaracio-de-la-renda\/#webpage","url":"https:\/\/grupogestorbcn.com\/ca\/declaracio-de-la-renda\/","name":"Declaraci\u00f3 de la Renda - Assessoria fiscal - Grupo Gestor BCN","isPartOf":{"@id":"https:\/\/grupogestorbcn.com\/#website"},"primaryImageOfPage":{"@id":"https:\/\/grupogestorbcn.com\/ca\/declaracio-de-la-renda\/#primaryimage"},"datePublished":"2015-11-06T09:02:07+00:00","dateModified":"2015-12-09T17:35:19+00:00","description":"Declaraci\u00f3 de la Renda - Assessoria fiscal especialitzats en realitzar la teva Declaraci\u00f3 de la Renda - A Grupo Gestor BCN resolem tots els teus dubtes.\u00a0","breadcrumb":{"@id":"https:\/\/grupogestorbcn.com\/ca\/declaracio-de-la-renda\/#breadcrumb"},"inLanguage":"ca","potentialAction":[{"@type":"ReadAction","target":["https:\/\/grupogestorbcn.com\/ca\/declaracio-de-la-renda\/"]}]},{"@type":"BreadcrumbList","@id":"https:\/\/grupogestorbcn.com\/ca\/declaracio-de-la-renda\/#breadcrumb","itemListElement":[{"@type":"ListItem","position":1,"name":"Portada","item":"https:\/\/grupogestorbcn.com\/ca\/"},{"@type":"ListItem","position":2,"name":"Declaraci\u00f3 de la renda"}]}]}},"_links":{"self":[{"href":"https:\/\/grupogestorbcn.com\/ca\/wp-json\/wp\/v2\/pages\/317"}],"collection":[{"href":"https:\/\/grupogestorbcn.com\/ca\/wp-json\/wp\/v2\/pages"}],"about":[{"href":"https:\/\/grupogestorbcn.com\/ca\/wp-json\/wp\/v2\/types\/page"}],"author":[{"embeddable":true,"href":"https:\/\/grupogestorbcn.com\/ca\/wp-json\/wp\/v2\/users\/1"}],"replies":[{"embeddable":true,"href":"https:\/\/grupogestorbcn.com\/ca\/wp-json\/wp\/v2\/comments?post=317"}],"version-history":[{"count":4,"href":"https:\/\/grupogestorbcn.com\/ca\/wp-json\/wp\/v2\/pages\/317\/revisions"}],"predecessor-version":[{"id":382,"href":"https:\/\/grupogestorbcn.com\/ca\/wp-json\/wp\/v2\/pages\/317\/revisions\/382"}],"wp:attachment":[{"href":"https:\/\/grupogestorbcn.com\/ca\/wp-json\/wp\/v2\/media?parent=317"}],"curies":[{"name":"wp","href":"https:\/\/api.w.org\/{rel}","templated":true}]}}