{"id":321,"date":"2015-11-06T09:19:11","date_gmt":"2015-11-06T09:19:11","guid":{"rendered":"http:\/\/grupogestorbcn.com\/?page_id=321"},"modified":"2016-02-22T09:09:53","modified_gmt":"2016-02-22T09:09:53","slug":"packs-dassessoria-integral","status":"publish","type":"page","link":"https:\/\/grupogestorbcn.com\/ca\/packs-dassessoria-integral\/","title":{"rendered":"Packs"},"content":{"rendered":"<p><img loading=\"lazy\" src=\"http:\/\/grupogestorbcn.com\/wp-content\/uploads\/packs-de-asesoria.png\" alt=\"packs-de-asesoria\" width=\"150\" height=\"160\" class=\"alignleft size-full wp-image-264\" \/><\/p>\n<h1>Packs d&#8217;assessoria integral<\/h1>\n<h2>En Grup Gestor BCN t&#8217;oferim l&#8217;assessorament que millor s&#8217;adapti a les teves necessitats en mat\u00e8ria comptable, laboral i fiscal.<\/h2>\n<p>&nbsp;<\/p>\n<h4>Els nostres <strong>Packs<\/strong>, pensats per oferir-te el millor servei a un preu competitiu, s\u00f3n:<\/h4>\n<p>&nbsp;<\/p>\n<div class=\"packs\"><br \/>\n<div class=\"paquete pymes\"><i class=\"fa fa-codepen\"><\/i><\/p>\n<h2>Pack integral de Gestoria i Assessoria per a  <span>PIMEs<\/span> <span class=\"precio\">99\u20ac <span>\/mes<\/span><\/span><\/h2>\n<div class=\"detalles\">\n<h4>Aquest pack inclou:<\/h4>\n<table>\n<tr>\n<td>COMPTABLE<\/td>\n<td>Elaboraci\u00f3 de comptabilitat respecte al pla general comptable.<\/td>\n<\/tr>\n<tr>\n<td><\/td>\n<td>Confecci\u00f3 i legalitzaci\u00f3 de llibres comptables.<\/td>\n<\/tr>\n<tr>\n<td><\/td>\n<td>Realitzaci\u00f3 de les Comptes Anuals.<\/td>\n<\/tr>\n<\/table>\n<table>\n<tr>\n<td>FISCAL<\/td>\n<td>Assessorament de les obligacions fiscals de l\u2019empresa.<\/td>\n<\/tr>\n<tr>\n<td><\/td>\n<td>Confecci\u00f3, tramitaci\u00f3 i presentaci\u00f3 de tots els models fiscals necessaris i obligatoris davant l\u2019Ag\u00e8ncia Tribut\u00e0ria.<\/td>\n<\/tr>\n<\/table>\n<table>\n<tr>\n<td>LABORAL<\/td>\n<td>Assessorament sobre gesti\u00f3 laboral i Seguretat Social.<\/td>\n<\/tr>\n<tr>\n<td><\/td>\n<td>Contractaci\u00f3 d\u2019empleats (Altes, modificacions i baixes de contractes, assegurances socials, n\u00f2mines, quitances, tc1, tc2&#8230;)<\/td>\n<\/tr>\n<\/table>\n<h4>Extres:<\/h4>\n<div class=\"extras\">Afegeix <b>Laboral<\/b> per <b>15\u20ac<\/b> per treballador (+IVA)<\/br><span>*Altes\/baixes a Hisenda i SS tenen un cost puntual de 35\u20ac (+IVA)<\/span><\/div>\n<\/div>\n<p><\/div><br \/>\n<div class=\"paquete autonomos\"><i class=\"fa fa-codepen\"><\/i><\/p>\n<h2>Pack integral de Gestoria i assessoria per a <span>Aut\u00f2noms<\/span><span class=\"precio\">39\u20ac <span>\/mes<\/span><\/span><\/h2>\n<div class=\"detalles\">\n<h4>Aquest pack inclou:<\/h4>\n<table>\n<tr>\n<td>COMPTABLE<\/td>\n<td>Elaboraci\u00f3 de comptabilitat respecte al pla general comptable.<\/td>\n<\/tr>\n<\/table>\n<table>\n<tr>\n<td>FISCAL<\/td>\n<td>Assessorament de les obligacions fiscals.<\/td>\n<\/tr>\n<tr>\n<td><\/td>\n<td>Confecci\u00f3, tramitaci\u00f3 i presentaci\u00f3 de tots els models fiscals necessaris i obligatoris davant l\u2019Ag\u00e8ncia Tribut\u00e0ria.<\/td>\n<\/tr>\n<\/table>\n<table>\n<tr>\n<td>LABORAL<\/td>\n<td>Assessorament sobre gesti\u00f3 laboral i Seguretat Social.<\/td>\n<\/tr>\n<tr>\n<td><\/td>\n<td>Contractaci\u00f3 d\u2019empleats (Altes, modificacions i baixes de contractes, assegurances socials, n\u00f2mines, quitances, tc1, tc2&#8230;).<\/td>\n<\/tr>\n<\/table>\n<h4>Extres:<\/h4>\n<div class=\"extras\">Afegeix <b>Laboral<\/b> per <b>15\u20ac<\/b> per treballador (+IVA)<\/br><span>*Altes\/baixes a Hisenda i SS tenen un cost puntual de 35\u20ac (+IVA)<\/span><\/div>\n<\/div>\n<p><\/div><br \/>\n<div class=\"paquete sociedades\"><i class=\"fa fa-codepen\"><\/i><\/p>\n<h2>Constituci\u00f3 de <span>societats<\/span> <span class=\"precio\">375\u20ac <span>(+IVA)<\/span><\/span><\/h2>\n<div class=\"detalles\">\n<ol>\n<li><span>Si la forma escollida \u00e9s la de <em>Societat Limitada Nova Empresa (SLNE)<\/em> o <em>Societat de Responsabilitat Limitada (SRL)<\/em>, la constituirem de forma telem\u00e0tica <strong>en 72h<\/strong> a trav\u00e9s del <strong>sistema de tramitaci\u00f3 telem\u00e0tica<\/strong> desenvolupat per la Direcci\u00f3 General d\u2019Ind\u00fastria i de la Pime, utilitzant el Document \u00danic Electr\u00f2nic (DUE).<\/span><\/li>\n<li><span>Tamb\u00e9 realitzem totes les gestions per a constituir altres formes jur\u00eddiques (como la <em>Societat Professional<\/em>, <em>Societat An\u00f2nima<\/em> i altres).<\/span><\/li>\n<\/ol>\n<\/div>\n<p><\/div><br \/>\n<div class=\"paquete alta\"><i class=\"fa fa-codepen\"><\/i><\/p>\n<h2><span>Alta d\u2019Aut\u00f2noms<\/span><span class=\"precio\">59,95\u20ac <span>(+IVA)<\/span><\/span><\/h2>\n<div class=\"detalles\">\n<h4>Aquest pack inclou:<\/h4>\n<ul>\n<li><span>Declaraci\u00f3 d\u2019alta a l\u2019impost d\u2019activitats econ\u00f2miques (IAE).<\/span><\/li>\n<li><span>Alta censal: Declaraci\u00f3 d\u2019alta al cens d\u2019empresaris i retenidors.<\/span><\/li>\n<li><span>Alta al R\u00e8gim Especial de Treballadors Aut\u00f2noms de la Seguretat Social (Tresoreria General).<\/span><\/li>\n<li><span>Comunicaci\u00f3 d\u2019apertura del centre de treball (en cas d\u2019haver-n\u2019hi).<\/span><\/li>\n<\/ul>\n<\/div>\n<p><\/div><br \/>\n<div class=\"paquete nominas\"><i class=\"fa fa-codepen\"><\/i><\/p>\n<h2>Elaboraci\u00f3 de <span>N\u00f2mines<\/span><span class=\"precio\">15\u20ac <span>(+IVA)\/mes per treballador<\/span><\/span><\/h2>\n<div class=\"detalles\">\n<h4>Aquest pack inclou:<\/h4>\n<h3>Administraci\u00f3 de personal<\/h3>\n<ul>\n<li><span>Confecci\u00f3 i presentaci\u00f3 dels contractes de treball del personal de la teva empresa mitjan\u00e7ant el <b>sistema Contrat@<\/b>.<\/span><\/li>\n<li><span>Tramitaci\u00f3 i presentaci\u00f3 de les cotitzacions dels treballadors i de la seva carta de pagament (<b>TC2<\/b> i <b>TC1<\/b>), aix\u00ed com de les altes, baixes, i variacions mitjan\u00e7ant el Sistema Red.<\/span><\/li>\n<li><span>Confecci\u00f3 i presentaci\u00f3 telem\u00e0tica del <b>model 111<\/b> trimestral o mensual, de liquidacions de retencions d\u2019IRPF.<\/span><\/li>\n<li><span>Confecci\u00f3 i presentaci\u00f3 telem\u00e0tica del <b>model 190<\/b> de resumen anual d\u2019IRPF.<\/span><\/li>\n<li><span>Confecci\u00f3 de certificats individuals de retencions d\u2019IRPF.<\/span><\/li>\n<\/ul>\n<h3>Gesti\u00f3 de n\u00f2mines<\/h3>\n<ul>\n<li><span>Confecci\u00f3 de n\u00f2mines.<\/span><\/li>\n<li><span>Confecci\u00f3 de liquidacions y quitances.<\/span><\/li>\n<\/ul>\n<\/div>\n<p><\/div><br \/>\n<div class=\"paquete renta\"><i class=\"fa fa-codepen\"><\/i><\/p>\n<h2>Declaraci\u00f3 de la <span>Renda<\/span><span class=\"precio\"><span>des<\/span> 24,95\u20ac <span>(+IVA)<\/span><\/span><\/h2>\n<div class=\"detalles\">\n<h4>Aquest pack inclou:<\/h4>\n<p><img loading=\"lazy\" src=\"http:\/\/grupogestorbcn.com\/wp-content\/uploads\/declaracionde-la-renta-borrador-cat.png\" alt=\"declaracionde-la-renta-borrador-cat\" width=\"419\" height=\"519\" class=\"alignleft size-full wp-image-377 caja-declaracion\" srcset=\"https:\/\/grupogestorbcn.com\/wp-content\/uploads\/declaracionde-la-renta-borrador-cat.png 419w, https:\/\/grupogestorbcn.com\/wp-content\/uploads\/declaracionde-la-renta-borrador-cat-242x300.png 242w\" sizes=\"(max-width: 419px) 100vw, 419px\" \/><\/p>\n<p><img loading=\"lazy\" src=\"http:\/\/grupogestorbcn.com\/wp-content\/uploads\/declaracionde-la-renta-basica-cat.png\" alt=\"declaracionde-la-renta-basica-cat\" width=\"419\" height=\"519\" class=\"alignleft size-full wp-image-376 caja-declaracion right\" srcset=\"https:\/\/grupogestorbcn.com\/wp-content\/uploads\/declaracionde-la-renta-basica-cat.png 419w, https:\/\/grupogestorbcn.com\/wp-content\/uploads\/declaracionde-la-renta-basica-cat-242x300.png 242w\" sizes=\"(max-width: 419px) 100vw, 419px\" \/><\/p>\n<p><img loading=\"lazy\" src=\"http:\/\/grupogestorbcn.com\/wp-content\/uploads\/declaracionde-la-renta-estandar-cat.png\" alt=\"declaracionde-la-renta-estandar-cat\" width=\"419\" height=\"519\" class=\"alignleft size-full wp-image-375 caja-declaracion\" srcset=\"https:\/\/grupogestorbcn.com\/wp-content\/uploads\/declaracionde-la-renta-estandar-cat.png 419w, https:\/\/grupogestorbcn.com\/wp-content\/uploads\/declaracionde-la-renta-estandar-cat-242x300.png 242w\" sizes=\"(max-width: 419px) 100vw, 419px\" \/><\/p>\n<p><img loading=\"lazy\" src=\"http:\/\/grupogestorbcn.com\/wp-content\/uploads\/declaracionde-la-renta-completa-cat.png\" alt=\"declaracionde-la-renta-completa-cat\" width=\"419\" height=\"519\" class=\"alignleft size-full wp-image-378 caja-declaracion right\" srcset=\"https:\/\/grupogestorbcn.com\/wp-content\/uploads\/declaracionde-la-renta-completa-cat.png 419w, https:\/\/grupogestorbcn.com\/wp-content\/uploads\/declaracionde-la-renta-completa-cat-242x300.png 242w\" sizes=\"(max-width: 419px) 100vw, 419px\" \/><br \/>\n&nbsp;\n<\/div>\n<p><\/div><br \/>\n<\/div>\n","protected":false},"excerpt":{"rendered":"<p>Packs d&#8217;assessoria integral En Grup Gestor BCN t&#8217;oferim l&#8217;assessorament que millor s&#8217;adapti a les teves necessitats en mat\u00e8ria comptable, laboral i fiscal. &nbsp; Els nostres Packs, pensats per oferir-te el millor servei a un preu&#8230;<\/p>\n","protected":false},"author":1,"featured_media":0,"parent":0,"menu_order":13,"comment_status":"closed","ping_status":"closed","template":"","meta":[],"yoast_head":"<!-- This site is optimized with the Yoast SEO plugin v17.4 - https:\/\/yoast.com\/wordpress\/plugins\/seo\/ -->\n<title>Packs - Grupo Gestor BCN - Assessoria especialitzada en mat\u00e8ria comptable, fiscal, laboral i mercantil a Barcelona<\/title>\n<meta name=\"robots\" content=\"index, follow, max-snippet:-1, max-image-preview:large, max-video-preview:-1\" \/>\n<link rel=\"canonical\" href=\"https:\/\/grupogestorbcn.com\/ca\/packs-dassessoria-integral\/\" \/>\n<meta property=\"og:locale\" content=\"ca_ES\" \/>\n<meta property=\"og:type\" content=\"article\" \/>\n<meta property=\"og:title\" content=\"Packs - Grupo Gestor BCN - Assessoria especialitzada en mat\u00e8ria comptable, fiscal, laboral i mercantil a Barcelona\" \/>\n<meta property=\"og:description\" content=\"Packs d&#8217;assessoria integral En Grup Gestor BCN t&#8217;oferim l&#8217;assessorament que millor s&#8217;adapti a les teves necessitats en mat\u00e8ria comptable, laboral i fiscal. &nbsp; Els nostres Packs, pensats per oferir-te el millor servei a un preu...\" \/>\n<meta property=\"og:url\" content=\"https:\/\/grupogestorbcn.com\/ca\/packs-dassessoria-integral\/\" \/>\n<meta property=\"og:site_name\" content=\"Grupo Gestor BCN\" \/>\n<meta property=\"article:publisher\" content=\"https:\/\/www.facebook.com\/grupogestorbcn\/\" \/>\n<meta property=\"article:modified_time\" content=\"2016-02-22T09:09:53+00:00\" \/>\n<meta property=\"og:image\" content=\"http:\/\/grupogestorbcn.com\/wp-content\/uploads\/packs-de-asesoria.png\" \/>\n<meta name=\"twitter:card\" content=\"summary\" \/>\n<meta name=\"twitter:label1\" content=\"Temps estimat de lectura\" \/>\n\t<meta name=\"twitter:data1\" content=\"3 minuts\" \/>\n<script type=\"application\/ld+json\" class=\"yoast-schema-graph\">{\"@context\":\"https:\/\/schema.org\",\"@graph\":[{\"@type\":\"WebSite\",\"@id\":\"https:\/\/grupogestorbcn.com\/#website\",\"url\":\"https:\/\/grupogestorbcn.com\/\",\"name\":\"Grupo Gestor BCN\",\"description\":\"Assessoria especialitzada en mat\\u00e8ria comptable, fiscal, laboral i mercantil a Barcelona\",\"potentialAction\":[{\"@type\":\"SearchAction\",\"target\":{\"@type\":\"EntryPoint\",\"urlTemplate\":\"https:\/\/grupogestorbcn.com\/?s={search_term_string}\"},\"query-input\":\"required name=search_term_string\"}],\"inLanguage\":\"ca\"},{\"@type\":\"ImageObject\",\"@id\":\"https:\/\/grupogestorbcn.com\/ca\/packs-dassessoria-integral\/#primaryimage\",\"inLanguage\":\"ca\",\"url\":\"http:\/\/grupogestorbcn.com\/wp-content\/uploads\/packs-de-asesoria.png\",\"contentUrl\":\"http:\/\/grupogestorbcn.com\/wp-content\/uploads\/packs-de-asesoria.png\"},{\"@type\":\"WebPage\",\"@id\":\"https:\/\/grupogestorbcn.com\/ca\/packs-dassessoria-integral\/#webpage\",\"url\":\"https:\/\/grupogestorbcn.com\/ca\/packs-dassessoria-integral\/\",\"name\":\"Packs - Grupo Gestor BCN - Assessoria especialitzada en mat\\u00e8ria comptable, fiscal, laboral i mercantil a Barcelona\",\"isPartOf\":{\"@id\":\"https:\/\/grupogestorbcn.com\/#website\"},\"primaryImageOfPage\":{\"@id\":\"https:\/\/grupogestorbcn.com\/ca\/packs-dassessoria-integral\/#primaryimage\"},\"datePublished\":\"2015-11-06T09:19:11+00:00\",\"dateModified\":\"2016-02-22T09:09:53+00:00\",\"breadcrumb\":{\"@id\":\"https:\/\/grupogestorbcn.com\/ca\/packs-dassessoria-integral\/#breadcrumb\"},\"inLanguage\":\"ca\",\"potentialAction\":[{\"@type\":\"ReadAction\",\"target\":[\"https:\/\/grupogestorbcn.com\/ca\/packs-dassessoria-integral\/\"]}]},{\"@type\":\"BreadcrumbList\",\"@id\":\"https:\/\/grupogestorbcn.com\/ca\/packs-dassessoria-integral\/#breadcrumb\",\"itemListElement\":[{\"@type\":\"ListItem\",\"position\":1,\"name\":\"Portada\",\"item\":\"https:\/\/grupogestorbcn.com\/ca\/\"},{\"@type\":\"ListItem\",\"position\":2,\"name\":\"Packs\"}]}]}<\/script>\n<!-- \/ Yoast SEO plugin. -->","yoast_head_json":{"title":"Packs - Grupo Gestor BCN - Assessoria especialitzada en mat\u00e8ria comptable, fiscal, laboral i mercantil a Barcelona","robots":{"index":"index","follow":"follow","max-snippet":"max-snippet:-1","max-image-preview":"max-image-preview:large","max-video-preview":"max-video-preview:-1"},"canonical":"https:\/\/grupogestorbcn.com\/ca\/packs-dassessoria-integral\/","og_locale":"ca_ES","og_type":"article","og_title":"Packs - Grupo Gestor BCN - Assessoria especialitzada en mat\u00e8ria comptable, fiscal, laboral i mercantil a Barcelona","og_description":"Packs d&#8217;assessoria integral En Grup Gestor BCN t&#8217;oferim l&#8217;assessorament que millor s&#8217;adapti a les teves necessitats en mat\u00e8ria comptable, laboral i fiscal. &nbsp; Els nostres Packs, pensats per oferir-te el millor servei a un preu...","og_url":"https:\/\/grupogestorbcn.com\/ca\/packs-dassessoria-integral\/","og_site_name":"Grupo Gestor BCN","article_publisher":"https:\/\/www.facebook.com\/grupogestorbcn\/","article_modified_time":"2016-02-22T09:09:53+00:00","og_image":[{"url":"http:\/\/grupogestorbcn.com\/wp-content\/uploads\/packs-de-asesoria.png"}],"twitter_card":"summary","twitter_misc":{"Temps estimat de lectura":"3 minuts"},"schema":{"@context":"https:\/\/schema.org","@graph":[{"@type":"WebSite","@id":"https:\/\/grupogestorbcn.com\/#website","url":"https:\/\/grupogestorbcn.com\/","name":"Grupo Gestor BCN","description":"Assessoria especialitzada en mat\u00e8ria comptable, fiscal, laboral i mercantil a Barcelona","potentialAction":[{"@type":"SearchAction","target":{"@type":"EntryPoint","urlTemplate":"https:\/\/grupogestorbcn.com\/?s={search_term_string}"},"query-input":"required name=search_term_string"}],"inLanguage":"ca"},{"@type":"ImageObject","@id":"https:\/\/grupogestorbcn.com\/ca\/packs-dassessoria-integral\/#primaryimage","inLanguage":"ca","url":"http:\/\/grupogestorbcn.com\/wp-content\/uploads\/packs-de-asesoria.png","contentUrl":"http:\/\/grupogestorbcn.com\/wp-content\/uploads\/packs-de-asesoria.png"},{"@type":"WebPage","@id":"https:\/\/grupogestorbcn.com\/ca\/packs-dassessoria-integral\/#webpage","url":"https:\/\/grupogestorbcn.com\/ca\/packs-dassessoria-integral\/","name":"Packs - Grupo Gestor BCN - Assessoria especialitzada en mat\u00e8ria comptable, fiscal, laboral i mercantil a Barcelona","isPartOf":{"@id":"https:\/\/grupogestorbcn.com\/#website"},"primaryImageOfPage":{"@id":"https:\/\/grupogestorbcn.com\/ca\/packs-dassessoria-integral\/#primaryimage"},"datePublished":"2015-11-06T09:19:11+00:00","dateModified":"2016-02-22T09:09:53+00:00","breadcrumb":{"@id":"https:\/\/grupogestorbcn.com\/ca\/packs-dassessoria-integral\/#breadcrumb"},"inLanguage":"ca","potentialAction":[{"@type":"ReadAction","target":["https:\/\/grupogestorbcn.com\/ca\/packs-dassessoria-integral\/"]}]},{"@type":"BreadcrumbList","@id":"https:\/\/grupogestorbcn.com\/ca\/packs-dassessoria-integral\/#breadcrumb","itemListElement":[{"@type":"ListItem","position":1,"name":"Portada","item":"https:\/\/grupogestorbcn.com\/ca\/"},{"@type":"ListItem","position":2,"name":"Packs"}]}]}},"_links":{"self":[{"href":"https:\/\/grupogestorbcn.com\/ca\/wp-json\/wp\/v2\/pages\/321"}],"collection":[{"href":"https:\/\/grupogestorbcn.com\/ca\/wp-json\/wp\/v2\/pages"}],"about":[{"href":"https:\/\/grupogestorbcn.com\/ca\/wp-json\/wp\/v2\/types\/page"}],"author":[{"embeddable":true,"href":"https:\/\/grupogestorbcn.com\/ca\/wp-json\/wp\/v2\/users\/1"}],"replies":[{"embeddable":true,"href":"https:\/\/grupogestorbcn.com\/ca\/wp-json\/wp\/v2\/comments?post=321"}],"version-history":[{"count":9,"href":"https:\/\/grupogestorbcn.com\/ca\/wp-json\/wp\/v2\/pages\/321\/revisions"}],"predecessor-version":[{"id":423,"href":"https:\/\/grupogestorbcn.com\/ca\/wp-json\/wp\/v2\/pages\/321\/revisions\/423"}],"wp:attachment":[{"href":"https:\/\/grupogestorbcn.com\/ca\/wp-json\/wp\/v2\/media?parent=321"}],"curies":[{"name":"wp","href":"https:\/\/api.w.org\/{rel}","templated":true}]}}