{"id":351,"date":"2015-11-06T09:58:54","date_gmt":"2015-11-06T09:58:54","guid":{"rendered":"http:\/\/grupogestorbcn.com\/?page_id=351"},"modified":"2016-06-16T08:15:54","modified_gmt":"2016-06-16T08:15:54","slug":"avis-legal-i-politica-de-privacitat","status":"publish","type":"page","link":"https:\/\/grupogestorbcn.com\/ca\/avis-legal-i-politica-de-privacitat\/","title":{"rendered":"Av\u00eds Legal i Pol\u00edtica de Privacitat"},"content":{"rendered":"<h3>Av\u00eds Legal<\/h3>\n<p>La web de <strong>Grupo Gestor BCN\u00a0<\/strong>consta d\u2019una part p\u00fablica o extranet (en la que s\u2019informa als usuaris sobre temes relacionats amb la nostra activitat jur\u00eddica i m\u00e9dica)\u00a0\u00a0i d\u2019una parte privada o intranet (per a \u00fas exclusiu de les persones autoritzades per <strong>Grupo Gestor BCN <\/strong>a la que poden entrar mitjan\u00e7ant la seva contrasenya).<\/p>\n<p>La reproducci\u00f3, c\u00f2pia (ja sigui total o parcial), distribuci\u00f3, comercialitzaci\u00f3, comunicaci\u00f3 p\u00fablica o qualsevol altre activitat que es pogui fer amb els continguts i la informaci\u00f3 d\u2019aquesta p\u00e0gina web sense haver obtingut expresa autorizaci\u00f3 de <strong>Grupo Gestor BCN <\/strong>es una infracci\u00f3 castigada per la legislaci\u00f3 vigent.<\/p>\n<p><strong>Grupo Gestor BCN<\/strong>\u00a0 es reserva el dret d\u2019actualitzar els continguts\u00a0de la p\u00e1gina web\u00a0i a eliminar-los, com tamb\u00e9 a limitar\u00a0i impedir l\u2019acc\u00e8s, ja sigui de forma temporal o definitiva, sense notificaci\u00f3 pr\u00e8via.<\/p>\n<p>L\u2019\u00fas d\u2019aquesta p\u00e0gina\u00a0web atribueix la condici\u00f3 d\u2019usuari de la p\u00e0gina web e implica l\u2019acceptaci\u00f3 plena\u00a0i sense reserves de totes\u00a0i cadasquna de les disposicions incloses en aquest Av\u00eds Legal, en el\u00a0mateix moment que l\u2019usuari accedeix a la p\u00e0gina web.<\/p>\n<p>La p\u00e0gina web <a href=\"http:\/\/www.grupomedicolegalbcn.com\">www.grupomedicolegalbcn.com<\/a> pot ser visitada lliurament pels usuaris, excepte aquelles \u00e0rees reservades, que nom\u00e9s es poden visitar utilitzant la contrasenya.<\/p>\n<p>L\u2019usuari es compromet a utilitzar la p\u00e0gina web, els seus continguts i serveis, de conformitat amb la Llei,\u00a0amb el present av\u00eds legal aix\u00ed com amb\u00a0la moral y bones costums generalment acceptades i d\u2019ordre p\u00fablic.<\/p>\n<p>A aquest efecte, l\u2019usuari ha d\u2019abstenir-se d\u2019utilitzar\u00a0qualsevol dels serveis amb finalitats o efectes il\u00edcits, prohibits i lesius dels drets e interessos de tercers.<br \/>\nLa responsabilitat de l\u2019\u00fas de la informaci\u00f3 continguda en la p\u00e0gina web, \u00e9s de l\u2019usuari.<\/p>\n<p><strong>Grupo Gestor BCN <\/strong>rebutja qualsevol responsabilitat sobre la informaci\u00f3 continguda en p\u00e0ginas web no el.laborades pel mateix i especialment, sobre els continguts dels enlla\u00e7os publicats en la seva p\u00e0gina web.<\/p>\n<p><strong>Grupo Gestor BCN <\/strong>queda eximida de\u00a0qualsevol responsabilitat per danys i perjudicis de tota naturalessa que poguin\u00a0derivar-se de la captaci\u00f3 i \u00fas per\u00a0part de tercers, de les informacions, de la publicitat i opinions facilitades pels usuaris\u00a0a la p\u00e0gina web.<\/p>\n<p>&nbsp;<\/p>\n<h3>Pol\u00edtica de Privacitat<\/h3>\n<p><strong>Grupo Gestor BCN<\/strong> l\u2019informa que cumpleix amb tots els requisits establerts per la normativa vigent en materia de protecci\u00f3 de dades personals y totes les dades sota la nostra responsabilitat ser\u00e1n tractats d\u2019acord amb les exig\u00e8ncies legals, i es guardar\u00e0n les degudes mesures de seguretat, tant t\u00e8cniques como organitzatives, que garanteixin la confidencialitat.<\/p>\n<p>Tanmateix l\u2019informem que les seves dades personals no ser\u00e1n utilitzades per a d\u2019altres finalitats que no siguin la mera informaci\u00f3 dels serveis i activitats que\u00a0<strong>Grupo Gestor BCN<\/strong> ofereix i que volem que siguin de la seva utilitat.<\/p>\n<p>En la nostra p\u00e0gina web no hi ha cap enlla\u00e7 que permeteixi la comunicaci\u00f3 de les seves dades a qualsevol altre entitat o empresa.<\/p>\n<p>En cas necessari, pot exercir els seus drets d\u2019acc\u00e9s, rectificaci\u00f3, cancelaci\u00f3 i oposici\u00f3 dirigint-se mitjan\u00e7ant correu electr\u00f2nic a <a class=\"mailto\" href=\"mailto:contacto@grupogestorbcn.com\" target=\"_blank\">contacto@grupogestorbcn.com<\/a>.<\/p>\n<p>A m\u00e9s l\u2019informem que les seves dades podran ser utilitzades per <strong>Grupo Gestor BCN<\/strong> per a fer-li arribar informaci\u00f3 que enten\u00e9m pot ser del seu inter\u00e9s. En el cas de que vost\u00e9 no dessitgi que aix\u00f2 sigui aix\u00ed, comuniqui\u2019ns-ho a l\u2019adre\u00e7a postal i\/o correu electr\u00f2nic adalt indicats.<\/p>\n<p>Per tot aix\u00f2 entenem que en el cas de facilitar-nos les seves dades, vost\u00e9 ens concedeix autoritzaci\u00f3 expresa per a realitzar el tractament, d\u2019acord amb el qu\u00e8 s\u2019ha explicat anteriorment i que, en qualsevol moment, vost\u00e9 podr\u00e0 revocar la citada autoritzaci\u00f3.<\/p>\n","protected":false},"excerpt":{"rendered":"<p>Av\u00eds Legal La web de Grupo Gestor BCN\u00a0consta d\u2019una part p\u00fablica o extranet (en la que s\u2019informa als usuaris sobre temes relacionats amb la nostra activitat jur\u00eddica i m\u00e9dica)\u00a0\u00a0i d\u2019una parte privada o intranet (per&#8230;<\/p>\n","protected":false},"author":1,"featured_media":0,"parent":0,"menu_order":17,"comment_status":"closed","ping_status":"closed","template":"page-simple.php","meta":[],"yoast_head":"<!-- This site is optimized with the Yoast SEO plugin v17.4 - https:\/\/yoast.com\/wordpress\/plugins\/seo\/ -->\n<title>Av\u00eds Legal i Pol\u00edtica de Privacitat - Grupo Gestor BCN - Assessoria especialitzada en mat\u00e8ria comptable, fiscal, laboral i mercantil a Barcelona<\/title>\n<meta name=\"robots\" content=\"noindex, nofollow\" \/>\n<meta property=\"og:locale\" content=\"ca_ES\" \/>\n<meta property=\"og:type\" content=\"article\" \/>\n<meta property=\"og:title\" content=\"Av\u00eds Legal i Pol\u00edtica de Privacitat - Grupo Gestor BCN - Assessoria especialitzada en mat\u00e8ria comptable, fiscal, laboral i mercantil a Barcelona\" \/>\n<meta property=\"og:description\" content=\"Av\u00eds Legal La web de Grupo Gestor BCN\u00a0consta d\u2019una part p\u00fablica o extranet (en la que s\u2019informa als usuaris sobre temes relacionats amb la nostra activitat jur\u00eddica i m\u00e9dica)\u00a0\u00a0i d\u2019una parte privada o intranet (per...\" \/>\n<meta property=\"og:url\" content=\"https:\/\/grupogestorbcn.com\/ca\/avis-legal-i-politica-de-privacitat\/\" \/>\n<meta property=\"og:site_name\" content=\"Grupo Gestor BCN\" \/>\n<meta property=\"article:publisher\" content=\"https:\/\/www.facebook.com\/grupogestorbcn\/\" \/>\n<meta property=\"article:modified_time\" content=\"2016-06-16T08:15:54+00:00\" \/>\n<meta name=\"twitter:card\" content=\"summary\" \/>\n<meta name=\"twitter:label1\" content=\"Temps estimat de lectura\" \/>\n\t<meta name=\"twitter:data1\" content=\"3 minuts\" \/>\n<script type=\"application\/ld+json\" class=\"yoast-schema-graph\">{\"@context\":\"https:\/\/schema.org\",\"@graph\":[{\"@type\":\"WebSite\",\"@id\":\"https:\/\/grupogestorbcn.com\/#website\",\"url\":\"https:\/\/grupogestorbcn.com\/\",\"name\":\"Grupo Gestor BCN\",\"description\":\"Assessoria especialitzada en mat\\u00e8ria comptable, fiscal, laboral i mercantil a Barcelona\",\"potentialAction\":[{\"@type\":\"SearchAction\",\"target\":{\"@type\":\"EntryPoint\",\"urlTemplate\":\"https:\/\/grupogestorbcn.com\/?s={search_term_string}\"},\"query-input\":\"required name=search_term_string\"}],\"inLanguage\":\"ca\"},{\"@type\":\"WebPage\",\"@id\":\"https:\/\/grupogestorbcn.com\/ca\/avis-legal-i-politica-de-privacitat\/#webpage\",\"url\":\"https:\/\/grupogestorbcn.com\/ca\/avis-legal-i-politica-de-privacitat\/\",\"name\":\"Av\\u00eds Legal i Pol\\u00edtica de Privacitat - Grupo Gestor BCN - Assessoria especialitzada en mat\\u00e8ria comptable, fiscal, laboral i mercantil a Barcelona\",\"isPartOf\":{\"@id\":\"https:\/\/grupogestorbcn.com\/#website\"},\"datePublished\":\"2015-11-06T09:58:54+00:00\",\"dateModified\":\"2016-06-16T08:15:54+00:00\",\"breadcrumb\":{\"@id\":\"https:\/\/grupogestorbcn.com\/ca\/avis-legal-i-politica-de-privacitat\/#breadcrumb\"},\"inLanguage\":\"ca\",\"potentialAction\":[{\"@type\":\"ReadAction\",\"target\":[\"https:\/\/grupogestorbcn.com\/ca\/avis-legal-i-politica-de-privacitat\/\"]}]},{\"@type\":\"BreadcrumbList\",\"@id\":\"https:\/\/grupogestorbcn.com\/ca\/avis-legal-i-politica-de-privacitat\/#breadcrumb\",\"itemListElement\":[{\"@type\":\"ListItem\",\"position\":1,\"name\":\"Portada\",\"item\":\"https:\/\/grupogestorbcn.com\/ca\/\"},{\"@type\":\"ListItem\",\"position\":2,\"name\":\"Av\\u00eds Legal i Pol\\u00edtica de Privacitat\"}]}]}<\/script>\n<!-- \/ Yoast SEO plugin. -->","yoast_head_json":{"title":"Av\u00eds Legal i Pol\u00edtica de Privacitat - Grupo Gestor BCN - Assessoria especialitzada en mat\u00e8ria comptable, fiscal, laboral i mercantil a Barcelona","robots":{"index":"noindex","follow":"nofollow"},"og_locale":"ca_ES","og_type":"article","og_title":"Av\u00eds Legal i Pol\u00edtica de Privacitat - Grupo Gestor BCN - Assessoria especialitzada en mat\u00e8ria comptable, fiscal, laboral i mercantil a Barcelona","og_description":"Av\u00eds Legal La web de Grupo Gestor BCN\u00a0consta d\u2019una part p\u00fablica o extranet (en la que s\u2019informa als usuaris sobre temes relacionats amb la nostra activitat jur\u00eddica i m\u00e9dica)\u00a0\u00a0i d\u2019una parte privada o intranet (per...","og_url":"https:\/\/grupogestorbcn.com\/ca\/avis-legal-i-politica-de-privacitat\/","og_site_name":"Grupo Gestor BCN","article_publisher":"https:\/\/www.facebook.com\/grupogestorbcn\/","article_modified_time":"2016-06-16T08:15:54+00:00","twitter_card":"summary","twitter_misc":{"Temps estimat de lectura":"3 minuts"},"schema":{"@context":"https:\/\/schema.org","@graph":[{"@type":"WebSite","@id":"https:\/\/grupogestorbcn.com\/#website","url":"https:\/\/grupogestorbcn.com\/","name":"Grupo Gestor BCN","description":"Assessoria especialitzada en mat\u00e8ria comptable, fiscal, laboral i mercantil a Barcelona","potentialAction":[{"@type":"SearchAction","target":{"@type":"EntryPoint","urlTemplate":"https:\/\/grupogestorbcn.com\/?s={search_term_string}"},"query-input":"required name=search_term_string"}],"inLanguage":"ca"},{"@type":"WebPage","@id":"https:\/\/grupogestorbcn.com\/ca\/avis-legal-i-politica-de-privacitat\/#webpage","url":"https:\/\/grupogestorbcn.com\/ca\/avis-legal-i-politica-de-privacitat\/","name":"Av\u00eds Legal i Pol\u00edtica de Privacitat - Grupo Gestor BCN - Assessoria especialitzada en mat\u00e8ria comptable, fiscal, laboral i mercantil a Barcelona","isPartOf":{"@id":"https:\/\/grupogestorbcn.com\/#website"},"datePublished":"2015-11-06T09:58:54+00:00","dateModified":"2016-06-16T08:15:54+00:00","breadcrumb":{"@id":"https:\/\/grupogestorbcn.com\/ca\/avis-legal-i-politica-de-privacitat\/#breadcrumb"},"inLanguage":"ca","potentialAction":[{"@type":"ReadAction","target":["https:\/\/grupogestorbcn.com\/ca\/avis-legal-i-politica-de-privacitat\/"]}]},{"@type":"BreadcrumbList","@id":"https:\/\/grupogestorbcn.com\/ca\/avis-legal-i-politica-de-privacitat\/#breadcrumb","itemListElement":[{"@type":"ListItem","position":1,"name":"Portada","item":"https:\/\/grupogestorbcn.com\/ca\/"},{"@type":"ListItem","position":2,"name":"Av\u00eds Legal i Pol\u00edtica de Privacitat"}]}]}},"_links":{"self":[{"href":"https:\/\/grupogestorbcn.com\/ca\/wp-json\/wp\/v2\/pages\/351"}],"collection":[{"href":"https:\/\/grupogestorbcn.com\/ca\/wp-json\/wp\/v2\/pages"}],"about":[{"href":"https:\/\/grupogestorbcn.com\/ca\/wp-json\/wp\/v2\/types\/page"}],"author":[{"embeddable":true,"href":"https:\/\/grupogestorbcn.com\/ca\/wp-json\/wp\/v2\/users\/1"}],"replies":[{"embeddable":true,"href":"https:\/\/grupogestorbcn.com\/ca\/wp-json\/wp\/v2\/comments?post=351"}],"version-history":[{"count":4,"href":"https:\/\/grupogestorbcn.com\/ca\/wp-json\/wp\/v2\/pages\/351\/revisions"}],"predecessor-version":[{"id":430,"href":"https:\/\/grupogestorbcn.com\/ca\/wp-json\/wp\/v2\/pages\/351\/revisions\/430"}],"wp:attachment":[{"href":"https:\/\/grupogestorbcn.com\/ca\/wp-json\/wp\/v2\/media?parent=351"}],"curies":[{"name":"wp","href":"https:\/\/api.w.org\/{rel}","templated":true}]}}