{"id":573,"date":"2016-06-09T08:38:40","date_gmt":"2016-06-09T08:38:40","guid":{"rendered":"http:\/\/grupogestorbcn.com\/ca\/?page_id=573"},"modified":"2016-06-09T08:38:40","modified_gmt":"2016-06-09T08:38:40","slug":"web","status":"publish","type":"page","link":"https:\/\/grupogestorbcn.com\/ca\/web\/","title":{"rendered":"WEB"},"content":{"rendered":"<p><img loading=\"lazy\" src=\"http:\/\/grupogestorbcn.com\/wp-content\/uploads\/paginas-web.png\" alt=\"paginas-web\" width=\"150\" height=\"160\" class=\"alignleft size-full wp-image-544\" \/><\/p>\n<h1>Creaci\u00f3 de p\u00e0gines web<\/h1>\n<h2>Grupo Gestor BCN pot crear la teva web per tal que tots els teus clients puguin trobar-te a internet i contactar amb tu.<\/h2>\n<p>&nbsp;<\/p>\n<p>A Grupo Gestor BCN comptem amb un equip de dissenyadors i programadors web amb m\u00e9s de 10 anys d\u2019experi\u00e8ncia. Crearan la teva p\u00e0gina web des del comen\u00e7ament, amb les caracter\u00edstiques que sol\u00b7licitis i d\u2019acord amb les necessitats del teu negoci.<\/p>\n<ul class=\"regleta\">\n<li><i class=\"fa fa-universal-access\" aria-hidden=\"true\"><\/i><br \/>Disseny personalitzat i adaptat al teu negoci<\/li>\n<li><i class=\"fa fa-tablet\" aria-hidden=\"true\"><\/i><br \/>Adaptat a tots els dispositius m\u00f2bils<\/li>\n<li><i class=\"fa fa-internet-explorer\" aria-hidden=\"true\"><\/i><br \/>Optimitzat per a tots els navegadors<\/li>\n<li><i class=\"fa fa-cogs\" aria-hidden=\"true\"><\/i><br \/>Autogestionable per part del client<\/li>\n<\/ul>\n<p>&nbsp;<\/p>\n<h3>Preus<\/h3>\n<p>Els preus s\u00f3n orientatius, ja que cada web requereix una quantitat de treball i un temps de desenvolupament diferents. Pot sol\u00b7licitar un pressupost personalitzat per al seu projecte en qualsevol moment. Es pagar\u00e0 un 50% del pressupost a l\u2019inici del desenvolupament del projecte i el 50% restant en el moment de l\u2019entrega de la p\u00e0gina. Les nostres webs estan preparades des del comen\u00e7ament per tal que puguin ser administrades pel propi client, motiu pel qual no hi ha quotes ni preus afegits.<\/p>\n<p>&nbsp;<\/p>\n<div class=\"profesional\">\n<h4><i class=\"fa fa-check-square-o\" aria-hidden=\"true\"><\/i>Disseny web professional. Des de 699\u20ac<\/h4>\n<ul>\n<li>Basat en el gestor de continguts WordPress.<\/li>\n<li>Creaci\u00f3 de tema\/plantilla personalitzada.<\/li>\n<li>Blog integrat.<\/li>\n<li>Formulari\/s de contacte.<\/li>\n<li>Instal\u00b7laci\u00f3 de Google Analytics (estad\u00edstiques de visites).<\/li>\n<li>Testeig en navegadors i dispositius m\u00f2bils.<\/li>\n<li>Preparat per a multi-idioma.<\/li>\n<li>Gestionable pel propi client.<\/li>\n<\/ul>\n<\/div>\n<div class=\"premium\">\n<h4><i class=\"fa fa-check-square-o\" aria-hidden=\"true\"><\/i>Disseny web premium. Des de 999\u20ac<\/h4>\n<ul>\n<li>Basat en el gestor de continguts WordPress.<\/li>\n<li>Creaci\u00f3 de tema\/plantilla personalitzada.<\/li>\n<li>Blog integrat.<\/li>\n<li>Formulari\/s de contacte.<\/li>\n<li>Instal\u00b7laci\u00f3 de Google Analytics (estad\u00edstiques de visites).<\/li>\n<li>Testeig en navegadors i dispositius m\u00f2bils.<\/li>\n<li>Preparat per a multi-idioma.<\/li>\n<li>Gestionable pel propi client.<\/li>\n<li>&nbsp;<\/li>\n<li>Inclou disseny gr\u00e0fic.<\/li>\n<li>Optimitzaci\u00f3 del rendiment web i de la velocitat de c\u00e0rrega.<\/li>\n<li>Alta a Google My Business.<\/li>\n<li>Instal\u00b7laci\u00f3 de metaetiquetes de Facebook y Twitter.<\/li>\n<li>Instal\u00b7laci\u00f3 i configuraci\u00f3 b\u00e0sica d\u2019eines de posicionament web.<\/li>\n<li>&nbsp;<\/li>\n<li><i class=\"fa fa-star-o\" aria-hidden=\"true\"><\/i> Incl\u00f2s un any de hosting i domini<\/li>\n<\/ul>\n<\/div>\n<div class=\"ayuda\">\n<h4><i class=\"fa fa-check-square-o\" aria-hidden=\"true\"><\/i>Ajuda en la instal\u00b7laci\u00f3 i configuraci\u00f3 de la seva p\u00e0gina web. Des de 199\u20ac<\/h4>\n<ul>\n<li>Si ja disposes de tots els elements necessaris (domini, hosting, disseny\/plantilla de WordPress, continguts, etc.), per\u00f2 no saps com convertir-los en una p\u00e0gina web, nosaltres podem ajudar-te. Contacta amb nosaltres per a saber-ne m\u00e9s detalls i poder oferir-te un pressupost ajustat a les teves necessitats.<\/li>\n<\/ul>\n<\/div>\n<p>&nbsp;<\/p>\n<h3>Proc\u00e9s pas a pas<\/h3>\n<p>Per tal de complir amb els terminis d\u2019entrega i dur a terme el proc\u00e9s de creaci\u00f3 de la p\u00e0gina web, \u00e9s necess\u00e0ria una col\u00b7laboraci\u00f3 i comunicaci\u00f3 cont\u00ednues amb el client.<\/p>\n<ul class=\"pasos\">\n<li class=\"cliente\">Enviament del formulari per a con\u00e8ixer les caracter\u00edstiques de la teva empresa i les seves necessitats (sector, compet\u00e8ncia, objectius, etc.).<\/li>\n<li class=\"empresa\">Recepci\u00f3 de les caracter\u00edstiques desitjades pel client.<\/li>\n<li class=\"empresa\">Estudi de l\u2019arquitectura necess\u00e0ria per a la seva p\u00e0gina web.<\/li>\n<li class=\"empresa\">Presentaci\u00f3 del pressupost i l\u2019esb\u00f3s definint els principals trets de la p\u00e0gina web.<\/li>\n<li class=\"pago\">Realitzaci\u00f3 del primer pagament<\/li>\n<li class=\"cliente\">Entrega inicial de textos i imatges per a la presentaci\u00f3 del prototip inicial.<\/li>\n<li class=\"empresa\">Presentaci\u00f3 de propostes (dissenys, estructura i altres detalls).<\/li>\n<li class=\"cliente\">Sol\u00b7licitud de canvis sobre el disseny i l\u2019estructura.<\/li>\n<li class=\"empresa\">Registre del domini i hosting.<\/li>\n<li class=\"empresa\">Instal\u00b7laci\u00f3 del gestor de continguts (CMS).<\/li>\n<li class=\"empresa\">Maquetaci\u00f3 i programaci\u00f3 del projecte.<\/li>\n<li class=\"empresa\">Presentaci\u00f3 del lloc web al client abans de la seva publicaci\u00f3.<\/li>\n<li class=\"cliente\">Sol\u00b7licitud de possibles canvis menors.<\/li>\n<li class=\"pago\">Realitzaci\u00f3 de l&#8217;\u00faltim pagament<\/li>\n<li class=\"empresa\">Entrega de claus d\u2019acc\u00e9s i tutorial b\u00e0sic d\u2019utilitzaci\u00f3 de la p\u00e0gina web.\n<li>\n<li class=\"empresa\">Publicaci\u00f3 online.<\/li>\n<\/ul>\n<p>&nbsp;<\/p>\n<h3>Tecnologies<\/h3>\n<p>El nostre equip coneix la majoria dels est\u00e0ndards i llenguatges actuals de programaci\u00f3 i desenvolupament de p\u00e0gines web i els utilitza en funci\u00f3 de les necessitats del client.<\/p>\n<div class=\"lenguajes\"><img loading=\"lazy\" src=\"http:\/\/grupogestorbcn.com\/wp-content\/uploads\/wordpress.png\" alt=\"wordpress\" width=\"145\" height=\"100\" class=\"alignleft size-full wp-image-568\" \/><img loading=\"lazy\" src=\"http:\/\/grupogestorbcn.com\/wp-content\/uploads\/html5.png\" alt=\"html5\" width=\"145\" height=\"100\" class=\"alignleft size-full wp-image-564\" \/><img loading=\"lazy\" src=\"http:\/\/grupogestorbcn.com\/wp-content\/uploads\/css3.png\" alt=\"css3\" width=\"145\" height=\"100\" class=\"alignleft size-full wp-image-569\" \/><img loading=\"lazy\" src=\"http:\/\/grupogestorbcn.com\/wp-content\/uploads\/jquery.png\" alt=\"jquery\" width=\"145\" height=\"100\" class=\"alignleft size-full wp-image-565\" \/><img loading=\"lazy\" src=\"http:\/\/grupogestorbcn.com\/wp-content\/uploads\/php.png\" alt=\"php\" width=\"145\" height=\"100\" class=\"alignleft size-full wp-image-567\" \/><img loading=\"lazy\" src=\"http:\/\/grupogestorbcn.com\/wp-content\/uploads\/mysql.png\" alt=\"mysql\" width=\"145\" height=\"100\" class=\"alignleft size-full wp-image-566\" \/><\/div>\n","protected":false},"excerpt":{"rendered":"<p>Creaci\u00f3 de p\u00e0gines web Grupo Gestor BCN pot crear la teva web per tal que tots els teus clients puguin trobar-te a internet i contactar amb tu. &nbsp; A Grupo Gestor BCN comptem amb un&#8230;<\/p>\n","protected":false},"author":1,"featured_media":0,"parent":0,"menu_order":14,"comment_status":"closed","ping_status":"closed","template":"","meta":[],"yoast_head":"<!-- This site is optimized with the Yoast SEO plugin v17.4 - https:\/\/yoast.com\/wordpress\/plugins\/seo\/ -->\n<title>WEB - Grupo Gestor BCN - Assessoria especialitzada en mat\u00e8ria comptable, fiscal, laboral i mercantil a Barcelona<\/title>\n<meta name=\"robots\" content=\"index, follow, max-snippet:-1, max-image-preview:large, max-video-preview:-1\" \/>\n<link rel=\"canonical\" href=\"https:\/\/grupogestorbcn.com\/ca\/web\/\" \/>\n<meta property=\"og:locale\" content=\"ca_ES\" \/>\n<meta property=\"og:type\" content=\"article\" \/>\n<meta property=\"og:title\" content=\"WEB - Grupo Gestor BCN - Assessoria especialitzada en mat\u00e8ria comptable, fiscal, laboral i mercantil a Barcelona\" \/>\n<meta property=\"og:description\" content=\"Creaci\u00f3 de p\u00e0gines web Grupo Gestor BCN pot crear la teva web per tal que tots els teus clients puguin trobar-te a internet i contactar amb tu. &nbsp; A Grupo Gestor BCN comptem amb un...\" \/>\n<meta property=\"og:url\" content=\"https:\/\/grupogestorbcn.com\/ca\/web\/\" \/>\n<meta property=\"og:site_name\" content=\"Grupo Gestor BCN\" \/>\n<meta property=\"article:publisher\" content=\"https:\/\/www.facebook.com\/grupogestorbcn\/\" \/>\n<meta property=\"og:image\" content=\"http:\/\/grupogestorbcn.com\/wp-content\/uploads\/paginas-web.png\" \/>\n<meta name=\"twitter:card\" content=\"summary\" \/>\n<meta name=\"twitter:label1\" content=\"Temps estimat de lectura\" \/>\n\t<meta name=\"twitter:data1\" content=\"3 minuts\" \/>\n<script type=\"application\/ld+json\" class=\"yoast-schema-graph\">{\"@context\":\"https:\/\/schema.org\",\"@graph\":[{\"@type\":\"WebSite\",\"@id\":\"https:\/\/grupogestorbcn.com\/#website\",\"url\":\"https:\/\/grupogestorbcn.com\/\",\"name\":\"Grupo Gestor BCN\",\"description\":\"Assessoria especialitzada en mat\\u00e8ria comptable, fiscal, laboral i mercantil a Barcelona\",\"potentialAction\":[{\"@type\":\"SearchAction\",\"target\":{\"@type\":\"EntryPoint\",\"urlTemplate\":\"https:\/\/grupogestorbcn.com\/?s={search_term_string}\"},\"query-input\":\"required name=search_term_string\"}],\"inLanguage\":\"ca\"},{\"@type\":\"ImageObject\",\"@id\":\"https:\/\/grupogestorbcn.com\/ca\/web\/#primaryimage\",\"inLanguage\":\"ca\",\"url\":\"http:\/\/grupogestorbcn.com\/wp-content\/uploads\/paginas-web.png\",\"contentUrl\":\"http:\/\/grupogestorbcn.com\/wp-content\/uploads\/paginas-web.png\"},{\"@type\":\"WebPage\",\"@id\":\"https:\/\/grupogestorbcn.com\/ca\/web\/#webpage\",\"url\":\"https:\/\/grupogestorbcn.com\/ca\/web\/\",\"name\":\"WEB - Grupo Gestor BCN - Assessoria especialitzada en mat\\u00e8ria comptable, fiscal, laboral i mercantil a Barcelona\",\"isPartOf\":{\"@id\":\"https:\/\/grupogestorbcn.com\/#website\"},\"primaryImageOfPage\":{\"@id\":\"https:\/\/grupogestorbcn.com\/ca\/web\/#primaryimage\"},\"datePublished\":\"2016-06-09T08:38:40+00:00\",\"dateModified\":\"2016-06-09T08:38:40+00:00\",\"breadcrumb\":{\"@id\":\"https:\/\/grupogestorbcn.com\/ca\/web\/#breadcrumb\"},\"inLanguage\":\"ca\",\"potentialAction\":[{\"@type\":\"ReadAction\",\"target\":[\"https:\/\/grupogestorbcn.com\/ca\/web\/\"]}]},{\"@type\":\"BreadcrumbList\",\"@id\":\"https:\/\/grupogestorbcn.com\/ca\/web\/#breadcrumb\",\"itemListElement\":[{\"@type\":\"ListItem\",\"position\":1,\"name\":\"Portada\",\"item\":\"https:\/\/grupogestorbcn.com\/ca\/\"},{\"@type\":\"ListItem\",\"position\":2,\"name\":\"WEB\"}]}]}<\/script>\n<!-- \/ Yoast SEO plugin. -->","yoast_head_json":{"title":"WEB - Grupo Gestor BCN - Assessoria especialitzada en mat\u00e8ria comptable, fiscal, laboral i mercantil a Barcelona","robots":{"index":"index","follow":"follow","max-snippet":"max-snippet:-1","max-image-preview":"max-image-preview:large","max-video-preview":"max-video-preview:-1"},"canonical":"https:\/\/grupogestorbcn.com\/ca\/web\/","og_locale":"ca_ES","og_type":"article","og_title":"WEB - Grupo Gestor BCN - Assessoria especialitzada en mat\u00e8ria comptable, fiscal, laboral i mercantil a Barcelona","og_description":"Creaci\u00f3 de p\u00e0gines web Grupo Gestor BCN pot crear la teva web per tal que tots els teus clients puguin trobar-te a internet i contactar amb tu. &nbsp; A Grupo Gestor BCN comptem amb un...","og_url":"https:\/\/grupogestorbcn.com\/ca\/web\/","og_site_name":"Grupo Gestor BCN","article_publisher":"https:\/\/www.facebook.com\/grupogestorbcn\/","og_image":[{"url":"http:\/\/grupogestorbcn.com\/wp-content\/uploads\/paginas-web.png"}],"twitter_card":"summary","twitter_misc":{"Temps estimat de lectura":"3 minuts"},"schema":{"@context":"https:\/\/schema.org","@graph":[{"@type":"WebSite","@id":"https:\/\/grupogestorbcn.com\/#website","url":"https:\/\/grupogestorbcn.com\/","name":"Grupo Gestor BCN","description":"Assessoria especialitzada en mat\u00e8ria comptable, fiscal, laboral i mercantil a Barcelona","potentialAction":[{"@type":"SearchAction","target":{"@type":"EntryPoint","urlTemplate":"https:\/\/grupogestorbcn.com\/?s={search_term_string}"},"query-input":"required name=search_term_string"}],"inLanguage":"ca"},{"@type":"ImageObject","@id":"https:\/\/grupogestorbcn.com\/ca\/web\/#primaryimage","inLanguage":"ca","url":"http:\/\/grupogestorbcn.com\/wp-content\/uploads\/paginas-web.png","contentUrl":"http:\/\/grupogestorbcn.com\/wp-content\/uploads\/paginas-web.png"},{"@type":"WebPage","@id":"https:\/\/grupogestorbcn.com\/ca\/web\/#webpage","url":"https:\/\/grupogestorbcn.com\/ca\/web\/","name":"WEB - Grupo Gestor BCN - Assessoria especialitzada en mat\u00e8ria comptable, fiscal, laboral i mercantil a Barcelona","isPartOf":{"@id":"https:\/\/grupogestorbcn.com\/#website"},"primaryImageOfPage":{"@id":"https:\/\/grupogestorbcn.com\/ca\/web\/#primaryimage"},"datePublished":"2016-06-09T08:38:40+00:00","dateModified":"2016-06-09T08:38:40+00:00","breadcrumb":{"@id":"https:\/\/grupogestorbcn.com\/ca\/web\/#breadcrumb"},"inLanguage":"ca","potentialAction":[{"@type":"ReadAction","target":["https:\/\/grupogestorbcn.com\/ca\/web\/"]}]},{"@type":"BreadcrumbList","@id":"https:\/\/grupogestorbcn.com\/ca\/web\/#breadcrumb","itemListElement":[{"@type":"ListItem","position":1,"name":"Portada","item":"https:\/\/grupogestorbcn.com\/ca\/"},{"@type":"ListItem","position":2,"name":"WEB"}]}]}},"_links":{"self":[{"href":"https:\/\/grupogestorbcn.com\/ca\/wp-json\/wp\/v2\/pages\/573"}],"collection":[{"href":"https:\/\/grupogestorbcn.com\/ca\/wp-json\/wp\/v2\/pages"}],"about":[{"href":"https:\/\/grupogestorbcn.com\/ca\/wp-json\/wp\/v2\/types\/page"}],"author":[{"embeddable":true,"href":"https:\/\/grupogestorbcn.com\/ca\/wp-json\/wp\/v2\/users\/1"}],"replies":[{"embeddable":true,"href":"https:\/\/grupogestorbcn.com\/ca\/wp-json\/wp\/v2\/comments?post=573"}],"version-history":[{"count":1,"href":"https:\/\/grupogestorbcn.com\/ca\/wp-json\/wp\/v2\/pages\/573\/revisions"}],"predecessor-version":[{"id":574,"href":"https:\/\/grupogestorbcn.com\/ca\/wp-json\/wp\/v2\/pages\/573\/revisions\/574"}],"wp:attachment":[{"href":"https:\/\/grupogestorbcn.com\/ca\/wp-json\/wp\/v2\/media?parent=573"}],"curies":[{"name":"wp","href":"https:\/\/api.w.org\/{rel}","templated":true}]}}