{"id":463,"date":"2016-03-22T03:04:12","date_gmt":"2016-03-22T03:04:12","guid":{"rendered":"http:\/\/grupogestorbcn.com\/?page_id=463"},"modified":"2016-06-16T08:15:44","modified_gmt":"2016-06-16T08:15:44","slug":"privacy-policy","status":"publish","type":"page","link":"https:\/\/grupogestorbcn.com\/en\/privacy-policy\/","title":{"rendered":"Privacy Policy"},"content":{"rendered":"<h3>Aviso Legal<\/h3>\n<p>La web de <strong>Grupo Gestor BCN<\/strong> consta de una parte p\u00fablica o extranet (en la que se informa a los usuarios sobre temas relacionados con nuestra actividad) y de una parte privada o intranet (para uso exclusivo de las personas autorizadas por <strong>Grupo Gestor BCN<\/strong> a la que pueden entrar mediante su contrase\u00f1a).<\/p>\n<p>La reproducci\u00f3n, copia (ya sea total o parcial), distribuci\u00f3n, comercializaci\u00f3n, comunicaci\u00f3n p\u00fablica o cualquier otra actividad que se pueda hacer con los contenidos y la informaci\u00f3n de esta p\u00e1gina web sin haber obtenido expresa autorizaci\u00f3n de <strong>Grupo Gestor BCN<\/strong> es una infracci\u00f3n castigada por la legislaci\u00f3n vigente.<\/p>\n<p><strong>Grupo Gestor BCN<\/strong> se reserva el derecho de actualizar los contenidos de la p\u00e1gina web y a eliminarlos, como tambi\u00e9n de limitar e impedir el acceso, ya sea de forma temporal o definitiva, sin notificaci\u00f3n previa.<\/p>\n<p>El uso de esta p\u00e1gina atribuye la condici\u00f3n de usuario de la p\u00e1gina web e implica la aceptaci\u00f3n plena y sin reservas de todas y cada una de las disposiciones incluidas en este Aviso Legal, en el mismo momento en que el Usuario acceda a la p\u00e1gina web.<\/p>\n<p>La p\u00e1gina web <a href=\"http:\/\/www.grupogestorbcn.com\">www.grupogestorbcn.com<\/a> puede ser visitada libremente por los usuarios, excepto aquellas \u00e1reas reservadas, las cuales s\u00f3lo se pueden visitar utilizando la contrase\u00f1a.<\/p>\n<p>El usuario se compromete a utilizar la p\u00e1gina web, sus contenidos y servicios, de conformidad con la Ley, con el presente aviso legal as\u00ed como con la moral y buenas costumbres generalmente aceptadas y de orden p\u00fablico.<\/p>\n<p>A tal efecto, el usuario debe abstenerse de utilizar cualquiera de los servicios con fines o efectos il\u00edcitos, prohibidos y lesivos de los derechos e intereses de terceros.<\/p>\n<p>La responsabilidad del uso de la informaci\u00f3n contenida en la p\u00e1gina web, es del usuario.<\/p>\n<p><strong>Grupo Gestor BCN<\/strong> rechaza cualquier responsabilidad sobre la informaci\u00f3n contenida en p\u00e1ginas web no elaboradas por el mismo y especialmente, sobre los contenidos de los enlaces publicados en su p\u00e1gina web.<\/p>\n<p><strong>Grupo Gestor BCN<\/strong> queda eximida de cualquier responsabilidad por da\u00f1os y perjuicios de toda naturaleza que puedan derivarse de la captaci\u00f3n y uso por parte de terceros, de las informaciones, de la publicidad y opiniones facilitadas por los usuarios a la p\u00e1gina web.<\/p>\n<p>&nbsp;<\/p>\n<h3>Pol\u00edtica de Privacidad<\/h3>\n<p><strong>Grupo Gestor BCN<\/strong> le informa que cumple con todos los requisitos establecidos por la normativa vigente en materia de protecci\u00f3n de datos personales y todos los datos bajo nuestra responsabilidad ser\u00e1n tratados de acuerdo con las exigencias legales, y se guardar\u00e1n las debidas medidas de seguridad, tanto t\u00e9cnicas como organizativas, que garanticen la confidencialidad.<\/p>\n<p>Asimismo le informamos que sus datos personales no ser\u00e1n utilizados para otros fines que no sean la mera informaci\u00f3n de los servicios y actividades que <strong>Grupo Gestor BCN<\/strong> ofrece y que pretendemos que sean de su utilidad.<\/p>\n<p>En nuestra p\u00e1gina web no hay ning\u00fan enlace que permita la comunicaci\u00f3n de sus datos a cualquier otra entidad o empresa.<\/p>\n<p>En caso necesario, puede ejercer sus derechos de acceso, rectificaci\u00f3n, cancelaci\u00f3n y oposici\u00f3n dirigi\u00e9ndose mediante correo electr\u00f3nico a <a href=\"mailto:contacto@grupogestorbcn.com\" target=\"_blank\">contacto@grupogestorbcn.com<\/a>.<\/p>\n<p>Adem\u00e1s le informamos que sus datos podr\u00e1n ser utilizados por <strong>Grupo Gestor BCN<\/strong> para hacerle llegar informaci\u00f3n de su inter\u00e9s. En caso de que usted no desee que esto sea as\u00ed, comun\u00edquenoslo a la direcci\u00f3n postal y\/o correo electr\u00f3nico arriba indicados.<\/p>\n<p>Por todo ello entendemos que en el caso de facilitarnos sus datos, usted nos concede autorizaci\u00f3n expresa para realizar el tratamiento, de acuerdo con lo descrito anteriormente y que, en cualquier momento, usted podr\u00e1 revocar la citada autorizaci\u00f3n.<\/p>\n","protected":false},"excerpt":{"rendered":"<p>Aviso Legal La web de Grupo Gestor BCN consta de una parte p\u00fablica o extranet (en la que se informa a los usuarios sobre temas relacionados con nuestra actividad) y de una parte privada o&#8230;<\/p>\n","protected":false},"author":1,"featured_media":0,"parent":0,"menu_order":16,"comment_status":"closed","ping_status":"closed","template":"page-simple.php","meta":[],"yoast_head":"<!-- This site is optimized with the Yoast SEO plugin v17.4 - https:\/\/yoast.com\/wordpress\/plugins\/seo\/ -->\n<title>Privacy Policy - Grupo Gestor BCN - Asesor\u00eda especialista en materia contable, fiscal, laboral y mercantil en Barcelona<\/title>\n<meta name=\"robots\" content=\"noindex, nofollow\" \/>\n<meta property=\"og:locale\" content=\"en_US\" \/>\n<meta property=\"og:type\" content=\"article\" \/>\n<meta property=\"og:title\" content=\"Privacy Policy - Grupo Gestor BCN - Asesor\u00eda especialista en materia contable, fiscal, laboral y mercantil en Barcelona\" \/>\n<meta property=\"og:description\" content=\"Aviso Legal La web de Grupo Gestor BCN consta de una parte p\u00fablica o extranet (en la que se informa a los usuarios sobre temas relacionados con nuestra actividad) y de una parte privada o...\" \/>\n<meta property=\"og:url\" content=\"https:\/\/grupogestorbcn.com\/en\/privacy-policy\/\" \/>\n<meta property=\"og:site_name\" content=\"Grupo Gestor BCN\" \/>\n<meta property=\"article:publisher\" content=\"https:\/\/www.facebook.com\/grupogestorbcn\/\" \/>\n<meta property=\"article:modified_time\" content=\"2016-06-16T08:15:44+00:00\" \/>\n<meta name=\"twitter:card\" content=\"summary\" \/>\n<meta name=\"twitter:label1\" content=\"Est. reading time\" \/>\n\t<meta name=\"twitter:data1\" content=\"3 minutes\" \/>\n<script type=\"application\/ld+json\" class=\"yoast-schema-graph\">{\"@context\":\"https:\/\/schema.org\",\"@graph\":[{\"@type\":\"WebSite\",\"@id\":\"https:\/\/grupogestorbcn.com\/#website\",\"url\":\"https:\/\/grupogestorbcn.com\/\",\"name\":\"Grupo Gestor BCN\",\"description\":\"Asesor\\u00eda especialista en materia contable, fiscal, laboral y mercantil en Barcelona\",\"potentialAction\":[{\"@type\":\"SearchAction\",\"target\":{\"@type\":\"EntryPoint\",\"urlTemplate\":\"https:\/\/grupogestorbcn.com\/?s={search_term_string}\"},\"query-input\":\"required name=search_term_string\"}],\"inLanguage\":\"en-US\"},{\"@type\":\"WebPage\",\"@id\":\"https:\/\/grupogestorbcn.com\/en\/privacy-policy\/#webpage\",\"url\":\"https:\/\/grupogestorbcn.com\/en\/privacy-policy\/\",\"name\":\"Privacy Policy - Grupo Gestor BCN - Asesor\\u00eda especialista en materia contable, fiscal, laboral y mercantil en Barcelona\",\"isPartOf\":{\"@id\":\"https:\/\/grupogestorbcn.com\/#website\"},\"datePublished\":\"2016-03-22T03:04:12+00:00\",\"dateModified\":\"2016-06-16T08:15:44+00:00\",\"breadcrumb\":{\"@id\":\"https:\/\/grupogestorbcn.com\/en\/privacy-policy\/#breadcrumb\"},\"inLanguage\":\"en-US\",\"potentialAction\":[{\"@type\":\"ReadAction\",\"target\":[\"https:\/\/grupogestorbcn.com\/en\/privacy-policy\/\"]}]},{\"@type\":\"BreadcrumbList\",\"@id\":\"https:\/\/grupogestorbcn.com\/en\/privacy-policy\/#breadcrumb\",\"itemListElement\":[{\"@type\":\"ListItem\",\"position\":1,\"name\":\"Portada\",\"item\":\"https:\/\/grupogestorbcn.com\/en\/\"},{\"@type\":\"ListItem\",\"position\":2,\"name\":\"Privacy Policy\"}]}]}<\/script>\n<!-- \/ Yoast SEO plugin. -->","yoast_head_json":{"title":"Privacy Policy - Grupo Gestor BCN - Asesor\u00eda especialista en materia contable, fiscal, laboral y mercantil en Barcelona","robots":{"index":"noindex","follow":"nofollow"},"og_locale":"en_US","og_type":"article","og_title":"Privacy Policy - Grupo Gestor BCN - Asesor\u00eda especialista en materia contable, fiscal, laboral y mercantil en Barcelona","og_description":"Aviso Legal La web de Grupo Gestor BCN consta de una parte p\u00fablica o extranet (en la que se informa a los usuarios sobre temas relacionados con nuestra actividad) y de una parte privada o...","og_url":"https:\/\/grupogestorbcn.com\/en\/privacy-policy\/","og_site_name":"Grupo Gestor BCN","article_publisher":"https:\/\/www.facebook.com\/grupogestorbcn\/","article_modified_time":"2016-06-16T08:15:44+00:00","twitter_card":"summary","twitter_misc":{"Est. reading time":"3 minutes"},"schema":{"@context":"https:\/\/schema.org","@graph":[{"@type":"WebSite","@id":"https:\/\/grupogestorbcn.com\/#website","url":"https:\/\/grupogestorbcn.com\/","name":"Grupo Gestor BCN","description":"Asesor\u00eda especialista en materia contable, fiscal, laboral y mercantil en Barcelona","potentialAction":[{"@type":"SearchAction","target":{"@type":"EntryPoint","urlTemplate":"https:\/\/grupogestorbcn.com\/?s={search_term_string}"},"query-input":"required name=search_term_string"}],"inLanguage":"en-US"},{"@type":"WebPage","@id":"https:\/\/grupogestorbcn.com\/en\/privacy-policy\/#webpage","url":"https:\/\/grupogestorbcn.com\/en\/privacy-policy\/","name":"Privacy Policy - Grupo Gestor BCN - Asesor\u00eda especialista en materia contable, fiscal, laboral y mercantil en Barcelona","isPartOf":{"@id":"https:\/\/grupogestorbcn.com\/#website"},"datePublished":"2016-03-22T03:04:12+00:00","dateModified":"2016-06-16T08:15:44+00:00","breadcrumb":{"@id":"https:\/\/grupogestorbcn.com\/en\/privacy-policy\/#breadcrumb"},"inLanguage":"en-US","potentialAction":[{"@type":"ReadAction","target":["https:\/\/grupogestorbcn.com\/en\/privacy-policy\/"]}]},{"@type":"BreadcrumbList","@id":"https:\/\/grupogestorbcn.com\/en\/privacy-policy\/#breadcrumb","itemListElement":[{"@type":"ListItem","position":1,"name":"Portada","item":"https:\/\/grupogestorbcn.com\/en\/"},{"@type":"ListItem","position":2,"name":"Privacy Policy"}]}]}},"_links":{"self":[{"href":"https:\/\/grupogestorbcn.com\/en\/wp-json\/wp\/v2\/pages\/463"}],"collection":[{"href":"https:\/\/grupogestorbcn.com\/en\/wp-json\/wp\/v2\/pages"}],"about":[{"href":"https:\/\/grupogestorbcn.com\/en\/wp-json\/wp\/v2\/types\/page"}],"author":[{"embeddable":true,"href":"https:\/\/grupogestorbcn.com\/en\/wp-json\/wp\/v2\/users\/1"}],"replies":[{"embeddable":true,"href":"https:\/\/grupogestorbcn.com\/en\/wp-json\/wp\/v2\/comments?post=463"}],"version-history":[{"count":2,"href":"https:\/\/grupogestorbcn.com\/en\/wp-json\/wp\/v2\/pages\/463\/revisions"}],"predecessor-version":[{"id":465,"href":"https:\/\/grupogestorbcn.com\/en\/wp-json\/wp\/v2\/pages\/463\/revisions\/465"}],"wp:attachment":[{"href":"https:\/\/grupogestorbcn.com\/en\/wp-json\/wp\/v2\/media?parent=463"}],"curies":[{"name":"wp","href":"https:\/\/api.w.org\/{rel}","templated":true}]}}